{"id":100,"date":"2016-05-19T17:24:16","date_gmt":"2016-05-19T15:24:16","guid":{"rendered":"http:\/\/k-stz.beebox.de\/cms\/?page_id=100"},"modified":"2018-03-21T12:17:41","modified_gmt":"2018-03-21T11:17:41","slug":"darmkrebs","status":"publish","type":"page","link":"https:\/\/www.stz-fr.de\/cms\/behandlungsangebot\/strahlentherapie-krebserkrankung\/darmkrebs\/","title":{"rendered":"Darmkrebs"},"content":{"rendered":"<p>[et_pb_section bb_built=&#8220;1&#8243; fullwidth=&#8220;on&#8220; specialty=&#8220;off&#8220; next_background_color=&#8220;#ffffff&#8220;][et_pb_fullwidth_slider show_arrows=&#8220;on&#8220; show_pagination=&#8220;on&#8220; auto=&#8220;off&#8220; auto_ignore_hover=&#8220;off&#8220; parallax=&#8220;off&#8220; parallax_method=&#8220;off&#8220; remove_inner_shadow=&#8220;off&#8220; background_position=&#8220;default&#8220; background_size=&#8220;default&#8220; hide_content_on_mobile=&#8220;off&#8220; hide_cta_on_mobile=&#8220;off&#8220; show_image_video_mobile=&#8220;off&#8220; custom_button=&#8220;off&#8220; button_letter_spacing=&#8220;0&#8243; button_use_icon=&#8220;default&#8220; button_icon_placement=&#8220;right&#8220; button_on_hover=&#8220;on&#8220; button_letter_spacing_hover=&#8220;0&#8243; module_id=&#8220;bbxTopmotiv400&#8243; custom_padding=&#8220;|||&#8220; custom_padding_tablet=&#8220;|||&#8220; custom_padding_phone=&#8220;|||&#8220; show_inner_shadow=&#8220;on&#8220; show_content_on_mobile=&#8220;on&#8220; show_cta_on_mobile=&#8220;on&#8220; box_shadow_horizontal=&#8220;0px&#8220; box_shadow_vertical=&#8220;0px&#8220; box_shadow_blur=&#8220;10px&#8220; box_shadow_spread=&#8220;0px&#8220; box_shadow_position=&#8220;inner&#8220; box_shadow_color=&#8220;rgba(0,0,0,0.1)&#8220; box_shadow_style=&#8220;preset6&#8243;][et_pb_slide background_image=&#8220;https:\/\/www.stz-fr.de\/cms\/wp-content\/uploads\/2016\/05\/Top-Motiv-1500&#215;500-Darm.jpg&#8220; background_position=&#8220;default&#8220; background_size=&#8220;default&#8220; background_color=&#8220;#ffffff&#8220; use_bg_overlay=&#8220;off&#8220; use_text_overlay=&#8220;off&#8220; alignment=&#8220;center&#8220; background_layout=&#8220;dark&#8220; allow_player_pause=&#8220;off&#8220; text_border_radius=&#8220;3&#8243; header_font_select=&#8220;default&#8220; header_font=&#8220;||||&#8220; body_font_select=&#8220;default&#8220; body_font=&#8220;||||&#8220; custom_button=&#8220;off&#8220; button_font_select=&#8220;default&#8220; button_font=&#8220;||||&#8220; button_use_icon=&#8220;default&#8220; button_icon_placement=&#8220;right&#8220; button_on_hover=&#8220;on&#8220;] [\/et_pb_slide][\/et_pb_fullwidth_slider][\/et_pb_section][et_pb_section bb_built=&#8220;1&#8243; fullwidth=&#8220;off&#8220; specialty=&#8220;off&#8220; transparent_background=&#8220;off&#8220; background_color=&#8220;#ffffff&#8220; allow_player_pause=&#8220;off&#8220; inner_shadow=&#8220;off&#8220; parallax=&#8220;off&#8220; parallax_method=&#8220;off&#8220; padding_mobile=&#8220;off&#8220; make_fullwidth=&#8220;off&#8220; use_custom_width=&#8220;off&#8220; width_unit=&#8220;on&#8220; make_equal=&#8220;off&#8220; use_custom_gutter=&#8220;off&#8220; custom_padding_tablet=&#8220;50px|0|50px|0&#8243; custom_padding_last_edited=&#8220;on|desktop&#8220; prev_background_color=&#8220;#FFFFFF&#8220; next_background_color=&#8220;#50a500&#8243;][et_pb_row make_fullwidth=&#8220;off&#8220; use_custom_width=&#8220;off&#8220; width_unit=&#8220;on&#8220; use_custom_gutter=&#8220;off&#8220; padding_mobile=&#8220;off&#8220; allow_player_pause=&#8220;off&#8220; parallax=&#8220;off&#8220; parallax_method=&#8220;off&#8220; make_equal=&#8220;off&#8220; parallax_1=&#8220;off&#8220; parallax_method_1=&#8220;off&#8220; parallax_2=&#8220;off&#8220; parallax_method_2=&#8220;off&#8220; column_padding_mobile=&#8220;on&#8220; background_position=&#8220;top_left&#8220; background_repeat=&#8220;repeat&#8220; background_size=&#8220;initial&#8220;][et_pb_column type=&#8220;4_4&#8243;][et_pb_text admin_label=&#8220;Headline DARMKREBS&#8220; background_layout=&#8220;light&#8220; use_border_color=&#8220;off&#8220; background_position=&#8220;top_left&#8220; background_repeat=&#8220;repeat&#8220; background_size=&#8220;initial&#8220; _builder_version=&#8220;3.0.106&#8243;]<\/p>\n<h1><span style=\"color: #50a000;\">STRAHLENTHERAPIE BEI DARMKREBS<\/span><\/h1>\n<h4><span style=\"color: #50a000;\">ENDDARMKREBS UND ANALKARZINOM<\/span><\/h4>\n<p>[\/et_pb_text][et_pb_text admin_label=&#8220;Headline Tumore in Bauch und Beckenraum&#8220; background_layout=&#8220;light&#8220; use_border_color=&#8220;off&#8220; background_position=&#8220;top_left&#8220; background_repeat=&#8220;repeat&#8220; background_size=&#8220;initial&#8220; _builder_version=&#8220;3.0.106&#8243; disabled_on=&#8220;on|on|on&#8220; disabled=&#8220;on&#8220;]<\/p>\n<h1><span style=\"color: #50a000;\">STRAHLENTHERAPIE BEI KREBS IN BAUCH- UND BECKENRAUM<\/span><\/h1>\n<h4><span style=\"color: #50a000;\">ENDDARMKREBS UND ANALKARZINOM<\/span><\/h4>\n<p>[\/et_pb_text][\/et_pb_column][\/et_pb_row][et_pb_row make_fullwidth=&#8220;off&#8220; use_custom_width=&#8220;off&#8220; width_unit=&#8220;on&#8220; use_custom_gutter=&#8220;off&#8220; padding_mobile=&#8220;off&#8220; allow_player_pause=&#8220;off&#8220; parallax=&#8220;off&#8220; parallax_method=&#8220;off&#8220; make_equal=&#8220;off&#8220; parallax_1=&#8220;off&#8220; parallax_method_1=&#8220;off&#8220; parallax_2=&#8220;off&#8220; parallax_method_2=&#8220;off&#8220; column_padding_mobile=&#8220;on&#8220; background_position=&#8220;top_left&#8220; background_repeat=&#8220;repeat&#8220; background_size=&#8220;initial&#8220;][et_pb_column type=&#8220;4_4&#8243;][et_pb_text admin_label=&#8220;Text Intro&#8220; background_layout=&#8220;light&#8220; use_border_color=&#8220;off&#8220; background_position=&#8220;top_left&#8220; background_repeat=&#8220;repeat&#8220; background_size=&#8220;initial&#8220; _builder_version=&#8220;3.0.106&#8243;]<\/p>\n<p>Die Strahlentherapie im Darmbereich wird vornehmlich bei Tumoren im Enddarm (Rektum) oder am After (Anus) eingesetzt.<\/p>\n<p>Die Strahlentherapie wird in Kombination mit Chemotherapie beim fortgeschrittenen Analkarzinom meist als alleiniges Behandlungskonzept, in Abh\u00e4ngigkeit von Gr\u00f6\u00dfe, Lage und Histologie des Tumors, mit sehr guten Erfolgsaussichten eingesetzt. Die Bestrahlung des Enddarms (Rektum) in Kombination mit Chemotherapie wird meistens vor einer Operation (Entfernung des erkrankten Darmabschnittes) durchgef\u00fchrt und ist ein wichtiger Behandlungsbestandteil und damit ma\u00dfgeblich daran beteiligt, die Chance auf dauerhafte Heilung und Erhalt des Darmausganges zu verbessern.<\/p>\n<p>[\/et_pb_text][et_pb_text admin_label=&#8220;Text Intro Alt&#8220; background_layout=&#8220;light&#8220; use_border_color=&#8220;off&#8220; background_position=&#8220;top_left&#8220; background_repeat=&#8220;repeat&#8220; background_size=&#8220;initial&#8220; _builder_version=&#8220;3.0.106&#8243; disabled_on=&#8220;on|on|on&#8220; disabled=&#8220;on&#8220;]<\/p>\n<p><strong>Alter Text:<\/strong> Bei Darmkrebs wird die Strahlentherapie vornehmlich bei Tumoren im Mastdarm (Rektum) eingesetzt. Die Strahlentherapie ist \u2013 neben der Chemotherapie und der Operation \u2013 eine der drei S\u00e4ulen des Behandlungskonzepts bei Darmkrebs und ist damit ma\u00dfgeblich daran beteiligt, die Chance auf dauerhafte Heilung zu verbessern. Neben Lebens- und Ern\u00e4hrungsgewohnheiten sind insbesondere genetische Faktoren Ursache zur Entstehung von Darmkrebs. In Deutschland erkranken jedes Jahr fast 63.000 Menschen an Darmkrebs, rund 26.000 sterben daran. Dabei sind Frauen wie M\u00e4nner gleicherma\u00dfen betroffen. Bei beiden rangiert Darmkrebs an zweiter Stelle, zusammengenommen ist sie sogar die h\u00e4ufigste Krebsform in Deutschland. Bei fr\u00fchzeitiger Erkennung ist Darmkrebs jedoch in den meisten F\u00e4llen heilbar.<\/p>\n<p>[\/et_pb_text][et_pb_divider _builder_version=&#8220;3.0.106&#8243; height=&#8220;40px&#8220; \/][\/et_pb_column][\/et_pb_row][et_pb_row make_fullwidth=&#8220;off&#8220; use_custom_width=&#8220;off&#8220; width_unit=&#8220;on&#8220; use_custom_gutter=&#8220;off&#8220; padding_mobile=&#8220;off&#8220; allow_player_pause=&#8220;off&#8220; parallax=&#8220;off&#8220; parallax_method=&#8220;off&#8220; make_equal=&#8220;off&#8220; parallax_1=&#8220;off&#8220; parallax_method_1=&#8220;off&#8220; parallax_2=&#8220;off&#8220; parallax_method_2=&#8220;off&#8220; column_padding_mobile=&#8220;on&#8220; parallax_3=&#8220;off&#8220; parallax_method_3=&#8220;off&#8220; custom_padding=&#8220;0px|||&#8220; background_position=&#8220;top_left&#8220; background_repeat=&#8220;repeat&#8220; background_size=&#8220;initial&#8220;][et_pb_column type=&#8220;1_3&#8243;][et_pb_image admin_label=&#8220;Grafik Darm&#8220; src=&#8220;https:\/\/www.stz-fr.de\/cms\/wp-content\/uploads\/2016\/06\/Motiv-Content-Darmgrafik-800&#215;600.jpg&#8220; show_in_lightbox=&#8220;on&#8220; url_new_window=&#8220;off&#8220; use_overlay=&#8220;on&#8220; align=&#8220;left&#8220; force_fullwidth=&#8220;off&#8220; always_center_on_mobile=&#8220;on&#8220; use_border_color=&#8220;on&#8220; title_text=&#8220;Darmkrebs&#8220; overlay_icon_color=&#8220;#ffffff&#8220; hover_overlay_color=&#8220;rgba(80,165,0,0.6)&#8220; hover_icon=&#8220;%%51%%&#8220; show_bottom_space=&#8220;off&#8220; border_color_all=&#8220;rgba(20,35,0,0.32)&#8220; _builder_version=&#8220;3.0.106&#8243; border_width_all=&#8220;1px&#8220; \/][\/et_pb_column][et_pb_column type=&#8220;2_3&#8243;][et_pb_text admin_label=&#8220;Text Warum wird bestrahlt?&#8220; background_layout=&#8220;light&#8220; use_border_color=&#8220;off&#8220; background_position=&#8220;top_left&#8220; background_repeat=&#8220;repeat&#8220; background_size=&#8220;initial&#8220; _builder_version=&#8220;3.0.106&#8243;]<\/p>\n<h5><strong>Warum wird bestrahlt?<\/strong><\/h5>\n<p>Bei Enddarmkrebs ist die Strahlentherapie innerhalb eines Behandlungskonzepts eine vorbereitende (neoadjuvante) Ma\u00dfnahme fu\u0308r die nachfolgende Operation. Durch die Bestrahlung \u2013 meist in Kombination mit einer Chemotherapie \u2013 wird der Tumor zun\u00e4chst verkleinert, wodurch der chirurgische Eingriff deutlich erleichtert wird. Damit kann bei g\u00fcnstigem Tumorsitz in der Regel ein Verlust des Darmausganges und eine Inkontinenz vermieden werden.<\/p>\n<p>Beim Analkarzinom wird durch die Strahlentherapie in Kombination mit Chemotherapie meist eine komplette R\u00fcckbildung des Tumors erreicht, eine Operation ist dann, in Abh\u00e4ngigkeit von der Histologie, normalerweise nicht notwendig.<\/p>\n<p>[\/et_pb_text][et_pb_text admin_label=&#8220;Text Wie wird behandelt?&#8220; background_layout=&#8220;light&#8220; use_border_color=&#8220;off&#8220; background_position=&#8220;top_left&#8220; background_repeat=&#8220;repeat&#8220; background_size=&#8220;initial&#8220; _builder_version=&#8220;3.0.106&#8243;]<\/p>\n<h5 style=\"text-align: left;\"><strong>Wie wird behandelt?<\/strong><\/h5>\n<p>Je nach Diagnose und Stadium des Tumors bieten wir zwei hochmoderne Strahlentherapiekonzepte zur Behandlung von Rektum und Analkarzinom:<\/p>\n<p><strong>Beim Rektumkarzinom:<\/strong> <br \/>\n &#8211; Langzeitbehandlung \u00fcber ca. 5 Wochen kombiniert mit einer Chemotherapie (neoadjuvante Radiochemotherapie) <br \/>\n &#8211; Strahlentherapeutische Kurzeitbehandlung \u00fcber eine Woche ohne begleitende Chemotherapie<\/p>\n<p><strong>Beim Analkarzinom:<\/strong> <br \/>\n Definitve Radiochemotherapie im Sinne einer Bestrahlung \u00fcber ca. 6 Wochen mit einer begleitenden Chemotherapie in Woche 1 und 5<\/p>\n<p>[\/et_pb_text][et_pb_text admin_label=&#8220;Text Gibt es Nebenwirkungen?&#8220; background_layout=&#8220;light&#8220; use_border_color=&#8220;off&#8220; background_position=&#8220;top_left&#8220; background_repeat=&#8220;repeat&#8220; background_size=&#8220;initial&#8220; _builder_version=&#8220;3.0.106&#8243;]<\/p>\n<h5><strong>Gibt es Nebenwirkungen?<\/strong><\/h5>\n<p style=\"text-align: left;\">Durch die Bestrahlung wird die Haut gereizt, wodurch es an der behandelten Stelle zu einer unterschiedlich starken Hautr\u00f6tung kommt, auch oberfl\u00e4chliche Hautl\u00e4sionen sind zu beobachten. Auch kann es w\u00e4hrend der Behandlung zu Durchfall, Schleimhautreizung oder vermehrtem Harndrang kommen. Diese Beschwerden klingen normalerweise innerhalb weniger Wochen nach Ende der Bestrahlung wieder ab. Sollten dauerhafte Nebenwirkungen auftreten \u2013 was jedoch sehr selten ist \u2013, so handelt es sich in erster Linie um entz\u00fcndliche Ver\u00e4nderungen des Darms, des Schlie\u00dfmuskels oder der Harnblase.<\/p>\n<p>[spacer height=&#8220;50px&#8220;] [\/et_pb_text][\/et_pb_column][\/et_pb_row][\/et_pb_section][et_pb_section bb_built=&#8220;1&#8243; fullwidth=&#8220;off&#8220; specialty=&#8220;off&#8220; transparent_background=&#8220;off&#8220; background_color=&#8220;#50a500&#8243; allow_player_pause=&#8220;off&#8220; inner_shadow=&#8220;off&#8220; parallax=&#8220;off&#8220; parallax_method=&#8220;off&#8220; padding_mobile=&#8220;off&#8220; make_fullwidth=&#8220;off&#8220; use_custom_width=&#8220;off&#8220; width_unit=&#8220;on&#8220; make_equal=&#8220;off&#8220; use_custom_gutter=&#8220;off&#8220; background_image=&#8220;https:\/\/www.stz-fr.de\/cms\/wp-content\/uploads\/2016\/06\/Top-Motiv-1500&#215;500-Green-4.jpg&#8220; custom_padding_tablet=&#8220;50px|0|50px|0&#8243; custom_padding_last_edited=&#8220;on|desktop&#8220; prev_background_color=&#8220;#ffffff&#8220; next_background_color=&#8220;#ffffff&#8220;][et_pb_row make_fullwidth=&#8220;off&#8220; use_custom_width=&#8220;off&#8220; width_unit=&#8220;on&#8220; use_custom_gutter=&#8220;off&#8220; padding_mobile=&#8220;off&#8220; allow_player_pause=&#8220;off&#8220; parallax=&#8220;off&#8220; parallax_method=&#8220;off&#8220; make_equal=&#8220;off&#8220; parallax_1=&#8220;off&#8220; parallax_method_1=&#8220;off&#8220; column_padding_mobile=&#8220;on&#8220; background_position=&#8220;top_left&#8220; background_repeat=&#8220;repeat&#8220; background_size=&#8220;initial&#8220;][et_pb_column type=&#8220;1_3&#8243;][et_pb_text background_layout=&#8220;dark&#8220; text_orientation=&#8220;left&#8220; use_border_color=&#8220;off&#8220; border_color=&#8220;#dddddd&#8220; border_style=&#8220;solid&#8220; background_position=&#8220;top_left&#8220; background_repeat=&#8220;repeat&#8220; background_size=&#8220;initial&#8220;]<\/p>\n<h3>ABLAUF EINER STRAHLENTHERAPIE BEI DARMKREBS<\/h3>\n<p>[\/et_pb_text][\/et_pb_column][et_pb_column type=&#8220;2_3&#8243;][et_pb_text background_layout=&#8220;dark&#8220; use_border_color=&#8220;off&#8220; background_position=&#8220;top_left&#8220; background_repeat=&#8220;repeat&#8220; background_size=&#8220;initial&#8220; _builder_version=&#8220;3.0.106&#8243;]<\/p>\n<p style=\"text-align: left;\"><strong>Die Planung der geeigneten Therapie erfolgt in enger Zusammenarbeit mit den Onkologen in Krankenhaus und Praxis. In regelm\u00e4\u00dfigen gemeinsamen Tumor-Konferenzen werden alle wesentlichen Befunde (z. B. CT-Bilder, Laborwerte, Histologie-Befunde) er\u00f6rtert, um dann die Therapie individuell f\u00fcr jeden Patienten festzulegen. Die Bestrahlungsbehandlung erstreckt sich in der Regel \u00fcber mehrere Wochen und ist abh\u00e4ngig von der jeweiligen Tumor-Konstellation.<\/strong><\/p>\n<p>[\/et_pb_text][\/et_pb_column][\/et_pb_row][\/et_pb_section][et_pb_section bb_built=&#8220;1&#8243; fullwidth=&#8220;off&#8220; specialty=&#8220;off&#8220; transparent_background=&#8220;off&#8220; background_color=&#8220;#ffffff&#8220; allow_player_pause=&#8220;off&#8220; inner_shadow=&#8220;off&#8220; parallax=&#8220;off&#8220; parallax_method=&#8220;off&#8220; custom_padding=&#8220;0px|||&#8220; padding_mobile=&#8220;off&#8220; make_fullwidth=&#8220;off&#8220; use_custom_width=&#8220;off&#8220; width_unit=&#8220;on&#8220; make_equal=&#8220;off&#8220; use_custom_gutter=&#8220;off&#8220; custom_padding_tablet=&#8220;50px|0|50px|0&#8243; custom_padding_last_edited=&#8220;on|desktop&#8220; prev_background_color=&#8220;#50a500&#8243;][et_pb_row make_fullwidth=&#8220;off&#8220; use_custom_width=&#8220;off&#8220; width_unit=&#8220;on&#8220; use_custom_gutter=&#8220;off&#8220; padding_mobile=&#8220;off&#8220; allow_player_pause=&#8220;off&#8220; parallax=&#8220;off&#8220; parallax_method=&#8220;off&#8220; make_equal=&#8220;off&#8220; parallax_1=&#8220;off&#8220; parallax_method_1=&#8220;off&#8220; parallax_2=&#8220;off&#8220; parallax_method_2=&#8220;off&#8220; column_padding_mobile=&#8220;on&#8220; background_position=&#8220;top_left&#8220; background_repeat=&#8220;repeat&#8220; background_size=&#8220;initial&#8220;][et_pb_column type=&#8220;1_3&#8243;][et_pb_text admin_label=&#8220;Text Vorbereitung&#8220; background_layout=&#8220;light&#8220; use_border_color=&#8220;off&#8220; background_position=&#8220;top_left&#8220; background_repeat=&#8220;repeat&#8220; background_size=&#8220;initial&#8220; _builder_version=&#8220;3.0.106&#8243;]<\/p>\n<h5><strong>Vorbereitung<\/strong><\/h5>\n<p>W\u00e4hrend der Therapie sollte eine Di\u00e4t eingehalten werden, um eine zus\u00e4tzliche Reizung der Darmschleimhaut und vermehrte Bl\u00e4hungen zu vermeiden. F\u00fcr die CT-Aufnahme und die Behandlungen bitten wir Sie, ein gro\u00dfes Handtuch mitzubringen. Von Kassenversicherten ben\u00f6tigen wir den \u00dcberweisungsschein und die Versicherungskarte.<\/p>\n<p>[\/et_pb_text][et_pb_image src=&#8220;https:\/\/www.stz-fr.de\/cms\/wp-content\/uploads\/2017\/05\/Motiv-Content-800&#215;600-ArztGespraech2.jpg&#8220; show_in_lightbox=&#8220;off&#8220; url_new_window=&#8220;off&#8220; use_overlay=&#8220;off&#8220; animation=&#8220;off&#8220; sticky=&#8220;on&#8220; align=&#8220;left&#8220; force_fullwidth=&#8220;off&#8220; always_center_on_mobile=&#8220;on&#8220; use_border_color=&#8220;off&#8220; border_color=&#8220;#ffffff&#8220; border_style=&#8220;solid&#8220; animation_style=&#8220;none&#8220; animation_duration=&#8220;1000ms&#8220; animation_intensity_slide=&#8220;50%&#8220; show_bottom_space=&#8220;off&#8220; \/][\/et_pb_column][et_pb_column type=&#8220;2_3&#8243;][et_pb_text background_layout=&#8220;light&#8220; use_border_color=&#8220;off&#8220; background_position=&#8220;top_left&#8220; background_repeat=&#8220;repeat&#8220; background_size=&#8220;initial&#8220; _builder_version=&#8220;3.0.106&#8243;]<\/p>\n<h5 style=\"text-align: justify;\"><strong>1. Erster Kontakt<\/strong><\/h5>\n<p style=\"text-align: left;\">Der erste Kontakt dient dem Kennenlernen. Dabei werden Ihre Krankengeschichte und der Behandlungsplan ausf\u00fchrlich mit Ihnen besprochen. Nat\u00fcrlich steht Ihnen Ihr Arzt bzw. Ihre \u00c4rztin f\u00fcr alle offenen Fragen zur Verf\u00fcgung. Sollten weitere Untersuchungen notwendig sein, k\u00fcmmern wir uns um Ihre Termine.<\/p>\n<h5 style=\"text-align: left;\"><strong>2. CT-Untersuchung zur Bestrahlungsplanung<\/strong><\/h5>\n<p style=\"text-align: left;\">Beim zweiten Termin wird zur Planung der Therapie eine CT-Aufnahme (Computertomographie) angefertigt. Dabei werden Sie mit speziellen Kissen und Lagerungshilfen exakt so gelagert, wie dies sp\u00e4ter auch bei der Bestrahlung notwendig ist. Entsprechende Markierungen, f\u00fcr die Reproduzierbarkeit der Lagerung, werden auf die Haut aufgemalt und mit wasserdichtem Pflaster fixiert. Auf Basis dieser CT-Aufnahme erstellen die \u00c4rzte und Medizinphysiker dann den Therapieplan f\u00fcr das eigentliche Behandlungsger\u00e4t einer jeden Strahlentherapie, den sogenannten Linearbeschleuniger.<\/p>\n<h5 style=\"text-align: left;\"><strong>3. Erstellung<\/strong><\/h5>\n<p style=\"text-align: left;\">Bei der Ersteinstellung werden alle Parameter und Bestrahlungsfelder nochmals kontrolliert und mittels CT-Aufnahmen verifiziert. Der Zeitaufwand ist daher h\u00f6her als bei den folgenden Bestrahlungssitzungen.<\/p>\n<h5 style=\"text-align: left;\"><strong>4. Bestrahlungsbehandlung<\/strong><\/h5>\n<p style=\"text-align: left;\">Bei der <strong>Langzeittherapie<\/strong> (neoadjuvante Radiochemotherapie) beim Rektumkarzinom und auch bei der definitiven Radiochemotherapie des Analkarzinoms werden in der Regel 28 Termine \u00fcber einen Zeitraum von 5 bis 6 Wochen geplant.<\/p>\n<p style=\"text-align: left;\">Bei der <strong>Kurzzeittherapie<\/strong> des Rektumkarzinoms werden 5 aufeinanderfolgende Termine vereinbart.<\/p>\n<p style=\"text-align: left;\">Die Bestrahlungssitzungen dauern jeweils 5 bis 10 Minuten. <br \/>\n Mindestens einmal pro Woche \u2013 bei Bedarf auch h\u00e4ufiger \u2013 bespricht die \u00c4rztin oder der Arzt mit Ihnen den Therapieverlauf. Zus\u00e4tzlich behandelt unser Fachpflegepersonal m\u00f6gliche Hautreaktionen und ber\u00e4t bei der optimalen Hautpflege w\u00e4hrend der Strahlentherapie.<\/p>\n<h5 style=\"text-align: left;\"><strong>5. Abschluss der Behandlung<\/strong><\/h5>\n<p style=\"text-align: left;\">Beim Abschluss der Behandlung wird neben der k\u00f6rperlichen Untersuchung im Arztgespr\u00e4ch gekl\u00e4rt, ob zus\u00e4tzliche Nachsorgeuntersuchungen bzw. Rehabilitationsma\u00dfnahmen sinnvoll sind. So ist auch Ihre weitere Betreuung und Nachsorge gesichert.<\/p>\n<p style=\"text-align: justify;\">[spacer height=&#8220;50px&#8220;] [\/et_pb_text][\/et_pb_column][\/et_pb_row][\/et_pb_section]<\/p>\n","protected":false},"excerpt":{"rendered":"<p>STRAHLENTHERAPIE BEI DARMKREBS ENDDARMKREBS UND ANALKARZINOM STRAHLENTHERAPIE BEI KREBS IN BAUCH- UND BECKENRAUM ENDDARMKREBS UND ANALKARZINOM Die Strahlentherapie im Darmbereich wird vornehmlich bei Tumoren im Enddarm (Rektum) oder am After (Anus) eingesetzt. Die Strahlentherapie wird in Kombination mit Chemotherapie beim fortgeschrittenen Analkarzinom meist als alleiniges Behandlungskonzept, in Abh\u00e4ngigkeit von Gr\u00f6\u00dfe, Lage und Histologie des Tumors, [&hellip;]<\/p>\n","protected":false},"author":1,"featured_media":0,"parent":65,"menu_order":14,"comment_status":"closed","ping_status":"closed","template":"","meta":{"_et_pb_use_builder":"on","_et_pb_old_content":"","_et_gb_content_width":"","footnotes":""},"class_list":["post-100","page","type-page","status-publish","hentry"],"_links":{"self":[{"href":"https:\/\/www.stz-fr.de\/cms\/wp-json\/wp\/v2\/pages\/100","targetHints":{"allow":["GET"]}}],"collection":[{"href":"https:\/\/www.stz-fr.de\/cms\/wp-json\/wp\/v2\/pages"}],"about":[{"href":"https:\/\/www.stz-fr.de\/cms\/wp-json\/wp\/v2\/types\/page"}],"author":[{"embeddable":true,"href":"https:\/\/www.stz-fr.de\/cms\/wp-json\/wp\/v2\/users\/1"}],"replies":[{"embeddable":true,"href":"https:\/\/www.stz-fr.de\/cms\/wp-json\/wp\/v2\/comments?post=100"}],"version-history":[{"count":0,"href":"https:\/\/www.stz-fr.de\/cms\/wp-json\/wp\/v2\/pages\/100\/revisions"}],"up":[{"embeddable":true,"href":"https:\/\/www.stz-fr.de\/cms\/wp-json\/wp\/v2\/pages\/65"}],"wp:attachment":[{"href":"https:\/\/www.stz-fr.de\/cms\/wp-json\/wp\/v2\/media?parent=100"}],"curies":[{"name":"wp","href":"https:\/\/api.w.org\/{rel}","templated":true}]}}