{"id":113,"date":"2016-05-19T18:45:54","date_gmt":"2016-05-19T16:45:54","guid":{"rendered":"http:\/\/k-stz.beebox.de\/cms\/?page_id=113"},"modified":"2018-03-20T16:44:59","modified_gmt":"2018-03-20T15:44:59","slug":"hirntumore","status":"publish","type":"page","link":"https:\/\/www.stz-fr.de\/cms\/behandlungsangebot\/strahlentherapie-krebserkrankung\/hirntumore\/","title":{"rendered":"Hirntumore"},"content":{"rendered":"<p>[et_pb_section bb_built=&#8220;1&#8243; fullwidth=&#8220;on&#8220; specialty=&#8220;off&#8220; next_background_color=&#8220;#ffffff&#8220;][et_pb_fullwidth_slider show_arrows=&#8220;on&#8220; show_pagination=&#8220;on&#8220; auto=&#8220;off&#8220; auto_ignore_hover=&#8220;off&#8220; parallax=&#8220;off&#8220; parallax_method=&#8220;off&#8220; remove_inner_shadow=&#8220;off&#8220; background_position=&#8220;default&#8220; background_size=&#8220;default&#8220; hide_content_on_mobile=&#8220;off&#8220; hide_cta_on_mobile=&#8220;off&#8220; show_image_video_mobile=&#8220;off&#8220; custom_button=&#8220;off&#8220; button_letter_spacing=&#8220;0&#8243; button_use_icon=&#8220;default&#8220; button_icon_placement=&#8220;right&#8220; button_on_hover=&#8220;on&#8220; button_letter_spacing_hover=&#8220;0&#8243; module_id=&#8220;bbxTopmotiv400&#8243; custom_padding=&#8220;|||&#8220; custom_padding_tablet=&#8220;|||&#8220; custom_padding_phone=&#8220;|||&#8220; show_inner_shadow=&#8220;on&#8220; show_content_on_mobile=&#8220;on&#8220; show_cta_on_mobile=&#8220;on&#8220; box_shadow_horizontal=&#8220;0px&#8220; box_shadow_vertical=&#8220;0px&#8220; box_shadow_blur=&#8220;10px&#8220; box_shadow_spread=&#8220;0px&#8220; box_shadow_position=&#8220;inner&#8220; box_shadow_color=&#8220;rgba(0,0,0,0.1)&#8220; box_shadow_style=&#8220;preset6&#8243;][et_pb_slide background_image=&#8220;https:\/\/www.stz-fr.de\/cms\/wp-content\/uploads\/2016\/05\/Top-Motiv-1500&#215;500-Hirn.jpg&#8220; background_position=&#8220;default&#8220; background_size=&#8220;default&#8220; background_color=&#8220;#ffffff&#8220; use_bg_overlay=&#8220;off&#8220; use_text_overlay=&#8220;off&#8220; alignment=&#8220;center&#8220; background_layout=&#8220;dark&#8220; allow_player_pause=&#8220;off&#8220; text_border_radius=&#8220;3&#8243; header_font_select=&#8220;default&#8220; header_font=&#8220;||||&#8220; body_font_select=&#8220;default&#8220; body_font=&#8220;||||&#8220; custom_button=&#8220;off&#8220; button_font_select=&#8220;default&#8220; button_font=&#8220;||||&#8220; button_use_icon=&#8220;default&#8220; button_icon_placement=&#8220;right&#8220; button_on_hover=&#8220;on&#8220;] [\/et_pb_slide][\/et_pb_fullwidth_slider][\/et_pb_section][et_pb_section bb_built=&#8220;1&#8243; fullwidth=&#8220;off&#8220; specialty=&#8220;off&#8220; transparent_background=&#8220;off&#8220; background_color=&#8220;#ffffff&#8220; allow_player_pause=&#8220;off&#8220; inner_shadow=&#8220;off&#8220; parallax=&#8220;off&#8220; parallax_method=&#8220;off&#8220; padding_mobile=&#8220;off&#8220; make_fullwidth=&#8220;off&#8220; use_custom_width=&#8220;off&#8220; width_unit=&#8220;on&#8220; make_equal=&#8220;off&#8220; use_custom_gutter=&#8220;off&#8220; custom_padding_tablet=&#8220;50px|0|50px|0&#8243; custom_padding_last_edited=&#8220;on|desktop&#8220; prev_background_color=&#8220;#FFFFFF&#8220; next_background_color=&#8220;#50a500&#8243;][et_pb_row parallax_method=&#8220;off&#8220; parallax_method_1=&#8220;off&#8220; parallax_2=&#8220;off&#8220; parallax_method_2=&#8220;off&#8220; column_padding_mobile=&#8220;on&#8220; background_position=&#8220;top_left&#8220; background_repeat=&#8220;repeat&#8220; background_size=&#8220;initial&#8220; _builder_version=&#8220;3.0.106&#8243;][et_pb_column type=&#8220;4_4&#8243;][et_pb_text admin_label=&#8220;Headline HIRNTUMORE&#8220; background_layout=&#8220;light&#8220; use_border_color=&#8220;off&#8220; background_position=&#8220;top_left&#8220; background_repeat=&#8220;repeat&#8220; background_size=&#8220;initial&#8220; _builder_version=&#8220;3.0.106&#8243;]<\/p>\n<h1><span style=\"color: #50a000;\">STRAHLENTHERAPIE BEI HIRNTUMOREN<\/span><\/h1>\n<p style=\"text-align: left;\">\u00a0<\/p>\n<p>[\/et_pb_text][et_pb_text admin_label=&#8220;Inro-Text&#8220; background_layout=&#8220;light&#8220; use_border_color=&#8220;off&#8220; background_position=&#8220;top_left&#8220; background_repeat=&#8220;repeat&#8220; background_size=&#8220;initial&#8220; _builder_version=&#8220;3.0.106&#8243;]<\/p>\n<p>Es gibt gutartige Hirntumore, wie zum Beispiel Hypophysenadenome oder Meningeome, die meist operativ entfernt werden k\u00f6nnen. Desweiteren gibt es b\u00f6sartige prim\u00e4re Hirntumore wie zum Beispiel das Glioblastom und sogenannte Hirnmetasen, die Tochtergeschw\u00fclste von unterschiedlichen Krebsarten darstellen (Mammakarzinom, Bronchialkarzinom, malignes Melanom, Hypernephrom ect.). Nach der Operation erfolgt oft noch eine Strahlentherapie oder im Falle der Nichtoperabilit\u00e4t kann die Strahlentherapie als nicht-invasive alternative lokale Behandlungsmassnahme eingesetzt werden.<\/p>\n<p>[\/et_pb_text][et_pb_divider _builder_version=&#8220;3.0.106&#8243; disabled=&#8220;off&#8220; disabled_on=&#8220;on||&#8220; \/][\/et_pb_column][\/et_pb_row][et_pb_row make_fullwidth=&#8220;off&#8220; use_custom_width=&#8220;off&#8220; width_unit=&#8220;on&#8220; use_custom_gutter=&#8220;off&#8220; padding_mobile=&#8220;off&#8220; allow_player_pause=&#8220;off&#8220; parallax=&#8220;off&#8220; parallax_method=&#8220;off&#8220; make_equal=&#8220;off&#8220; parallax_1=&#8220;off&#8220; parallax_method_1=&#8220;off&#8220; parallax_2=&#8220;off&#8220; parallax_method_2=&#8220;off&#8220; column_padding_mobile=&#8220;on&#8220; parallax_3=&#8220;off&#8220; parallax_method_3=&#8220;off&#8220; custom_padding=&#8220;0px|||&#8220; background_position=&#8220;top_left&#8220; background_repeat=&#8220;repeat&#8220; background_size=&#8220;initial&#8220;][et_pb_column type=&#8220;1_3&#8243;][et_pb_image admin_label=&#8220;Icon Hirn&#8220; src=&#8220;https:\/\/www.stz-fr.de\/cms\/wp-content\/uploads\/2016\/06\/STZ-Bereich-Hirn-250&#215;250.png&#8220; show_in_lightbox=&#8220;off&#8220; url_new_window=&#8220;off&#8220; use_overlay=&#8220;off&#8220; align=&#8220;center&#8220; force_fullwidth=&#8220;off&#8220; always_center_on_mobile=&#8220;on&#8220; use_border_color=&#8220;off&#8220; show_bottom_space=&#8220;off&#8220; _builder_version=&#8220;3.0.106&#8243; disabled=&#8220;off&#8220; disabled_on=&#8220;on||&#8220; \/][\/et_pb_column][et_pb_column type=&#8220;2_3&#8243;][et_pb_divider _builder_version=&#8220;3.0.106&#8243; height=&#8220;35&#8243; disabled=&#8220;off&#8220; disabled_on=&#8220;on||&#8220; \/][et_pb_text admin_label=&#8220;Text Warum&#8220; background_layout=&#8220;light&#8220; use_border_color=&#8220;off&#8220; background_position=&#8220;top_left&#8220; background_repeat=&#8220;repeat&#8220; background_size=&#8220;initial&#8220; _builder_version=&#8220;3.0.106&#8243;]<\/p>\n<h5><strong>Warum wird bestrahlt?<\/strong><\/h5>\n<p>Bei Hirntumoren wird in der Regel vor oder nach einer Operation strahlentherapeutisch behandelt. Manche Hirntumore k\u00f6nnen jedoch nicht mehr sinnvoll operiert werden, da die dabei entstehenden Sch\u00e4den einfach zu gro\u00df w\u00e4ren. In solchen F\u00e4llen kommt die Bestrahlung statt einer Operation alleine zum Einsatz. Ziel ist es, den Hirntumor durch gezielte Bestrahlung zu zerst\u00f6ren und dabei m\u00f6glichst wenig gesundes Hirngewebe zu sch\u00e4digen.<\/p>\n<p>[\/et_pb_text][et_pb_divider _builder_version=&#8220;3.0.106&#8243; height=&#8220;20&#8243; disabled=&#8220;off&#8220; disabled_on=&#8220;on||&#8220; \/][\/et_pb_column][\/et_pb_row][et_pb_row make_fullwidth=&#8220;off&#8220; use_custom_width=&#8220;off&#8220; width_unit=&#8220;on&#8220; use_custom_gutter=&#8220;off&#8220; padding_mobile=&#8220;off&#8220; allow_player_pause=&#8220;off&#8220; parallax=&#8220;off&#8220; parallax_method=&#8220;off&#8220; make_equal=&#8220;off&#8220; parallax_1=&#8220;off&#8220; parallax_method_1=&#8220;off&#8220; parallax_2=&#8220;off&#8220; parallax_method_2=&#8220;off&#8220; column_padding_mobile=&#8220;on&#8220; parallax_3=&#8220;off&#8220; parallax_method_3=&#8220;off&#8220; custom_padding=&#8220;0px|||&#8220; background_position=&#8220;top_left&#8220; background_repeat=&#8220;repeat&#8220; background_size=&#8220;initial&#8220;][et_pb_column type=&#8220;1_3&#8243;][et_pb_image admin_label=&#8220;Bild &#8211; Netzmaske&#8220; src=&#8220;https:\/\/www.stz-fr.de\/cms\/wp-content\/uploads\/2016\/05\/Motiv-HNO-800&#215;600-Netzmaske.jpg&#8220; show_in_lightbox=&#8220;off&#8220; url_new_window=&#8220;off&#8220; use_overlay=&#8220;on&#8220; align=&#8220;left&#8220; force_fullwidth=&#8220;off&#8220; always_center_on_mobile=&#8220;on&#8220; use_border_color=&#8220;on&#8220; hover_overlay_color=&#8220;#50a500&#8243; hover_icon=&#8220;%%204%%&#8220; title_text=&#8220;HNO Netzmaske&#8220; overlay_icon_color=&#8220;#ffffff&#8220; show_bottom_space=&#8220;off&#8220; border_color_all=&#8220;#50a500&#8243; _builder_version=&#8220;3.0.106&#8243; \/][\/et_pb_column][et_pb_column type=&#8220;2_3&#8243;][et_pb_text admin_label=&#8220;Text Wie&#8220; background_layout=&#8220;light&#8220; use_border_color=&#8220;off&#8220; background_position=&#8220;top_left&#8220; background_repeat=&#8220;repeat&#8220; background_size=&#8220;initial&#8220; _builder_version=&#8220;3.0.106&#8243;]<\/p>\n<h5><strong>Wie wird behandelt?<\/strong><\/h5>\n<p>Die Bestrahlung erfolgt von au\u00dfen. Wichtig f\u00fcr die CT-Aufnahme und Bestrahlung von Hirn-Tumoren ist eine zuverl\u00e4ssige Fixierung von Kopf und Oberk\u00f6rper. Dazu dient eine speziell angepasste, thermoplastische Netzmaske, die weder Atmung noch Sinneswahrnehmung ma\u00dfgeblich beeintr\u00e4chtigt. Dauer der Behandlung und die jeweils ben\u00f6tigte Strahlendosis sind abh\u00e4ngig vom individuellen Befund.<\/p>\n<p>[\/et_pb_text][et_pb_divider _builder_version=&#8220;3.0.106&#8243; height=&#8220;20&#8243; disabled=&#8220;off&#8220; disabled_on=&#8220;on||&#8220; \/][et_pb_text admin_label=&#8220;Text Nebenwirkungen&#8220; background_layout=&#8220;light&#8220; use_border_color=&#8220;off&#8220; background_position=&#8220;top_left&#8220; background_repeat=&#8220;repeat&#8220; background_size=&#8220;initial&#8220; _builder_version=&#8220;3.0.106&#8243;]<\/p>\n<h5><strong>Gibt es Nebenwirkungen?<\/strong><\/h5>\n<p>Bei Hirnmetastasen wird meist das ganze Gehirn und damit der ganze Sch\u00e4del bestrahlt. Das f\u00fchrt dann zu einem vor\u00fcbergehenden Ausfall des gesamten Kopfhaares. Bei einzelnen Hirnmetastasen k\u00f6nnen aber auch nur die betreffenden Hirnareale mit einer relativ hohen Einzeldosis bestrahlt werden. Genauso wird bei einem prim\u00e4ren Hirntumor nur der betroffene Teil des Gehirns bestrahlt. Deshalb fallen die Haare auch nur da aus, wo die Strahlung in den Sch\u00e4del eintritt und wo sie wieder den Sch\u00e4del verl\u00e4sst.<\/p>\n<p>Nach dem Ende der Strahlentherapie dauert es eine gewisse Zeit, bis die Haare wieder anfangen zu wachsen. Nach Operation und Strahlentherapie tritt geh\u00e4uft M\u00fcdigkeit auf. Als Nebenwirkung kann es ebenfalls zu neurologischen St\u00f6rungen kommen.<\/p>\n<p>[\/et_pb_text][et_pb_divider _builder_version=&#8220;3.0.106&#8243; height=&#8220;50&#8243; disabled=&#8220;off&#8220; disabled_on=&#8220;on||&#8220; \/][\/et_pb_column][\/et_pb_row][\/et_pb_section][et_pb_section bb_built=&#8220;1&#8243; fullwidth=&#8220;off&#8220; specialty=&#8220;off&#8220; transparent_background=&#8220;off&#8220; background_color=&#8220;#50a500&#8243; allow_player_pause=&#8220;off&#8220; inner_shadow=&#8220;off&#8220; parallax=&#8220;off&#8220; parallax_method=&#8220;off&#8220; padding_mobile=&#8220;off&#8220; make_fullwidth=&#8220;off&#8220; use_custom_width=&#8220;off&#8220; width_unit=&#8220;on&#8220; make_equal=&#8220;off&#8220; use_custom_gutter=&#8220;off&#8220; background_image=&#8220;https:\/\/www.stz-fr.de\/cms\/wp-content\/uploads\/2016\/06\/Top-Motiv-1500&#215;500-Green-4.jpg&#8220; custom_padding_tablet=&#8220;50px|0|50px|0&#8243; custom_padding_last_edited=&#8220;on|desktop&#8220; prev_background_color=&#8220;#ffffff&#8220; next_background_color=&#8220;#ffffff&#8220;][et_pb_row make_fullwidth=&#8220;off&#8220; use_custom_width=&#8220;off&#8220; width_unit=&#8220;on&#8220; use_custom_gutter=&#8220;off&#8220; padding_mobile=&#8220;off&#8220; allow_player_pause=&#8220;off&#8220; parallax=&#8220;off&#8220; parallax_method=&#8220;off&#8220; make_equal=&#8220;off&#8220; parallax_1=&#8220;off&#8220; parallax_method_1=&#8220;off&#8220; column_padding_mobile=&#8220;on&#8220; background_position=&#8220;top_left&#8220; background_repeat=&#8220;repeat&#8220; background_size=&#8220;initial&#8220;][et_pb_column type=&#8220;1_3&#8243;][et_pb_text admin_label=&#8220;Headline Ablauf&#8220; background_layout=&#8220;dark&#8220; use_border_color=&#8220;off&#8220; background_position=&#8220;top_left&#8220; background_repeat=&#8220;repeat&#8220; background_size=&#8220;initial&#8220; _builder_version=&#8220;3.0.106&#8243;]<\/p>\n<h3>ABLAUF EINER STRAHLENTHERAPIE BEI HIRNTUMOREN<\/h3>\n<p>[\/et_pb_text][\/et_pb_column][et_pb_column type=&#8220;2_3&#8243;][et_pb_text admin_label=&#8220;Text Planung&#8220; background_layout=&#8220;dark&#8220; use_border_color=&#8220;off&#8220; background_position=&#8220;top_left&#8220; background_repeat=&#8220;repeat&#8220; background_size=&#8220;initial&#8220; _builder_version=&#8220;3.0.106&#8243;]<\/p>\n<p><strong>Die Planung der geeigneten Therapie erfolgt in enger Zusammenarbeit mit den Onkologen in Krankenhaus und Praxis. In regelm\u00e4\u00dfigen gemeinsamen Tumor-Konferenzen werden alle wesentlichen Befunde (z. B. radiologische Bildgebung, Laborwerte, Histologie-Befunde) er\u00f6rtert, um dann die Therapie individuell f\u00fcr jeden Patienten festzulegen. Die Bestrahlungsbehandlung erstreckt sich in der Regel \u00fcber mehrere Wochen und ist abh\u00e4ngig von der jeweiligen Tumor-Konstellation.<\/strong><\/p>\n<p>[\/et_pb_text][\/et_pb_column][\/et_pb_row][\/et_pb_section][et_pb_section bb_built=&#8220;1&#8243; fullwidth=&#8220;off&#8220; specialty=&#8220;off&#8220; transparent_background=&#8220;off&#8220; background_color=&#8220;#ffffff&#8220; allow_player_pause=&#8220;off&#8220; inner_shadow=&#8220;off&#8220; parallax=&#8220;off&#8220; parallax_method=&#8220;off&#8220; custom_padding=&#8220;0px|||&#8220; padding_mobile=&#8220;off&#8220; make_fullwidth=&#8220;off&#8220; use_custom_width=&#8220;off&#8220; width_unit=&#8220;on&#8220; make_equal=&#8220;off&#8220; use_custom_gutter=&#8220;off&#8220; custom_padding_tablet=&#8220;50px|0|50px|0&#8243; custom_padding_last_edited=&#8220;on|desktop&#8220; prev_background_color=&#8220;#50a500&#8243;][et_pb_row][et_pb_column type=&#8220;4_4&#8243;][et_pb_divider _builder_version=&#8220;3.0.106&#8243; height=&#8220;20&#8243; disabled=&#8220;off&#8220; disabled_on=&#8220;on||&#8220; \/][\/et_pb_column][\/et_pb_row][et_pb_row make_fullwidth=&#8220;off&#8220; use_custom_width=&#8220;off&#8220; width_unit=&#8220;on&#8220; use_custom_gutter=&#8220;off&#8220; padding_mobile=&#8220;off&#8220; allow_player_pause=&#8220;off&#8220; parallax=&#8220;off&#8220; parallax_method=&#8220;off&#8220; make_equal=&#8220;off&#8220; parallax_1=&#8220;off&#8220; parallax_method_1=&#8220;off&#8220; parallax_2=&#8220;off&#8220; parallax_method_2=&#8220;off&#8220; column_padding_mobile=&#8220;on&#8220; background_position=&#8220;top_left&#8220; background_repeat=&#8220;repeat&#8220; background_size=&#8220;initial&#8220;][et_pb_column type=&#8220;1_3&#8243;][et_pb_text admin_label=&#8220;Text Vorbereitung&#8220; background_layout=&#8220;light&#8220; use_border_color=&#8220;off&#8220; background_position=&#8220;top_left&#8220; background_repeat=&#8220;repeat&#8220; background_size=&#8220;initial&#8220; _builder_version=&#8220;3.0.106&#8243;]<\/p>\n<h5><strong>Vorbereitung<\/strong><\/h5>\n<p>F\u00fcr die CT-Aufnahme und die Behandlungen ben\u00f6tigen Sie nur ein gro\u00dfes Handtuch. Von Kassenversicherten ben\u00f6tigen wir beim Erstgespr\u00e4ch Ihren \u00dcberweisungsschein und die Versicherungskarte.<\/p>\n<p>[\/et_pb_text][et_pb_image src=&#8220;https:\/\/www.stz-fr.de\/cms\/wp-content\/uploads\/2016\/05\/Motiv-Content-800&#215;600-Gespraech.jpg&#8220; show_in_lightbox=&#8220;off&#8220; url_new_window=&#8220;off&#8220; use_overlay=&#8220;off&#8220; animation=&#8220;off&#8220; sticky=&#8220;on&#8220; align=&#8220;left&#8220; force_fullwidth=&#8220;off&#8220; always_center_on_mobile=&#8220;on&#8220; use_border_color=&#8220;off&#8220; border_color=&#8220;#ffffff&#8220; border_style=&#8220;solid&#8220; animation_style=&#8220;none&#8220; animation_duration=&#8220;1000ms&#8220; animation_intensity_slide=&#8220;50%&#8220; show_bottom_space=&#8220;off&#8220; \/][\/et_pb_column][et_pb_column type=&#8220;2_3&#8243;][et_pb_text admin_label=&#8220;Text 5 Stufen&#8220; background_layout=&#8220;light&#8220; use_border_color=&#8220;off&#8220; background_position=&#8220;top_left&#8220; background_repeat=&#8220;repeat&#8220; background_size=&#8220;initial&#8220; _builder_version=&#8220;3.0.106&#8243;]<\/p>\n<h5><strong>1. Erster Kontakt<\/strong><\/h5>\n<p>Der erste Kontakt dient dem Kennenlernen. Dabei werden Ihre Krankengeschichte und der Behandlungsplan ausf\u00fchrlich mit Ihnen besprochen. Nat\u00fcrlich steht Ihnen Ihr Arzt bzw. Ihre \u00c4rztin fu\u0308r alle offenen Fragen zur Verf\u00fcgung. Sollten weitere Untersuchungen notwendig sein, k\u00fcmmern wir uns um Ihre Termine.<\/p>\n<h5><strong>2. CT-Untersuchung zur Bestrahlungsplanung<\/strong><\/h5>\n<p>F\u00fcr Ihren zweiten Termin wird zur Planung der Strahlentherapie eine CT-Aufnahme (Computertomographie) angefertigt. Dabei lagern unsere FachassistenInnen Sie mit speziellen Kissen und Lagerungshilfen exakt so, wie dies sp\u00e4ter auch bei der Bestrahlung notwendig ist (\u00fcblicherweise mit den Armen u\u0308ber den Kopf). Auf Basis dieser CT-Aufnahme erstellen die \u00c4rzte und Medizinphysiker dann den Therapieplan f\u00fcr das eigentliche Behandlungsger\u00e4t einer jeden Strahlentherapie, den sogenannten Linearbeschleuniger.<\/p>\n<h5><strong>3. Ersteinstellung<\/strong><\/h5>\n<p>Bei der Ersteinstellung werden alle Parameter und Bestrahlungsfelder nochmals kontrolliert, daher ist der Zeitaufwand h\u00f6her als bei den weiteren Bestrahlungen.<\/p>\n<h5><strong>4. Bestrahlungsbehandlung<\/strong><\/h5>\n<p>Die Bestrahlungssitzungen dauern t\u00e4glich etwa 10 Minuten \u00fcber einen Zeitraum von ca. 6 Wochen. Mindestens einmal pro Woche \u2013 bei Bedarf auch h\u00e4ufiger \u2013 bespricht die \u00c4rztin oder der Arzt mit Ihnen den Therapieverlauf. Zus\u00e4tzlich behandelt unser Fachpersonal m\u00f6gliche Hautreaktionen und ber\u00e4t bei der optimalen Hautpflege w\u00e4hrend der Strahlentherapie.<\/p>\n<h5><strong>5. Abschluss der Behandlung<\/strong><\/h5>\n<p>Beim Abschluss der Behandlung wird neben der k\u00f6rperlichen Untersuchung im Arztgespr\u00e4ch gekl\u00e4rt, ob zus\u00e4tzliche Nachsorgeuntersuchungen bzw. Rehabilitationsma\u00dfnahmen sinnvoll sind. So ist auch Ihre weitere Betreuung und Nachsorge gesichert.<\/p>\n<p>[\/et_pb_text][\/et_pb_column][\/et_pb_row][et_pb_row][et_pb_column type=&#8220;4_4&#8243;][et_pb_divider _builder_version=&#8220;3.0.106&#8243; height=&#8220;50&#8243; disabled=&#8220;off&#8220; disabled_on=&#8220;on||&#8220; \/][\/et_pb_column][\/et_pb_row][\/et_pb_section]<\/p>\n","protected":false},"excerpt":{"rendered":"<p>STRAHLENTHERAPIE BEI HIRNTUMOREN \u00a0 Es gibt gutartige Hirntumore, wie zum Beispiel Hypophysenadenome oder Meningeome, die meist operativ entfernt werden k\u00f6nnen. Desweiteren gibt es b\u00f6sartige prim\u00e4re Hirntumore wie zum Beispiel das Glioblastom und sogenannte Hirnmetasen, die Tochtergeschw\u00fclste von unterschiedlichen Krebsarten darstellen (Mammakarzinom, Bronchialkarzinom, malignes Melanom, Hypernephrom ect.). Nach der Operation erfolgt oft noch eine Strahlentherapie oder [&hellip;]<\/p>\n","protected":false},"author":1,"featured_media":0,"parent":65,"menu_order":18,"comment_status":"closed","ping_status":"closed","template":"","meta":{"_et_pb_use_builder":"on","_et_pb_old_content":"","_et_gb_content_width":"","footnotes":""},"class_list":["post-113","page","type-page","status-publish","hentry"],"_links":{"self":[{"href":"https:\/\/www.stz-fr.de\/cms\/wp-json\/wp\/v2\/pages\/113","targetHints":{"allow":["GET"]}}],"collection":[{"href":"https:\/\/www.stz-fr.de\/cms\/wp-json\/wp\/v2\/pages"}],"about":[{"href":"https:\/\/www.stz-fr.de\/cms\/wp-json\/wp\/v2\/types\/page"}],"author":[{"embeddable":true,"href":"https:\/\/www.stz-fr.de\/cms\/wp-json\/wp\/v2\/users\/1"}],"replies":[{"embeddable":true,"href":"https:\/\/www.stz-fr.de\/cms\/wp-json\/wp\/v2\/comments?post=113"}],"version-history":[{"count":0,"href":"https:\/\/www.stz-fr.de\/cms\/wp-json\/wp\/v2\/pages\/113\/revisions"}],"up":[{"embeddable":true,"href":"https:\/\/www.stz-fr.de\/cms\/wp-json\/wp\/v2\/pages\/65"}],"wp:attachment":[{"href":"https:\/\/www.stz-fr.de\/cms\/wp-json\/wp\/v2\/media?parent=113"}],"curies":[{"name":"wp","href":"https:\/\/api.w.org\/{rel}","templated":true}]}}