{"id":115,"date":"2016-05-19T18:47:45","date_gmt":"2016-05-19T16:47:45","guid":{"rendered":"http:\/\/k-stz.beebox.de\/cms\/?page_id=115"},"modified":"2021-05-11T11:50:05","modified_gmt":"2021-05-11T09:50:05","slug":"pmr","status":"publish","type":"page","link":"https:\/\/www.stz-fr.de\/cms\/behandlungsangebot\/begleitende-behandlung\/pmr\/","title":{"rendered":"PMR"},"content":{"rendered":"<p>[et_pb_section fb_built=&#8220;1&#8243; fullwidth=&#8220;on&#8220; _builder_version=&#8220;3.22&#8243;][et_pb_fullwidth_slider module_id=&#8220;bbxTopmotiv400&#8243; _builder_version=&#8220;3.16&#8243; custom_padding=&#8220;|||&#8220; custom_padding_tablet=&#8220;|||&#8220; custom_padding_phone=&#8220;|||&#8220; box_shadow_style=&#8220;preset6&#8243; box_shadow_blur=&#8220;10px&#8220; box_shadow_color=&#8220;rgba(0,0,0,0.1)&#8220; remove_inner_shadow=&#8220;off&#8220; hide_content_on_mobile=&#8220;off&#8220; hide_cta_on_mobile=&#8220;off&#8220; show_inner_shadow=&#8220;on&#8220; button_letter_spacing_hover=&#8220;0&#8243; button_text_size__hover_enabled=&#8220;off&#8220; button_one_text_size__hover_enabled=&#8220;off&#8220; button_two_text_size__hover_enabled=&#8220;off&#8220; button_text_color__hover_enabled=&#8220;off&#8220; button_one_text_color__hover_enabled=&#8220;off&#8220; button_two_text_color__hover_enabled=&#8220;off&#8220; button_border_width__hover_enabled=&#8220;off&#8220; button_one_border_width__hover_enabled=&#8220;off&#8220; button_two_border_width__hover_enabled=&#8220;off&#8220; button_border_color__hover_enabled=&#8220;off&#8220; button_one_border_color__hover_enabled=&#8220;off&#8220; button_two_border_color__hover_enabled=&#8220;off&#8220; button_border_radius__hover_enabled=&#8220;off&#8220; button_one_border_radius__hover_enabled=&#8220;off&#8220; button_two_border_radius__hover_enabled=&#8220;off&#8220; button_letter_spacing__hover_enabled=&#8220;on&#8220; button_letter_spacing__hover=&#8220;0&#8243; button_one_letter_spacing__hover_enabled=&#8220;off&#8220; button_two_letter_spacing__hover_enabled=&#8220;off&#8220; button_bg_color__hover_enabled=&#8220;off&#8220; button_one_bg_color__hover_enabled=&#8220;off&#8220; button_two_bg_color__hover_enabled=&#8220;off&#8220;][et_pb_slide use_bg_overlay=&#8220;off&#8220; use_text_overlay=&#8220;off&#8220; _builder_version=&#8220;3.16&#8243; header_font=&#8220;||||&#8220; body_font=&#8220;||||&#8220; background_color=&#8220;#ffffff&#8220; background_image=&#8220;https:\/\/www.stz-fr.de\/cms\/wp-content\/uploads\/2016\/05\/Top-Motiv-1500&#215;500-PMR.jpg&#8220; button_icon_placement=&#8220;right&#8220; button_on_hover=&#8220;on&#8220; sticky_transition=&#8220;on&#8220; button_text_size__hover_enabled=&#8220;off&#8220; button_one_text_size__hover_enabled=&#8220;off&#8220; button_two_text_size__hover_enabled=&#8220;off&#8220; button_text_color__hover_enabled=&#8220;off&#8220; button_one_text_color__hover_enabled=&#8220;off&#8220; button_two_text_color__hover_enabled=&#8220;off&#8220; button_border_width__hover_enabled=&#8220;off&#8220; button_one_border_width__hover_enabled=&#8220;off&#8220; button_two_border_width__hover_enabled=&#8220;off&#8220; button_border_color__hover_enabled=&#8220;off&#8220; button_one_border_color__hover_enabled=&#8220;off&#8220; button_two_border_color__hover_enabled=&#8220;off&#8220; button_border_radius__hover_enabled=&#8220;off&#8220; button_one_border_radius__hover_enabled=&#8220;off&#8220; button_two_border_radius__hover_enabled=&#8220;off&#8220; button_letter_spacing__hover_enabled=&#8220;off&#8220; button_one_letter_spacing__hover_enabled=&#8220;off&#8220; button_two_letter_spacing__hover_enabled=&#8220;off&#8220; button_bg_color__hover_enabled=&#8220;off&#8220; button_one_bg_color__hover_enabled=&#8220;off&#8220; button_two_bg_color__hover_enabled=&#8220;off&#8220;] [\/et_pb_slide][\/et_pb_fullwidth_slider][\/et_pb_section][et_pb_section fb_built=&#8220;1&#8243; _builder_version=&#8220;3.22&#8243; background_color=&#8220;#ffffff&#8220; custom_padding=&#8220;||0px|&#8220; custom_padding_tablet=&#8220;||0px|&#8220; transparent_background=&#8220;off&#8220; padding_mobile=&#8220;on&#8220; make_fullwidth=&#8220;off&#8220; use_custom_width=&#8220;off&#8220; width_unit=&#8220;on&#8220;][et_pb_row padding_mobile=&#8220;off&#8220; column_padding_mobile=&#8220;on&#8220; _builder_version=&#8220;3.25&#8243; background_size=&#8220;initial&#8220; background_position=&#8220;top_left&#8220; background_repeat=&#8220;repeat&#8220; make_fullwidth=&#8220;off&#8220; use_custom_width=&#8220;off&#8220; width_unit=&#8220;on&#8220; column_structure=&#8220;2_3,1_3&#8243;][et_pb_column type=&#8220;2_3&#8243; _builder_version=&#8220;3.25&#8243; custom_padding=&#8220;|||&#8220; custom_padding__hover=&#8220;|||&#8220;][et_pb_text admin_label=&#8220;Headline ANSPANNEN \u2013 ENTSPANNEN &#8220; _builder_version=&#8220;3.27.4&#8243; background_size=&#8220;initial&#8220; background_position=&#8220;top_left&#8220; background_repeat=&#8220;repeat&#8220; use_border_color=&#8220;off&#8220;]<\/p>\n<h3><span style=\"color: #50a000;\">ANSPANNEN \u2013 ENTSPANNEN <\/span><\/h3>\n<p>[\/et_pb_text][\/et_pb_column][et_pb_column type=&#8220;1_3&#8243; _builder_version=&#8220;3.25&#8243; custom_padding=&#8220;|||&#8220; custom_padding__hover=&#8220;|||&#8220;][\/et_pb_column][\/et_pb_row][et_pb_row padding_mobile=&#8220;off&#8220; column_padding_mobile=&#8220;on&#8220; _builder_version=&#8220;3.25&#8243; background_size=&#8220;initial&#8220; background_position=&#8220;top_left&#8220; background_repeat=&#8220;repeat&#8220; make_fullwidth=&#8220;off&#8220; use_custom_width=&#8220;off&#8220; width_unit=&#8220;on&#8220; column_structure=&#8220;2_3,1_3&#8243;][et_pb_column type=&#8220;2_3&#8243; _builder_version=&#8220;3.25&#8243; custom_padding=&#8220;|||&#8220; custom_padding__hover=&#8220;|||&#8220;][et_pb_text _builder_version=&#8220;3.27.4&#8243; background_size=&#8220;initial&#8220; background_position=&#8220;top_left&#8220; background_repeat=&#8220;repeat&#8220; use_border_color=&#8220;off&#8220;]<\/p>\n<p style=\"text-align: left;\"><strong>PMR<\/strong> (progressive Muskelrelaxation) nach <strong>Edmund Jacobson<\/strong> ist eine Methode, bei der durch bewusste An- und Entspannung bestimmter Muskelgruppen ein Zustand tiefer Entspannung und Ausgeglichenheit erreicht wird, wodurch \u00c4ngste und Spannungen abgebaut, sowie Stresssituationen besser bew\u00e4ltigt werden k\u00f6nnen.<\/p>\n<p style=\"text-align: left;\">Anhand einer bestimmten, festgelegten Reihenfolge werden einzelne Muskelpartien nacheinander angespannt (z.B. durch Anspannen der rechten Hand oder des rechten Unterarmes). Dieser Moment der Muskelanspannung wird 5 bis 7 Sekunden lang gehalten und anschlie\u00dfend durch bewusstes Ausatmen wieder gel\u00f6st. Dabei konzentriert sich der Teilnehmer f\u00fcr 20 bis 30 Sekunden auf das angenehme Gef\u00fchl der Entspannung in den jeweiligen Muskelabschnitten. Ziel ist es die Empfindungen dieser Zustands\u00e4nderung zwischen An- und Entspannung bewusst wahrzunehmen und somit eine verbesserte K\u00f6rperwahrnehmung zu erhalten.<\/p>\n<p>[\/et_pb_text][\/et_pb_column][et_pb_column type=&#8220;1_3&#8243; _builder_version=&#8220;3.25&#8243; custom_padding=&#8220;|||&#8220; custom_padding__hover=&#8220;|||&#8220;][et_pb_image src=&#8220;https:\/\/www.stz-fr.de\/cms\/wp-content\/uploads\/2016\/05\/Motiv-Content-800&#215;600-PMRFrau.jpg&#8220; align_tablet=&#8220;center&#8220; align_last_edited=&#8220;on|desktop&#8220; _builder_version=&#8220;3.23&#8243; use_border_color=&#8220;off&#8220; border_color=&#8220;#ffffff&#8220; border_style=&#8220;solid&#8220; sticky=&#8220;off&#8220; always_center_on_mobile=&#8220;on&#8220;][\/et_pb_image][\/et_pb_column][\/et_pb_row][\/et_pb_section][et_pb_section fb_built=&#8220;1&#8243; module_class=&#8220;stz-bg-hellgruen&#8220; _builder_version=&#8220;3.22&#8243; background_color=&#8220;#ffffff&#8220; custom_padding=&#8220;0px|||&#8220; custom_padding_tablet=&#8220;0px|||&#8220; transparent_background=&#8220;off&#8220; padding_mobile=&#8220;on&#8220; make_fullwidth=&#8220;off&#8220; use_custom_width=&#8220;off&#8220; width_unit=&#8220;on&#8220;][et_pb_row padding_mobile=&#8220;off&#8220; column_padding_mobile=&#8220;on&#8220; _builder_version=&#8220;3.25&#8243; background_size=&#8220;initial&#8220; background_position=&#8220;top_left&#8220; background_repeat=&#8220;repeat&#8220; make_fullwidth=&#8220;off&#8220; use_custom_width=&#8220;off&#8220; width_unit=&#8220;on&#8220; column_structure=&#8220;1_3,2_3&#8243;][et_pb_column type=&#8220;1_3&#8243; _builder_version=&#8220;3.25&#8243; custom_padding=&#8220;|||&#8220; custom_padding__hover=&#8220;|||&#8220;][et_pb_blurb _builder_version=&#8220;3.0.106&#8243; background_size=&#8220;initial&#8220; background_position=&#8220;top_left&#8220; background_repeat=&#8220;repeat&#8220; custom_margin=&#8220;0px|||&#8220; custom_padding=&#8220;25px|25px|25px|25px&#8220; animation=&#8220;off&#8220; border_radii=&#8220;|5px|5px|5px|5px&#8220; border_width_all=&#8220;1px&#8220; border_color_all=&#8220;#50a500&#8243; use_border_color=&#8220;on&#8220;]<\/p>\n<h5 style=\"text-align: left;\"><strong>Progressive Muskelrelaxion wird h\u00e4ufig bei folgenden Beschwerden eingesetzt:<br \/>\n <\/strong><\/h5>\n<p>&nbsp;<\/p>\n<ul>\n<li style=\"text-align: left;\">Unruhe und Nervosit\u00e4t<\/li>\n<li style=\"text-align: left;\">Schlafst\u00f6rungen<\/li>\n<li style=\"text-align: left;\">Angstzust\u00e4nde (z.B. Herzklopfen, Schwitzen)<\/li>\n<li style=\"text-align: left;\">Konzentrationsschwierigkeiten<\/li>\n<li style=\"text-align: left;\">R\u00fcckenschmerzen<\/li>\n<li style=\"text-align: left;\">Muskelverspannungen<\/li>\n<li style=\"text-align: left;\">Bluthochdruck (Hypertonie)<\/li>\n<li style=\"text-align: left;\">Spannungskopfschmerzen<\/li>\n<li style=\"text-align: left;\">Migr\u00e4ne (nicht w\u00e4hrend eines Anfalls!)<\/li>\n<\/ul>\n<p>[\/et_pb_blurb][\/et_pb_column][et_pb_column type=&#8220;2_3&#8243; _builder_version=&#8220;3.25&#8243; custom_padding=&#8220;|||&#8220; custom_padding__hover=&#8220;|||&#8220;][et_pb_text _builder_version=&#8220;3.27.4&#8243; background_size=&#8220;initial&#8220; background_position=&#8220;top_left&#8220; background_repeat=&#8220;repeat&#8220; use_border_color=&#8220;off&#8220;]<\/p>\n<h5 style=\"text-align: left;\"><strong>Entspannter K\u00f6rper \u2013 entspannter Geist <\/strong><\/h5>\n<p style=\"text-align: left;\">Indem man die Spannungszust\u00e4nde der Muskulatur bewusst und aktiv minimiert, wird ein entspannter und ausgeglichener Zustand erreicht. Diese positive Wirkung der progressiven Muskelentspannung wurde bereits anhand mehrerer <span class=\"st\">repr\u00e4sentativer<\/span> Studien\u00a0<span class=\"st\">\u00fcber physiologische Spannungszust\u00e4nde<\/span> nachgewiesen. In 75\u00a0% wurden deutliche Symptombesserungen festgestellt. Die medizinische Behandlung von Erkrankungen kann nachweislich durch begleitende Progressive Muskelrelaxation unterst\u00fctzt werden. Von den gesetzlichen Krankenkassen wird PMR auch als pr\u00e4ventive Ma\u00dfnahme angeboten.<\/p>\n<p>&nbsp;<\/p>\n<h5 style=\"text-align: left;\"><strong>Schnell und einfach erlernbar<\/strong><\/h5>\n<p style=\"text-align: left;\">Die progressive Muskelentspannung kann \u00fcberall im Liegen als auch im Sitzen ausge\u00fcbt werden. Sie ist sehr effektiv und bei regelm\u00e4\u00dfigem Training ist man bereits nach kurzer Zeit in der Lage eine muskul\u00e4re Entspannung herbeizuf\u00fchren und erreicht somit eine Verbesserung der allgemeinen Befindlichkeit.<\/p>\n<p style=\"text-align: left;\">\u00a0<\/p>\n<p>[\/et_pb_text][et_pb_cta title=&#8220;Zur Zeit bieten wir keine Kurse an. &#8220; button_url=&#8220;\/cms\/kontakt\/hier-erreichen-sie-uns\/&#8220; admin_label=&#8220;Handlungsaufruf Kursangebote&#8220; _builder_version=&#8220;4.9.4&#8243; header_level=&#8220;h4&#8243; header_text_color=&#8220;#ffffff&#8220; custom_button=&#8220;on&#8220; button_text_size=&#8220;16&#8243; button_text_color=&#8220;#ffffff&#8220; button_border_width=&#8220;1&#8243; button_border_color=&#8220;#ffffff&#8220; button_border_radius=&#8220;5&#8243; button_icon=&#8220;%%36%%&#8220; button_icon_color=&#8220;#ffffff&#8220; hover_enabled=&#8220;0&#8243; border_radii=&#8220;on|5px|5px|5px|5px&#8220; border_width_all=&#8220;1&#8243; border_color_all=&#8220;#50a000&#8243; button_text_color_hover=&#8220;#ffffff&#8220; button_border_radius_hover=&#8220;5&#8243; saved_tabs=&#8220;all&#8220; button_text_size__hover_enabled=&#8220;off&#8220; button_one_text_size__hover_enabled=&#8220;off&#8220; button_two_text_size__hover_enabled=&#8220;off&#8220; button_text_color__hover_enabled=&#8220;on&#8220; button_text_color__hover=&#8220;#ffffff&#8220; button_one_text_color__hover_enabled=&#8220;off&#8220; button_two_text_color__hover_enabled=&#8220;off&#8220; button_border_width__hover_enabled=&#8220;off&#8220; button_one_border_width__hover_enabled=&#8220;off&#8220; button_two_border_width__hover_enabled=&#8220;off&#8220; button_border_color__hover_enabled=&#8220;off&#8220; button_one_border_color__hover_enabled=&#8220;off&#8220; button_two_border_color__hover_enabled=&#8220;off&#8220; button_border_radius__hover_enabled=&#8220;on&#8220; button_border_radius__hover=&#8220;5&#8243; button_one_border_radius__hover_enabled=&#8220;off&#8220; button_two_border_radius__hover_enabled=&#8220;off&#8220; button_letter_spacing__hover_enabled=&#8220;off&#8220; button_one_letter_spacing__hover_enabled=&#8220;off&#8220; button_two_letter_spacing__hover_enabled=&#8220;off&#8220; button_bg_color__hover_enabled=&#8220;off&#8220; button_one_bg_color__hover_enabled=&#8220;off&#8220; button_two_bg_color__hover_enabled=&#8220;off&#8220; sticky_enabled=&#8220;0&#8243;][\/et_pb_cta][\/et_pb_column][\/et_pb_row][\/et_pb_section]<\/p>\n","protected":false},"excerpt":{"rendered":"<p>ANSPANNEN \u2013 ENTSPANNEN PMR (progressive Muskelrelaxation) nach Edmund Jacobson ist eine Methode, bei der durch bewusste An- und Entspannung bestimmter Muskelgruppen ein Zustand tiefer Entspannung und Ausgeglichenheit erreicht wird, wodurch \u00c4ngste und Spannungen abgebaut, sowie Stresssituationen besser bew\u00e4ltigt werden k\u00f6nnen. Anhand einer bestimmten, festgelegten Reihenfolge werden einzelne Muskelpartien nacheinander angespannt (z.B. durch Anspannen der rechten [&hellip;]<\/p>\n","protected":false},"author":1,"featured_media":0,"parent":75,"menu_order":23,"comment_status":"closed","ping_status":"closed","template":"","meta":{"_et_pb_use_builder":"on","_et_pb_old_content":"","_et_gb_content_width":"","footnotes":""},"class_list":["post-115","page","type-page","status-publish","hentry"],"_links":{"self":[{"href":"https:\/\/www.stz-fr.de\/cms\/wp-json\/wp\/v2\/pages\/115","targetHints":{"allow":["GET"]}}],"collection":[{"href":"https:\/\/www.stz-fr.de\/cms\/wp-json\/wp\/v2\/pages"}],"about":[{"href":"https:\/\/www.stz-fr.de\/cms\/wp-json\/wp\/v2\/types\/page"}],"author":[{"embeddable":true,"href":"https:\/\/www.stz-fr.de\/cms\/wp-json\/wp\/v2\/users\/1"}],"replies":[{"embeddable":true,"href":"https:\/\/www.stz-fr.de\/cms\/wp-json\/wp\/v2\/comments?post=115"}],"version-history":[{"count":0,"href":"https:\/\/www.stz-fr.de\/cms\/wp-json\/wp\/v2\/pages\/115\/revisions"}],"up":[{"embeddable":true,"href":"https:\/\/www.stz-fr.de\/cms\/wp-json\/wp\/v2\/pages\/75"}],"wp:attachment":[{"href":"https:\/\/www.stz-fr.de\/cms\/wp-json\/wp\/v2\/media?parent=115"}],"curies":[{"name":"wp","href":"https:\/\/api.w.org\/{rel}","templated":true}]}}