{"id":1359,"date":"2016-06-17T10:34:45","date_gmt":"2016-06-17T08:34:45","guid":{"rendered":"http:\/\/k-stz.beebox.de\/cms\/die-praxis\/soziales-engagement\/sol-y-vida\/"},"modified":"2019-11-15T14:29:19","modified_gmt":"2019-11-15T13:29:19","slug":"sol-y-vida","status":"publish","type":"page","link":"https:\/\/www.stz-fr.de\/cms\/die-praxis\/soziales-engagement\/sol-y-vida\/","title":{"rendered":"Sol y Vida"},"content":{"rendered":"<p>[et_pb_section fb_built=&#8220;1&#8243; specialty=&#8220;on&#8220; custom_padding_last_edited=&#8220;on|phone&#8220; _builder_version=&#8220;3.22&#8243; custom_padding=&#8220;||0px|&#8220; custom_padding_tablet=&#8220;&#8220; custom_padding_phone=&#8220;&#8220;][et_pb_column type=&#8220;1_2&#8243; specialty_columns=&#8220;2&#8243; _builder_version=&#8220;3.25&#8243; custom_padding=&#8220;|||&#8220; custom_padding__hover=&#8220;|||&#8220;][et_pb_row_inner column_structure=&#8220;1_2,1_2&#8243; admin_label=&#8220;Zeile&#8220; _builder_version=&#8220;3.25&#8243;][et_pb_column_inner type=&#8220;1_2&#8243; saved_specialty_column_type=&#8220;1_2&#8243; _builder_version=&#8220;3.25&#8243; custom_padding=&#8220;|||&#8220; custom_padding__hover=&#8220;|||&#8220;][et_pb_image src=&#8220;https:\/\/www.stz-fr.de\/cms\/wp-content\/uploads\/2018\/03\/LOGO-Sol-y-Vida-WEB.png&#8220; align=&#8220;right&#8220; align_tablet=&#8220;center&#8220; align_phone=&#8220;&#8220; align_last_edited=&#8220;on|desktop&#8220; admin_label=&#8220;Logo Sol y Vida&#8220; _builder_version=&#8220;3.23&#8243; always_center_on_mobile=&#8220;on&#8220;][\/et_pb_image][\/et_pb_column_inner][et_pb_column_inner type=&#8220;1_2&#8243; saved_specialty_column_type=&#8220;1_2&#8243; _builder_version=&#8220;3.25&#8243; custom_padding=&#8220;|||&#8220; custom_padding__hover=&#8220;|||&#8220;][et_pb_text _builder_version=&#8220;3.27.4&#8243;]<\/p>\n<p><em>Der Name setzt sich aus den spanischen Worten f\u00fcr Solidarit\u00e4t (Solidaridad) und Leben (Vida) zusammen. <\/em><\/p>\n<p><em>Eine Gruppe von Europ\u00e4ern hat die Stiftung 2004 gegr\u00fcndet.<\/em><\/p>\n<p>[\/et_pb_text][\/et_pb_column_inner][\/et_pb_row_inner][et_pb_row_inner admin_label=&#8220;Zeile&#8220; _builder_version=&#8220;3.25&#8243;][et_pb_column_inner saved_specialty_column_type=&#8220;1_2&#8243; _builder_version=&#8220;3.25&#8243; custom_padding=&#8220;|||&#8220; custom_padding__hover=&#8220;|||&#8220;][et_pb_divider show_divider=&#8220;off&#8220; _builder_version=&#8220;3.2&#8243;][\/et_pb_divider][et_pb_text _builder_version=&#8220;4.0.3&#8243;]<\/p>\n<h1><strong>SOL y Vida <\/strong><\/h1>\n<h4><strong>Hilfe f\u00fcr krebskranke Kinder in Ecuador<\/strong><\/h4>\n<p><strong>Sol y Vida <\/strong>ist eine in Ecuador lebende Gruppe von Ausl\u00e4ndern, die sich f\u00fcr krebskranke Kinder in diesem Land einsetzt. Jeder arbeitet freiwillig f\u00fcr und mit diesen Kindern und deren Familien<strong>.<\/strong><\/p>\n<p>Unterst\u00fctzt werden krebskranke Kinder in Ecuador, indem ihnen die Chemo- und Radiotherapie sowie notwendige Untersuchungen finanziert werden. Die Kinder kommen alle aus armen Familien mit monatlichen Einkommen zwischen 150 bis 350 Dollar. Diese Familien k\u00f6nnen sich keine Krankenversicherung und somit keine teuren Medikamente leisten.<\/p>\n<p>[\/et_pb_text][\/et_pb_column_inner][\/et_pb_row_inner][\/et_pb_column][et_pb_column type=&#8220;1_2&#8243; _builder_version=&#8220;3.25&#8243; custom_padding=&#8220;|||&#8220; custom_padding__hover=&#8220;|||&#8220;][et_pb_image src=&#8220;https:\/\/www.stz-fr.de\/cms\/wp-content\/uploads\/2018\/03\/Motiv-Content-800&#215;600-SYV-2Kinder.jpg&#8220; align_tablet=&#8220;center&#8220; align_phone=&#8220;&#8220; align_last_edited=&#8220;on|desktop&#8220; admin_label=&#8220;Bild 2 Geschwister&#8220; _builder_version=&#8220;3.23&#8243; always_center_on_mobile=&#8220;on&#8220;][\/et_pb_image][et_pb_text admin_label=&#8220;Text WHO&#8220; _builder_version=&#8220;4.0.3&#8243;]<\/p>\n<p><strong>Laut der Weltgesundheitsorganisation WHO k\u00f6nnen 80% aller Kinder mit Krebs vollst\u00e4ndig geheilt werden \u2013 wenn diese Kinder Zugang zu moderner Medizin haben.<\/strong><\/p>\n<p>[\/et_pb_text][\/et_pb_column][\/et_pb_section][et_pb_section fb_built=&#8220;1&#8243; custom_padding_last_edited=&#8220;on|desktop&#8220; _builder_version=&#8220;4.0.3&#8243; custom_padding=&#8220;0px||0px||false|false&#8220; custom_padding_tablet=&#8220;&#8220; custom_padding_phone=&#8220;&#8220;][et_pb_row column_structure=&#8220;1_2,1_2&#8243; _builder_version=&#8220;4.0.3&#8243; background_size=&#8220;initial&#8220; background_position=&#8220;top_left&#8220; background_repeat=&#8220;repeat&#8220; custom_padding=&#8220;0px||||false|false&#8220;][et_pb_column type=&#8220;1_2&#8243; _builder_version=&#8220;3.25&#8243; custom_padding=&#8220;|||&#8220; custom_padding__hover=&#8220;|||&#8220;][et_pb_text _builder_version=&#8220;4.0.3&#8243;]<\/p>\n<p>Die Kinder, die die Stiftung Sol y Vida betreut, kommen aus allen Landesteilen in die Hauptstadt Quito, um bei Kinderkrebs Spezialisten Hilfe zu suchen.<br \/> Meist werden die Kinder in einem Krankenhaus ambulant behandelt und \u00f6fters fehlen moderne Diagnose-Ger\u00e4te oder spezielle Medikamente:<br \/> Sol y Vida hat daher Vertr\u00e4ge mit privaten Krankenh\u00e4usern und Institutionen abgeschlossen, die die Kinder zu verg\u00fcnstigten Preisen mit Medikamenten, Magnetresonanzaufnahmen und Strahlentherapie versorgen.<\/p>\n<p>[\/et_pb_text][\/et_pb_column][et_pb_column type=&#8220;1_2&#8243; _builder_version=&#8220;3.25&#8243; custom_padding=&#8220;|||&#8220; custom_padding__hover=&#8220;|||&#8220;][et_pb_text _builder_version=&#8220;4.0.3&#8243;]<\/p>\n<p>Die meisten der Patienten sind j\u00fcnger als zehn Jahre alt. Viele kommen erst dann in die Hauptstadt, wenn der Krebs ein fortgeschrittenes Stadium erreicht hat. Denn die Reise nach Quito mit einem kranken Kind bedeutet oft einen Kraftakt f\u00fcr die Familien.<br \/> In extremen F\u00e4llen reist die Familie erst stundenlang mit Kanu oder Pferden zur n\u00e4chstgelegenen Strasse um von dort dann nach einer langen Busfahrt nach Quito zu gelangen.<br \/> Um die Hilfe f\u00fcr diese Familien und ihre kranken Kinder m\u00f6glichst effektiv zu organisieren, f\u00fchrt Sol y Vida ein einfach eingerichtetes B\u00fcro neben dem Krankenhaus.<\/p>\n<p>[\/et_pb_text][\/et_pb_column][\/et_pb_row][et_pb_row column_structure=&#8220;1_2,1_2&#8243; make_equal=&#8220;on&#8220; _builder_version=&#8220;4.0.3&#8243; background_size=&#8220;initial&#8220; background_position=&#8220;top_left&#8220; background_repeat=&#8220;repeat&#8220;][et_pb_column type=&#8220;1_2&#8243; _builder_version=&#8220;3.25&#8243; custom_padding=&#8220;|||&#8220; custom_padding__hover=&#8220;|||&#8220;][et_pb_image src=&#8220;https:\/\/www.stz-fr.de\/cms\/wp-content\/uploads\/2018\/03\/Motiv-Content-800&#215;600-SYV-Scheck-20150622.jpg&#8220; show_in_lightbox=&#8220;on&#8220; use_overlay=&#8220;on&#8220; overlay_icon_color=&#8220;#ffffff&#8220; hover_overlay_color=&#8220;rgba(80,160,0,0.6)&#8220; hover_icon=&#8220;%%51%%&#8220; align_tablet=&#8220;center&#8220; align_phone=&#8220;&#8220; align_last_edited=&#8220;on|desktop&#8220; admin_label=&#8220;Bild Scheck\u00fcbergabe&#8220; _builder_version=&#8220;3.23&#8243; always_center_on_mobile=&#8220;on&#8220;][\/et_pb_image][et_pb_text admin_label=&#8220;Text Bildunterschrift&#8220; _builder_version=&#8220;4.0.3&#8243; text_font_size=&#8220;12px&#8220; text_line_height=&#8220;1.4em&#8220;]<\/p>\n<p><em>Von links nach rechts: <br \/>Tania Lop\u00e9z, Birgit Brackemann (Sol y Vida), PD Dr. med. Christian Wei\u00dfenberger<\/em><\/p>\n<p>[\/et_pb_text][\/et_pb_column][et_pb_column type=&#8220;1_2&#8243; _builder_version=&#8220;3.25&#8243; custom_padding=&#8220;|||&#8220; custom_padding__hover=&#8220;|||&#8220;][et_pb_testimonial quote_icon_color=&#8220;#ffffff&#8220; quote_icon_background_color=&#8220;#50a000&#8243; _builder_version=&#8220;4.0.3&#8243; background_color=&#8220;#50a000&#8243; background_layout=&#8220;dark&#8220;]<\/p>\n<h2 class=\"wsite-content-title\">Zentrum fu\u0308r Strahlentherapie spendet 2.000 Euro<\/h2>\n<p><strong>Hilfe f\u00fcr krebskranke Kinder in Ecuador<\/strong><\/p>\n<p>&nbsp;<\/p>\n<hr \/>\n<p>Letztlich wurde die Spende m\u00f6glich durch engagierte Mitarbeiter des Zentrums f\u00fcr Strahlentherapie und eine Vielzahl Patienten des Hauses &#8230;<\/p>\n<p><strong><a href=\"\/cms\/2015\/06\/22\/zentrum-fuer-strahlentherapie-spendet-2000-euro\/\">&gt; zum Artikel<\/a><\/p>\n<p> <\/strong><\/p>\n<p>[\/et_pb_testimonial][\/et_pb_column][\/et_pb_row][\/et_pb_section][et_pb_section fb_built=&#8220;1&#8243; _builder_version=&#8220;4.0.3&#8243; custom_padding=&#8220;0px||||false|false&#8220;][et_pb_row column_structure=&#8220;1_2,1_2&#8243; _builder_version=&#8220;3.25&#8243; background_size=&#8220;initial&#8220; background_position=&#8220;top_left&#8220; background_repeat=&#8220;repeat&#8220;][et_pb_column type=&#8220;1_2&#8243; _builder_version=&#8220;3.25&#8243; custom_padding=&#8220;|||&#8220; custom_padding__hover=&#8220;|||&#8220;][et_pb_text disabled_on=&#8220;on|on|on&#8220; admin_label=&#8220;Text Konto&#8220; _builder_version=&#8220;4.0.3&#8243; disabled=&#8220;on&#8220;]<\/p>\n<p><strong>Spendenkonto in Deutschland:<\/strong><\/p>\n<p><strong>Kontoinhaber:<\/strong> Maecenata Stiftung<br \/> <strong>Geldinstitut:<\/strong> Bankhaus Loebbecke<br \/> <strong>IBAN:<\/strong> DE89 1003 0500 1061 0007 01<br \/> <strong>BIC:<\/strong> LOEBDEBBXXX<\/p>\n<p><strong>Verwendungszweck:<\/strong><br \/> 08003 Sol y Vida Ecuador + Spenderadresse<\/p>\n<p><em>Spendenquittungen werden ausgestellt.<\/em><\/p>\n<p>Weitere Informationen zur Arbeit der Stiftung<br \/> finden Sie unter <a title=\"\" href=\"http:\/\/www.solyvida.org\" target=\"_blank\" rel=\"noopener noreferrer\"><strong>www.solyvida.org<\/strong><\/a><\/p>\n<p>[\/et_pb_text][\/et_pb_column][et_pb_column type=&#8220;1_2&#8243; _builder_version=&#8220;3.25&#8243; custom_padding=&#8220;|||&#8220; custom_padding__hover=&#8220;|||&#8220;][et_pb_text admin_label=&#8220;Text Bullets Ziele&#8220; _builder_version=&#8220;4.0.3&#8243;]<\/p>\n<h3><strong>Die Ziele der Stiftung sind:<\/strong><\/h3>\n<ul>\n<li>Soviele Kinderleben wie m\u00f6glich zu retten<\/li>\n<li>Durch Spenden akute H\u00e4rtef\u00e4lle schnell und ohne wertvollen Zeitverlust zu unterst\u00fctzen<\/li>\n<li>Beratung auf dem Gebiet der Ern\u00e4hrung anzubieten<\/li>\n<li>Kindern im Endstadium das verbleibende Leben etwas lebensw\u00fcrdiger gestalten, Schmerzen lindern und eventuell auch einen letzten Wunsch erf\u00fcllen<\/li>\n<li>Aufkl\u00e4rungs- und Informationskampagnen f\u00fcr betroffene Eltern durchf\u00fchren, auch um mehr Aufmerksamkeit und Unterst\u00fctzung hier in Ecuador zu bekommen<\/li>\n<\/ul>\n<p>[\/et_pb_text][\/et_pb_column][\/et_pb_row][\/et_pb_section]<\/p>\n","protected":false},"excerpt":{"rendered":"<p>Der Name setzt sich aus den spanischen Worten f\u00fcr Solidarit\u00e4t (Solidaridad) und Leben (Vida) zusammen. Eine Gruppe von Europ\u00e4ern hat die Stiftung 2004 gegr\u00fcndet. SOL y Vida Hilfe f\u00fcr krebskranke Kinder in Ecuador Sol y Vida ist eine in Ecuador lebende Gruppe von Ausl\u00e4ndern, die sich f\u00fcr krebskranke Kinder in diesem Land einsetzt. Jeder arbeitet [&hellip;]<\/p>\n","protected":false},"author":1,"featured_media":0,"parent":818,"menu_order":5,"comment_status":"closed","ping_status":"closed","template":"","meta":{"_et_pb_use_builder":"on","_et_pb_old_content":"","_et_gb_content_width":"","footnotes":""},"class_list":["post-1359","page","type-page","status-publish","hentry"],"_links":{"self":[{"href":"https:\/\/www.stz-fr.de\/cms\/wp-json\/wp\/v2\/pages\/1359","targetHints":{"allow":["GET"]}}],"collection":[{"href":"https:\/\/www.stz-fr.de\/cms\/wp-json\/wp\/v2\/pages"}],"about":[{"href":"https:\/\/www.stz-fr.de\/cms\/wp-json\/wp\/v2\/types\/page"}],"author":[{"embeddable":true,"href":"https:\/\/www.stz-fr.de\/cms\/wp-json\/wp\/v2\/users\/1"}],"replies":[{"embeddable":true,"href":"https:\/\/www.stz-fr.de\/cms\/wp-json\/wp\/v2\/comments?post=1359"}],"version-history":[{"count":0,"href":"https:\/\/www.stz-fr.de\/cms\/wp-json\/wp\/v2\/pages\/1359\/revisions"}],"up":[{"embeddable":true,"href":"https:\/\/www.stz-fr.de\/cms\/wp-json\/wp\/v2\/pages\/818"}],"wp:attachment":[{"href":"https:\/\/www.stz-fr.de\/cms\/wp-json\/wp\/v2\/media?parent=1359"}],"curies":[{"name":"wp","href":"https:\/\/api.w.org\/{rel}","templated":true}]}}