{"id":1596,"date":"2017-01-30T17:55:20","date_gmt":"2017-01-30T16:55:20","guid":{"rendered":"http:\/\/k-stz.beebox.de\/cms\/?page_id=1596\/"},"modified":"2024-08-16T12:30:51","modified_gmt":"2024-08-16T10:30:51","slug":"stereotaktische-bestrahlung","status":"publish","type":"page","link":"https:\/\/www.stz-fr.de\/cms\/behandlungsangebot\/strahlentherapie-krebserkrankung\/stereotaktische-bestrahlung\/","title":{"rendered":"Stereotaktische Bestrahlung"},"content":{"rendered":"<p>[et_pb_section fb_built=&#8220;1&#8243; fullwidth=&#8220;on&#8220; _builder_version=&#8220;4.16&#8243; transparent_background=&#8220;off&#8220; make_fullwidth=&#8220;off&#8220; use_custom_width=&#8220;off&#8220; width_unit=&#8220;off&#8220; custom_width_px=&#8220;1080px&#8220; custom_width_percent=&#8220;80%&#8220; global_colors_info=&#8220;{}&#8220;][et_pb_fullwidth_slider module_id=&#8220;bbxTopmotiv400&#8243; _builder_version=&#8220;4.16&#8243; custom_padding=&#8220;|||&#8220; custom_padding_tablet=&#8220;|||&#8220; custom_padding_phone=&#8220;|||&#8220; box_shadow_style=&#8220;preset6&#8243; box_shadow_blur=&#8220;10px&#8220; box_shadow_color=&#8220;rgba(0,0,0,0.1)&#8220; remove_inner_shadow=&#8220;off&#8220; hide_content_on_mobile=&#8220;off&#8220; hide_cta_on_mobile=&#8220;off&#8220; show_inner_shadow=&#8220;on&#8220; button_letter_spacing_hover=&#8220;0&#8243; global_colors_info=&#8220;{}&#8220; button_text_size__hover_enabled=&#8220;off&#8220; button_one_text_size__hover_enabled=&#8220;off&#8220; button_two_text_size__hover_enabled=&#8220;off&#8220; button_text_color__hover_enabled=&#8220;off&#8220; button_one_text_color__hover_enabled=&#8220;off&#8220; button_two_text_color__hover_enabled=&#8220;off&#8220; button_border_width__hover_enabled=&#8220;off&#8220; button_one_border_width__hover_enabled=&#8220;off&#8220; button_two_border_width__hover_enabled=&#8220;off&#8220; button_border_color__hover_enabled=&#8220;off&#8220; button_one_border_color__hover_enabled=&#8220;off&#8220; button_two_border_color__hover_enabled=&#8220;off&#8220; button_border_radius__hover_enabled=&#8220;off&#8220; button_one_border_radius__hover_enabled=&#8220;off&#8220; button_two_border_radius__hover_enabled=&#8220;off&#8220; button_letter_spacing__hover_enabled=&#8220;on&#8220; button_letter_spacing__hover=&#8220;0&#8243; button_one_letter_spacing__hover_enabled=&#8220;off&#8220; button_two_letter_spacing__hover_enabled=&#8220;off&#8220; button_bg_color__hover_enabled=&#8220;off&#8220; button_one_bg_color__hover_enabled=&#8220;off&#8220; button_two_bg_color__hover_enabled=&#8220;off&#8220;][et_pb_slide use_bg_overlay=&#8220;off&#8220; use_text_overlay=&#8220;off&#8220; _builder_version=&#8220;4.16&#8243; header_font=&#8220;||||&#8220; body_font=&#8220;||||&#8220; background_color=&#8220;#ffffff&#8220; background_image=&#8220;https:\/\/www.stz-fr.de\/cms\/wp-content\/uploads\/2017\/02\/Top-Motiv-1920&#215;800-Zielscheibe.jpg&#8220; button_icon_placement=&#8220;right&#8220; button_on_hover=&#8220;on&#8220; global_colors_info=&#8220;{}&#8220; sticky_transition=&#8220;on&#8220; button_text_size__hover_enabled=&#8220;off&#8220; button_one_text_size__hover_enabled=&#8220;off&#8220; button_two_text_size__hover_enabled=&#8220;off&#8220; button_text_color__hover_enabled=&#8220;off&#8220; button_one_text_color__hover_enabled=&#8220;off&#8220; button_two_text_color__hover_enabled=&#8220;off&#8220; button_border_width__hover_enabled=&#8220;off&#8220; button_one_border_width__hover_enabled=&#8220;off&#8220; button_two_border_width__hover_enabled=&#8220;off&#8220; button_border_color__hover_enabled=&#8220;off&#8220; button_one_border_color__hover_enabled=&#8220;off&#8220; button_two_border_color__hover_enabled=&#8220;off&#8220; button_border_radius__hover_enabled=&#8220;off&#8220; button_one_border_radius__hover_enabled=&#8220;off&#8220; button_two_border_radius__hover_enabled=&#8220;off&#8220; button_letter_spacing__hover_enabled=&#8220;off&#8220; button_one_letter_spacing__hover_enabled=&#8220;off&#8220; button_two_letter_spacing__hover_enabled=&#8220;off&#8220; button_bg_color__hover_enabled=&#8220;off&#8220; button_one_bg_color__hover_enabled=&#8220;off&#8220; button_two_bg_color__hover_enabled=&#8220;off&#8220;] [\/et_pb_slide][\/et_pb_fullwidth_slider][\/et_pb_section][et_pb_section fb_built=&#8220;1&#8243; custom_padding_last_edited=&#8220;on|desktop&#8220; _builder_version=&#8220;4.16&#8243; background_color=&#8220;#ffffff&#8220; custom_padding_tablet=&#8220;50px|0|50px|0&#8243; custom_padding_phone=&#8220;&#8220; transparent_background=&#8220;off&#8220; padding_mobile=&#8220;off&#8220; make_fullwidth=&#8220;off&#8220; use_custom_width=&#8220;off&#8220; width_unit=&#8220;on&#8220; custom_width_px=&#8220;1080px&#8220; custom_width_percent=&#8220;80%&#8220; global_colors_info=&#8220;{}&#8220;][et_pb_row padding_mobile=&#8220;off&#8220; column_padding_mobile=&#8220;on&#8220; _builder_version=&#8220;4.16&#8243; background_size=&#8220;initial&#8220; background_position=&#8220;top_left&#8220; background_repeat=&#8220;repeat&#8220; make_fullwidth=&#8220;off&#8220; use_custom_width=&#8220;off&#8220; width_unit=&#8220;on&#8220; custom_width_px=&#8220;1080px&#8220; custom_width_percent=&#8220;80%&#8220; global_colors_info=&#8220;{}&#8220;][et_pb_column type=&#8220;4_4&#8243; _builder_version=&#8220;4.16&#8243; custom_padding=&#8220;|||&#8220; global_colors_info=&#8220;{}&#8220; custom_padding__hover=&#8220;|||&#8220;][et_pb_text admin_label=&#8220;Headline STEREOTAKXIE&#8220; _builder_version=&#8220;4.16&#8243; use_border_color=&#8220;off&#8220; global_colors_info=&#8220;{}&#8220;]<\/p>\n<h1><span style=\"color: #50a000;\">STEREOTAKTISCHE BESTRAHLUNG<\/span><\/h1>\n<p>[\/et_pb_text][et_pb_text admin_label=&#8220;Text Intro&#8220; _builder_version=&#8220;4.16&#8243; use_border_color=&#8220;off&#8220; global_colors_info=&#8220;{}&#8220;]<\/p>\n<p>Bei einer Strahlentherapie ist es wichtig, das zu bestrahlende Gewebe m\u00f6glichst genau zu erfassen, um das umgebende gesunde Gewebe zu schonen. Die stereotaktische Radio- oder Strahlentherapie stellt in diesem Zusammenhang eine Weiterentwicklung der konventionellen Strahlentherapie dar. Ihr Vorteil liegt in der Pr\u00e4zision, mit der die Strahlung auf das zu behandelnde Gewebe gerichtet werden kann. Eine sehr hohe Strahlendosis wird exakt auf ein definiertes Zielgebiet (z.B. eine Metastase) eingebracht, so dass diese L\u00e4sion punktgenau behandelt wird, ohne das umliegende gesunde Gewebe zu beeintr\u00e4chtigen.<\/p>\n<p>Den Patienten steht in unserer Praxis eines der modernsten Ger\u00e4te zur Hochpr\u00e4zisions-Bestrahlung zur Verf\u00fcgung. Strahlentherapeuten und Medizinphysiker k\u00f6nnen so Tumore und Gef\u00e4\u00dfmissbildungen punktgenau und effektiv behandeln.<\/p>\n<p>[\/et_pb_text][\/et_pb_column][\/et_pb_row][et_pb_row padding_mobile=&#8220;off&#8220; column_padding_mobile=&#8220;on&#8220; _builder_version=&#8220;4.16&#8243; background_size=&#8220;initial&#8220; background_position=&#8220;top_left&#8220; background_repeat=&#8220;repeat&#8220; make_fullwidth=&#8220;off&#8220; use_custom_width=&#8220;off&#8220; width_unit=&#8220;on&#8220; custom_width_px=&#8220;1080px&#8220; custom_width_percent=&#8220;80%&#8220; global_colors_info=&#8220;{}&#8220; column_structure=&#8220;1_3,2_3&#8243;][et_pb_column type=&#8220;1_3&#8243; _builder_version=&#8220;4.16&#8243; custom_padding=&#8220;|||&#8220; global_colors_info=&#8220;{}&#8220; custom_padding__hover=&#8220;|||&#8220;][et_pb_text admin_label=&#8220;Text Vorteile&#8220; _builder_version=&#8220;4.16&#8243; use_border_color=&#8220;off&#8220; global_colors_info=&#8220;{}&#8220;]<\/p>\n<h1 style=\"text-align: left;\">Zu den Vorteilen z\u00e4hlen<\/h1>\n<p>[\/et_pb_text][\/et_pb_column][et_pb_column type=&#8220;2_3&#8243; _builder_version=&#8220;4.16&#8243; custom_padding=&#8220;|||&#8220; global_colors_info=&#8220;{}&#8220; custom_padding__hover=&#8220;|||&#8220;][et_pb_text _builder_version=&#8220;4.27.0&#8243; hover_enabled=&#8220;0&#8243; use_border_color=&#8220;off&#8220; global_colors_info=&#8220;{}&#8220; sticky_enabled=&#8220;0&#8243;]<\/p>\n<p><strong>Hohe Pr\u00e4zision:<\/strong><br \/>Die Bestrahlung erfolgt bewegungssynchron. Nur wenn sich der Tumor im Zielgebiet befindet, wird Strahlung abgegeben. Dadurch ist eine punktgenaue Bestrahlung m\u00f6glich.<\/p>\n<p><strong>Hohe Effektivit\u00e4t:<\/strong><br \/>Da das Zielgebiet eng eingegrenzt werden kann, ist eine Bestrahlung mit hohen Strahlendosen m\u00f6glich.<\/p>\n<p><strong>Hohe Sicherheit:<\/strong><br \/>Durch die Zielgenauigkeit der Behandlung bleibt die Belastung f\u00fcr das angrenzende Gewebe trotz hoher Strahlendosen sehr gering.<\/p>\n<p>[\/et_pb_text][\/et_pb_column][\/et_pb_row][\/et_pb_section][et_pb_section fb_built=&#8220;1&#8243; _builder_version=&#8220;4.16&#8243; background_color=&#8220;#f0f5de&#8220; global_colors_info=&#8220;{}&#8220;][et_pb_row _builder_version=&#8220;4.16&#8243; background_size=&#8220;initial&#8220; background_position=&#8220;top_left&#8220; background_repeat=&#8220;repeat&#8220; global_colors_info=&#8220;{}&#8220;][et_pb_column type=&#8220;4_4&#8243; _builder_version=&#8220;4.16&#8243; custom_padding=&#8220;|||&#8220; global_colors_info=&#8220;{}&#8220; custom_padding__hover=&#8220;|||&#8220;][et_pb_text _builder_version=&#8220;4.16&#8243; use_border_color=&#8220;off&#8220; global_colors_info=&#8220;{}&#8220;]<\/p>\n<h1 style=\"text-align: left;\">Es sind zwei Behandlungsstrategien m\u00f6glich<\/h1>\n<p style=\"text-align: left;\">Der behandelnde Arzt entscheidet aufgrund verschiedener Faktoren (z.B. Tumorlage bzw. Tumorgr\u00f6\u00dfe), welche Strategie die geeignete ist<\/p>\n<p>[\/et_pb_text][\/et_pb_column][\/et_pb_row][et_pb_row padding_mobile=&#8220;off&#8220; column_padding_mobile=&#8220;on&#8220; _builder_version=&#8220;4.16&#8243; background_size=&#8220;initial&#8220; background_position=&#8220;top_left&#8220; background_repeat=&#8220;repeat&#8220; make_fullwidth=&#8220;off&#8220; use_custom_width=&#8220;off&#8220; width_unit=&#8220;on&#8220; custom_width_px=&#8220;1080px&#8220; custom_width_percent=&#8220;80%&#8220; global_colors_info=&#8220;{}&#8220; column_structure=&#8220;1_2,1_2&#8243;][et_pb_column type=&#8220;1_2&#8243; _builder_version=&#8220;4.16&#8243; custom_padding=&#8220;|||&#8220; global_colors_info=&#8220;{}&#8220; custom_padding__hover=&#8220;|||&#8220;][et_pb_text _builder_version=&#8220;4.16&#8243; use_border_color=&#8220;off&#8220; global_colors_info=&#8220;{}&#8220;]<\/p>\n<p style=\"text-align: left;\"><strong>Hochpr\u00e4zisionsbestrahlung als Einzeitbestrahlung<\/strong> (Stereotaktische Radiochirurgie): Die stereotaktische Radiochirurgie kann in bestimmten F\u00e4llen anstatt einer Operation durchgef\u00fchrt werden. Die gesamte erforderliche, sehr hohe Strahlendosis wird w\u00e4hrend einer einzigen Behandlungssitzung verabreicht (Einzeitbestrahlung).<\/p>\n<p>[\/et_pb_text][\/et_pb_column][et_pb_column type=&#8220;1_2&#8243; _builder_version=&#8220;4.16&#8243; custom_padding=&#8220;|||&#8220; global_colors_info=&#8220;{}&#8220; custom_padding__hover=&#8220;|||&#8220;][et_pb_text _builder_version=&#8220;4.16&#8243; use_border_color=&#8220;off&#8220; global_colors_info=&#8220;{}&#8220;]<\/p>\n<p style=\"text-align: left;\"><strong>Fraktionierte stereotaktische Pr\u00e4zisionsbestrahlung<\/strong> (Stereotaktische Radiotherapie): Bei der stereotaktischen Radiotherapie wird die Gesamtdosis der Bestrahlung auf mehrere Sitzungen verteilt (fraktioniert).<\/p>\n<p>[\/et_pb_text][\/et_pb_column][\/et_pb_row][\/et_pb_section][et_pb_section fb_built=&#8220;1&#8243; custom_padding_last_edited=&#8220;on|tablet&#8220; _builder_version=&#8220;4.27.0&#8243; background_color=&#8220;#ffffff&#8220; custom_padding_tablet=&#8220;50px|0|50px|0&#8243; hover_enabled=&#8220;0&#8243; transparent_background=&#8220;off&#8220; make_fullwidth=&#8220;off&#8220; use_custom_width=&#8220;off&#8220; width_unit=&#8220;on&#8220; custom_width_px=&#8220;1080px&#8220; custom_width_percent=&#8220;80%&#8220; global_colors_info=&#8220;{}&#8220; sticky_enabled=&#8220;0&#8243; custom_padding=&#8220;50px||50px||false|false&#8220; custom_padding_phone=&#8220;50px|0|50px|0&#8243;][et_pb_row column_padding_mobile=&#8220;on&#8220; _builder_version=&#8220;4.27.0&#8243; background_size=&#8220;initial&#8220; background_position=&#8220;top_left&#8220; background_repeat=&#8220;repeat&#8220; custom_padding=&#8220;||||false|false&#8220; hover_enabled=&#8220;0&#8243; make_fullwidth=&#8220;off&#8220; use_custom_width=&#8220;off&#8220; width_unit=&#8220;on&#8220; custom_width_px=&#8220;1080px&#8220; custom_width_percent=&#8220;80%&#8220; global_colors_info=&#8220;{}&#8220; column_structure=&#8220;1_3,2_3&#8243; sticky_enabled=&#8220;0&#8243; custom_margin=&#8220;||50px||false|false&#8220;][et_pb_column type=&#8220;1_3&#8243; _builder_version=&#8220;4.16&#8243; custom_padding=&#8220;|||&#8220; global_colors_info=&#8220;{}&#8220; custom_padding__hover=&#8220;|||&#8220;][et_pb_image src=&#8220;https:\/\/www.stz-fr.de\/cms\/wp-content\/uploads\/2017\/02\/Motiv-Content-800&#215;600-Lesende-gespiegelt.jpg&#8220; show_bottom_space=&#8220;off&#8220; align_tablet=&#8220;center&#8220; align_last_edited=&#8220;on|desktop&#8220; _builder_version=&#8220;4.16&#8243; use_border_color=&#8220;off&#8220; border_color=&#8220;#ffffff&#8220; border_style=&#8220;solid&#8220; sticky=&#8220;on&#8220; always_center_on_mobile=&#8220;on&#8220; global_colors_info=&#8220;{}&#8220; align_phone=&#8220;center&#8220;][\/et_pb_image][\/et_pb_column][et_pb_column type=&#8220;2_3&#8243; _builder_version=&#8220;4.27.0&#8243; custom_padding=&#8220;|||&#8220; hover_enabled=&#8220;0&#8243; global_colors_info=&#8220;{}&#8220; custom_padding__hover=&#8220;|||&#8220; sticky_enabled=&#8220;0&#8243;][et_pb_text admin_label=&#8220;Text Warum wird bestrahlt?&#8220; _builder_version=&#8220;4.27.0&#8243; hover_enabled=&#8220;0&#8243; use_border_color=&#8220;off&#8220; global_colors_info=&#8220;{}&#8220; sticky_enabled=&#8220;0&#8243;]<\/p>\n<h4>Warum wird bestrahlt?<\/h4>\n<p>Die stereotaktische Radiotherapie wird in erster Linie zur Behandlung von b\u00f6sartigen Tumoren eingesetzt, es k\u00f6nnen aber auch andere L\u00e4sionen bestrahlt werden, z.B. Gef\u00e4\u00dfmissbildungen. Selbst unregelm\u00e4\u00dfig geformte Tumoren k\u00f6nnen mithilfe dieser Methode sehr zielgenau bestrahlt werden. Am h\u00e4ufigsten werden neben Hirntumoren und Hirnmetastasen v.a. nicht operable Tumore in der N\u00e4he wichtiger und empfindlicher Organe \u2013 z.B. im R\u00fcckenmark \u2013 behandelt, ebenso wie Tumore in Lunge, Leber, Prostata. oder wieder aufgetretene Tumore.<\/p>\n<p>[\/et_pb_text][et_pb_text admin_label=&#8220;Text Wie wird behandelt?&#8220; _builder_version=&#8220;4.27.0&#8243; text_orientation=&#8220;justified&#8220; hover_enabled=&#8220;0&#8243; use_border_color=&#8220;off&#8220; global_colors_info=&#8220;{}&#8220; sticky_enabled=&#8220;0&#8243;]<\/p>\n<h4>Wie wird behandelt?<\/h4>\n<p>Mithilfe bildgebender Verfahren (z.B. Computertomographie) werden zun\u00e4chst Lage und Gr\u00f6\u00dfe des zu bestrahlenden Gewebes exakt bestimmt und erfasst. Die Untersuchung ist schmerzfrei, eventuell sind zus\u00e4tzliche Lagerungshilfen (z.B. eine Lagerungsmatte) zur Fixierung der zu behandelnden K\u00f6rperegion erforderlich. Anhand der gewonnenen Daten findet eine computergest\u00fctzte Bestrahlungsplanung statt.<\/p>\n<p>Vor jeder Behandlung wird die zu bestrahlende K\u00f6rperregion fixiert und eine Lagerungskontrolle mittels eines Laser-Systems durchgef\u00fchrt. Bildgebende Verfahren helfen dem Strahlentherapeuten, die korrekte Position und die Lokalisation des Tumors f\u00fcr die Behandlung einzustellen. Mit einer speziellen Software wird die Lagerung mit dem Planungs-CT abgeglichen. Ein digitales Bildf\u00fchrungssystem \u00fcberwacht w\u00e4hrend der gesamten Bestrahlungszeit die Position des Patienten und die Lage des Tumors. Sobald die Therapie beginnt, bewegt sich das Bestrahlungssystem um den Patienten herum und gibt die auf den Tumor abgestimmte Strahlendosis ab.<\/p>\n<p>[\/et_pb_text][et_pb_text admin_label=&#8220;Text Gibt es Nebenwirkungen?&#8220; _builder_version=&#8220;4.27.0&#8243; hover_enabled=&#8220;0&#8243; use_border_color=&#8220;off&#8220; global_colors_info=&#8220;{}&#8220; sticky_enabled=&#8220;0&#8243;]<\/p>\n<h4>Gibt es Nebenwirkungen?<\/h4>\n<p>Sowohl die Radiochirurgie als auch die fraktionierte stereotaktische Radiotherapie sind schonende Methoden mit geringen Komplikationsraten. Die Strahlung kommt genau dort an, wo sie hin soll. So wird der Tumor effektiv bestrahlt und das umliegende Gewebe nur gering belastet.<\/p>\n<p>[\/et_pb_text][\/et_pb_column][\/et_pb_row][\/et_pb_section][et_pb_section fb_built=&#8220;1&#8243; custom_padding_last_edited=&#8220;on|desktop&#8220; _builder_version=&#8220;4.16&#8243; background_color=&#8220;#50a500&#8243; background_image=&#8220;https:\/\/www.stz-fr.de\/cms\/wp-content\/uploads\/2016\/06\/Top-Motiv-1500&#215;500-Green-4.jpg&#8220; custom_padding_tablet=&#8220;50px|0|50px|0&#8243; custom_padding_phone=&#8220;&#8220; transparent_background=&#8220;off&#8220; padding_mobile=&#8220;off&#8220; make_fullwidth=&#8220;off&#8220; use_custom_width=&#8220;off&#8220; width_unit=&#8220;on&#8220; custom_width_px=&#8220;1080px&#8220; custom_width_percent=&#8220;80%&#8220; global_colors_info=&#8220;{}&#8220;][et_pb_row padding_mobile=&#8220;off&#8220; column_padding_mobile=&#8220;on&#8220; _builder_version=&#8220;4.16&#8243; background_size=&#8220;initial&#8220; background_position=&#8220;top_left&#8220; background_repeat=&#8220;repeat&#8220; make_fullwidth=&#8220;off&#8220; use_custom_width=&#8220;off&#8220; width_unit=&#8220;on&#8220; custom_width_px=&#8220;1080px&#8220; custom_width_percent=&#8220;80%&#8220; global_colors_info=&#8220;{}&#8220; column_structure=&#8220;1_3,2_3&#8243;][et_pb_column type=&#8220;1_3&#8243; _builder_version=&#8220;4.16&#8243; custom_padding=&#8220;|||&#8220; global_colors_info=&#8220;{}&#8220; custom_padding__hover=&#8220;|||&#8220;][et_pb_text _builder_version=&#8220;4.16&#8243; background_layout=&#8220;dark&#8220; use_border_color=&#8220;off&#8220; border_color=&#8220;#dddddd&#8220; border_style=&#8220;solid&#8220; global_colors_info=&#8220;{}&#8220;]<\/p>\n<h3>ABLAUF EINER STEREOTAKTISCHEN BESTRAHLUNG<\/h3>\n<p>[\/et_pb_text][\/et_pb_column][et_pb_column type=&#8220;2_3&#8243; _builder_version=&#8220;4.16&#8243; custom_padding=&#8220;|||&#8220; global_colors_info=&#8220;{}&#8220; custom_padding__hover=&#8220;|||&#8220;][et_pb_text _builder_version=&#8220;4.16&#8243; background_layout=&#8220;dark&#8220; use_border_color=&#8220;off&#8220; global_colors_info=&#8220;{}&#8220;]<\/p>\n<p style=\"text-align: left;\"><strong>Die Planung der geeigneten Therapie erfolgt in enger Zusammenarbeit mit den Onkologen in Krankenhaus und Praxis. In regelm\u00e4\u00dfigen gemeinsamen Tumor-Konferenzen werden alle wesentlichen Befunde (z. B. CT-Bilder, Laborwerte, Histologie-Befunde) er\u00f6rtert, um dann die Therapie individuell f\u00fcr jeden Patienten festzulegen. Die stereotaktische Bestrahlungsbehandlung erstreckt sich in der Regel \u00fcber wenige Tage oder Wochen und ist abh\u00e4ngig von der jeweiligen Tumor-Konstellation.<\/strong><\/p>\n<p>[\/et_pb_text][\/et_pb_column][\/et_pb_row][\/et_pb_section][et_pb_section fb_built=&#8220;1&#8243; custom_padding_last_edited=&#8220;on|desktop&#8220; _builder_version=&#8220;4.16&#8243; background_color=&#8220;#ffffff&#8220; custom_padding=&#8220;0px|||&#8220; custom_padding_tablet=&#8220;50px|0|50px|0&#8243; custom_padding_phone=&#8220;&#8220; transparent_background=&#8220;off&#8220; padding_mobile=&#8220;off&#8220; make_fullwidth=&#8220;off&#8220; use_custom_width=&#8220;off&#8220; width_unit=&#8220;on&#8220; custom_width_px=&#8220;1080px&#8220; custom_width_percent=&#8220;80%&#8220; global_colors_info=&#8220;{}&#8220;][et_pb_row padding_mobile=&#8220;off&#8220; column_padding_mobile=&#8220;on&#8220; _builder_version=&#8220;4.27.0&#8243; background_size=&#8220;initial&#8220; background_position=&#8220;top_left&#8220; background_repeat=&#8220;repeat&#8220; hover_enabled=&#8220;0&#8243; make_fullwidth=&#8220;off&#8220; use_custom_width=&#8220;off&#8220; width_unit=&#8220;on&#8220; custom_width_px=&#8220;1080px&#8220; custom_width_percent=&#8220;80%&#8220; global_colors_info=&#8220;{}&#8220; column_structure=&#8220;1_3,2_3&#8243; custom_margin=&#8220;||50px||false|false&#8220; sticky_enabled=&#8220;0&#8243;][et_pb_column type=&#8220;1_3&#8243; _builder_version=&#8220;4.16&#8243; custom_padding=&#8220;|||&#8220; global_colors_info=&#8220;{}&#8220; custom_padding__hover=&#8220;|||&#8220;][et_pb_text _builder_version=&#8220;4.27.0&#8243; hover_enabled=&#8220;0&#8243; use_border_color=&#8220;off&#8220; border_color=&#8220;#dddddd&#8220; border_style=&#8220;solid&#8220; global_colors_info=&#8220;{}&#8220; sticky_enabled=&#8220;0&#8243;]<\/p>\n<h4>Vorbereitung<\/h4>\n<p>Fu\u0308r die CT-Aufnahme und die Behandlungen ben\u00f6tigen Sie nur ein gro\u00dfes Handtuch. Von Kassenversicherten ben\u00f6tigen wir beim Erstgespr\u00e4ch Ihren \u00dcberweisungsschein und die Versicherungskarte.<\/p>\n<p>[\/et_pb_text][et_pb_image src=&#8220;https:\/\/www.stz-fr.de\/cms\/wp-content\/uploads\/2016\/05\/Motiv-Content-800&#215;600-Gespraech.jpg&#8220; show_bottom_space=&#8220;off&#8220; align_tablet=&#8220;center&#8220; align_last_edited=&#8220;on|desktop&#8220; _builder_version=&#8220;4.16&#8243; animation_style=&#8220;slide&#8220; animation_direction=&#8220;left&#8220; animation_duration=&#8220;500ms&#8220; animation_intensity_slide=&#8220;10%&#8220; use_border_color=&#8220;off&#8220; border_color=&#8220;#ffffff&#8220; border_width=&#8220;1px&#8220; border_style=&#8220;solid&#8220; sticky=&#8220;on&#8220; always_center_on_mobile=&#8220;on&#8220; global_colors_info=&#8220;{}&#8220; align_phone=&#8220;center&#8220;][\/et_pb_image][\/et_pb_column][et_pb_column type=&#8220;2_3&#8243; _builder_version=&#8220;4.16&#8243; custom_padding=&#8220;|||&#8220; global_colors_info=&#8220;{}&#8220; custom_padding__hover=&#8220;|||&#8220;][et_pb_text _builder_version=&#8220;4.27.0&#8243; hover_enabled=&#8220;0&#8243; use_border_color=&#8220;off&#8220; global_colors_info=&#8220;{}&#8220; sticky_enabled=&#8220;0&#8243;]<\/p>\n<h4 style=\"text-align: justify;\">1. Erster Kontakt<\/h4>\n<p style=\"text-align: left;\">Der erste Kontakt dient dem Kennenlernen. Dabei werden Ihre Krankengeschichte und der Behandlungsplan ausf\u00fchrlich mit Ihnen besprochen. Nat\u00fcrlich steht Ihnen Ihr Arzt bzw. Ihre \u00c4rztin fu\u0308r alle offenen Fragen zur Verf\u00fcgung. Sollten weitere Untersuchungen notwendig sein, k\u00fcmmern wir uns um Ihre Termine.<\/p>\n<h4 style=\"text-align: left;\">2. CT-Untersuchung zur Bestrahlungsplanung<\/h4>\n<p style=\"text-align: left;\">F\u00fcr Ihren zweiten Termin wird zur Planung der Strahlentherapie eine CT-Aufnahme (Computertomographie) angefertigt. Dabei lagern unsere FachassistenInnen Sie mit speziellen Kissen und Lagerungshilfen exakt so, wie dies sp\u00e4ter auch bei der Bestrahlung notwendig ist (\u00fcblicherweise mit den Armen u\u0308ber den Kopf). Mit Hilfe eines Lasersystems auf Basis dieser CT-Aufnahme erstellen die \u00c4rzte und Medizinphysiker dann den Therapieplan f\u00fcr das eigentliche Behandlungsger\u00e4t einer jeden Strahlentherapie, den sogenannten Linearbeschleuniger.<\/p>\n<h4 style=\"text-align: left;\">3. Erstellung<\/h4>\n<p style=\"text-align: left;\">Bei der Ersteinstellung werden alle Parameter und Bestrahlungsfelder nochmals kontrolliert, daher ist der Zeitaufwand h\u00f6her als bei den weiteren Bestrahlungen.<\/p>\n<h4 style=\"text-align: left;\">4. Bestrahlungsbehandlung<\/h4>\n<p style=\"text-align: left;\">Die Bestrahlungssitzungen dauern t\u00e4glich etwa 10 Minuten \u00fcber einen Zeitraum von ca. 6 Wochen. Mindestens einmal pro Woche \u2013 bei Bedarf auch h\u00e4ufiger \u2013 bespricht die \u00c4rztin oder der Arzt mit Ihnen den Therapieverlauf. Zus\u00e4tzlich behandelt unser Fachpersonal m\u00f6gliche Hautreaktionen und ber\u00e4t bei der optimalen Hautpflege w\u00e4hrend der Strahlentherapie.<\/p>\n<h4 style=\"text-align: left;\">5. Abschluss der Behandlung<\/h4>\n<p style=\"text-align: left;\">Beim Abschluss der Behandlung wird neben der k\u00f6rperlichen Untersuchung im Arztgespr\u00e4ch gekl\u00e4rt, ob zus\u00e4tzliche Nachsorgeuntersuchungen bzw. Rehabilitationsma\u00dfnahmen sinnvoll sind. So ist auch Ihre weitere Betreuung und Nachsorge gesichert.<\/p>\n<p>[\/et_pb_text][\/et_pb_column][\/et_pb_row][\/et_pb_section]<\/p>\n","protected":false},"excerpt":{"rendered":"<p>STEREOTAKTISCHE BESTRAHLUNG Bei einer Strahlentherapie ist es wichtig, das zu bestrahlende Gewebe m\u00f6glichst genau zu erfassen, um das umgebende gesunde Gewebe zu schonen. Die stereotaktische Radio- oder Strahlentherapie stellt in diesem Zusammenhang eine Weiterentwicklung der konventionellen Strahlentherapie dar. Ihr Vorteil liegt in der Pr\u00e4zision, mit der die Strahlung auf das zu behandelnde Gewebe gerichtet werden [&hellip;]<\/p>\n","protected":false},"author":1,"featured_media":0,"parent":65,"menu_order":21,"comment_status":"closed","ping_status":"closed","template":"","meta":{"_et_pb_use_builder":"on","_et_pb_old_content":"","_et_gb_content_width":"","footnotes":""},"class_list":["post-1596","page","type-page","status-publish","hentry"],"_links":{"self":[{"href":"https:\/\/www.stz-fr.de\/cms\/wp-json\/wp\/v2\/pages\/1596","targetHints":{"allow":["GET"]}}],"collection":[{"href":"https:\/\/www.stz-fr.de\/cms\/wp-json\/wp\/v2\/pages"}],"about":[{"href":"https:\/\/www.stz-fr.de\/cms\/wp-json\/wp\/v2\/types\/page"}],"author":[{"embeddable":true,"href":"https:\/\/www.stz-fr.de\/cms\/wp-json\/wp\/v2\/users\/1"}],"replies":[{"embeddable":true,"href":"https:\/\/www.stz-fr.de\/cms\/wp-json\/wp\/v2\/comments?post=1596"}],"version-history":[{"count":0,"href":"https:\/\/www.stz-fr.de\/cms\/wp-json\/wp\/v2\/pages\/1596\/revisions"}],"up":[{"embeddable":true,"href":"https:\/\/www.stz-fr.de\/cms\/wp-json\/wp\/v2\/pages\/65"}],"wp:attachment":[{"href":"https:\/\/www.stz-fr.de\/cms\/wp-json\/wp\/v2\/media?parent=1596"}],"curies":[{"name":"wp","href":"https:\/\/api.w.org\/{rel}","templated":true}]}}