{"id":1618,"date":"2017-02-10T11:30:16","date_gmt":"2017-02-10T10:30:16","guid":{"rendered":"http:\/\/k-stz.beebox.de\/cms\/infothek\/news-veranstaltungen\/"},"modified":"2025-01-28T15:43:42","modified_gmt":"2025-01-28T14:43:42","slug":"news-veranstaltungen","status":"publish","type":"page","link":"https:\/\/www.stz-fr.de\/cms\/infothek\/news-veranstaltungen\/","title":{"rendered":"News &#038; Veranstaltungen"},"content":{"rendered":"<p>[et_pb_section fb_built=&#8220;1&#8243; fullwidth=&#8220;on&#8220; _builder_version=&#8220;4.22.2&#8243; _module_preset=&#8220;default&#8220; global_colors_info=&#8220;{}&#8220;][et_pb_fullwidth_header header_fullscreen=&#8220;on&#8220; header_scroll_down=&#8220;on&#8220; _builder_version=&#8220;4.22.2&#8243; _module_preset=&#8220;default&#8220; background_color=&#8220;#F0F5DE&#8220; background_image=&#8220;https:\/\/www.stz-fr.de\/cms\/wp-content\/uploads\/2018\/03\/Top-Motiv-NewsNeues-1920&#215;640.jpg&#8220; global_colors_info=&#8220;{}&#8220;][\/et_pb_fullwidth_header][\/et_pb_section][et_pb_section fb_built=&#8220;1&#8243; _builder_version=&#8220;4.16&#8243; background_color=&#8220;#f0f5de&#8220; locked=&#8220;off&#8220; global_colors_info=&#8220;{}&#8220;][et_pb_row _builder_version=&#8220;4.16&#8243; background_size=&#8220;initial&#8220; background_position=&#8220;top_left&#8220; background_repeat=&#8220;repeat&#8220; global_colors_info=&#8220;{}&#8220;][et_pb_column type=&#8220;4_4&#8243; _builder_version=&#8220;4.16&#8243; custom_padding=&#8220;|||&#8220; global_colors_info=&#8220;{}&#8220; custom_padding__hover=&#8220;|||&#8220;][et_pb_blog fullwidth=&#8220;off&#8220; posts_number=&#8220;12&#8243; include_categories=&#8220;1,12,17,15,13&#8243; meta_date=&#8220;d.m.Y&#8220; excerpt_length=&#8220;180&#8243; show_more=&#8220;on&#8220; show_author=&#8220;off&#8220; show_categories=&#8220;off&#8220; show_pagination=&#8220;off&#8220; use_overlay=&#8220;on&#8220; overlay_icon_color=&#8220;#ffffff&#8220; hover_overlay_color=&#8220;rgba(80,160,0,0.44)&#8220; hover_icon=&#8220;&#xe059;||divi||400&#8243; admin_label=&#8220;Blog \/ News&#8220; _builder_version=&#8220;4.22.2&#8243; header_font=&#8220;Barlow||||||||&#8220; header_font_size=&#8220;19px&#8220; header_line_height=&#8220;1.2em&#8220; body_font_size=&#8220;16px&#8220; body_line_height=&#8220;1.4em&#8220; meta_font=&#8220;||on||||||&#8220; meta_text_color=&#8220;rgba(20,35,0,0.32)&#8220; meta_font_size=&#8220;14px&#8220; pagination_font_size_tablet=&#8220;51&#8243; pagination_line_height_tablet=&#8220;2&#8243; custom_css_post_meta=&#8220;margin-top:5px;&#8220; custom_css_read_more=&#8220;padding:8px 16px;||display:block;||margin-top:30px;||color:#50a000;||border:2px solid #50a000;||border-radius: 5px;||font-family:default;||text-align:center;||||font-style:normal;||||&#8220; border_radii=&#8220;on|10px|10px|10px|10px&#8220; global_colors_info=&#8220;{}&#8220;][\/et_pb_blog][\/et_pb_column][\/et_pb_row][\/et_pb_section]<\/p>\n","protected":false},"excerpt":{"rendered":"","protected":false},"author":1,"featured_media":0,"parent":50,"menu_order":8,"comment_status":"closed","ping_status":"closed","template":"","meta":{"_et_pb_use_builder":"on","_et_pb_old_content":"<h1>Veranstaltung<\/h1>\r\n<h2>Eine optimale Rundumversorgung in der Strahlentherapie: modernste Ger\u00e4te und menschliche Zuwendung<\/h2>\r\n<h3>26.04.2023\u00a0|\u00a0Freiburg<\/h3>\r\n<p>Strahlentherapie geh\u00f6rt neben chirurgischen Eingriffen und medikament\u00f6sen Therapien zu den effektivsten Behandlungsmethoden gegen Krebs.<br \/>In diesem Vortrag werden sie \u00fcber aktuelle Entwicklungen der Strahlentherapie aufgekl\u00e4rt.<br \/>Dar\u00fcber hinaus stellen wir Ihnen unser patienten-orientiertes Konzept vor, bei dem die Patient*innen die Hauptrolle einnehmen.\u00a0Ziel ist es, Ihnen die Angst vor der Strahlentherapie zu nehmen und Ihnen die vielf\u00e4ltigen Unterst\u00fctzungsangebote w\u00e4hrend und nach der Krebsbehandlung aufzuzeigen.<br \/>Im Anschluss an den Vortrag besteht die M\u00f6glichkeit, Fragen an die Referenten zu stellen.<\/p>\r\n<p><br \/><strong>Referenten:<br \/><\/strong>Dr. med. Christian Wei\u00dfenberger, Facharzt f\u00fcr Strahlentherapie, Leiter des Zentrums f\u00fcr Strahlentherapie Freiburg<\/p>\r\n<p>Carsten Witte,\u00a0<strong>Gesundheitsp\u00e4dagoge und Psychoonkologe im Zentrum f\u00fcr Strahlentherapie Freiburg<br \/><br \/><\/strong><\/p>\r\n<p><strong>Eintritt:<\/strong>\u00a0frei<br \/><br \/><\/p>\r\n<p>Veranstalter ist das ArztForum Freiburg e. V. in Kooperation mit der Kassen\u00e4rztlichen Vereinigung Baden-W\u00fcrttemberg<br \/><br \/><\/p>\r\n<p>Termin:Mi, 26.04.2023, 19.00 \u2013 21.00 UhrOrt:<\/p>\r\n<p>B\u00fcrgerhaus am Seepark<br \/>Gerhart-Hauptmann-Str. 1<br \/>79110 Freiburg<\/p>\r\n<p>Links:<\/p>\r\n<p><a href=\"https:\/\/www.arztforumfreiburg.de\/der-verein\/aktuelles\/aktuelles\/26042023-vortrag-ueber-die-optimale-rundumversorgung-in-der-strahlentherapie\">Arztforum Freiburg<\/a><\/p>\r\n<p><a href=\"https:\/\/www.kvbawue.de\/patienten\/veranstaltungen\/arzt-patienten-forum\/veranstaltung-detail?id_detail=21030&cHash=a8f4c46da4d62b1ae333b0b8e6b0f229\">KV Baden-W\u00fcrttemberg<\/a><\/p>","_et_gb_content_width":"","footnotes":""},"class_list":["post-1618","page","type-page","status-publish","hentry"],"_links":{"self":[{"href":"https:\/\/www.stz-fr.de\/cms\/wp-json\/wp\/v2\/pages\/1618","targetHints":{"allow":["GET"]}}],"collection":[{"href":"https:\/\/www.stz-fr.de\/cms\/wp-json\/wp\/v2\/pages"}],"about":[{"href":"https:\/\/www.stz-fr.de\/cms\/wp-json\/wp\/v2\/types\/page"}],"author":[{"embeddable":true,"href":"https:\/\/www.stz-fr.de\/cms\/wp-json\/wp\/v2\/users\/1"}],"replies":[{"embeddable":true,"href":"https:\/\/www.stz-fr.de\/cms\/wp-json\/wp\/v2\/comments?post=1618"}],"version-history":[{"count":0,"href":"https:\/\/www.stz-fr.de\/cms\/wp-json\/wp\/v2\/pages\/1618\/revisions"}],"up":[{"embeddable":true,"href":"https:\/\/www.stz-fr.de\/cms\/wp-json\/wp\/v2\/pages\/50"}],"wp:attachment":[{"href":"https:\/\/www.stz-fr.de\/cms\/wp-json\/wp\/v2\/media?parent=1618"}],"curies":[{"name":"wp","href":"https:\/\/api.w.org\/{rel}","templated":true}]}}