{"id":1926,"date":"2017-05-31T12:24:01","date_gmt":"2017-05-31T10:24:01","guid":{"rendered":"http:\/\/k-stz.beebox.de\/cms\/behandlungsangebot\/strahlentherapie-entzuendlich-degenerativ\/narbenkeloid\/"},"modified":"2018-03-19T11:37:51","modified_gmt":"2018-03-19T10:37:51","slug":"narbenkeloid","status":"publish","type":"page","link":"https:\/\/www.stz-fr.de\/cms\/behandlungsangebot\/strahlentherapie-gutartig-entzuendlich\/narbenkeloid\/","title":{"rendered":"Narbenkeloid"},"content":{"rendered":"<p>[et_pb_section bb_built=&#8220;1&#8243; fullwidth=&#8220;on&#8220; specialty=&#8220;off&#8220; _builder_version=&#8220;3.0.51&#8243; background_color=&#8220;#ffffff&#8220; next_background_color=&#8220;#000000&#8243;][et_pb_fullwidth_slider show_arrows=&#8220;on&#8220; show_pagination=&#8220;on&#8220; auto=&#8220;off&#8220; auto_ignore_hover=&#8220;off&#8220; parallax=&#8220;off&#8220; parallax_method=&#8220;off&#8220; remove_inner_shadow=&#8220;off&#8220; hide_content_on_mobile=&#8220;off&#8220; hide_cta_on_mobile=&#8220;off&#8220; show_image_video_mobile=&#8220;off&#8220; custom_button=&#8220;off&#8220; button_letter_spacing=&#8220;0&#8243; button_icon_placement=&#8220;right&#8220; button_letter_spacing_hover=&#8220;0&#8243; module_id=&#8220;bbxTopmotiv400&#8243; background_repeat=&#8220;repeat&#8220; _builder_version=&#8220;3.0.51&#8243; custom_padding=&#8220;|||&#8220; custom_padding_tablet=&#8220;|||&#8220; custom_padding_phone=&#8220;|||&#8220; show_inner_shadow=&#8220;on&#8220; show_content_on_mobile=&#8220;on&#8220; show_cta_on_mobile=&#8220;on&#8220; box_shadow_horizontal=&#8220;0px&#8220; box_shadow_vertical=&#8220;0px&#8220; box_shadow_blur=&#8220;10px&#8220; box_shadow_spread=&#8220;0px&#8220; box_shadow_position=&#8220;inner&#8220; box_shadow_color=&#8220;rgba(0,0,0,0.1)&#8220; box_shadow_style=&#8220;preset6&#8243;][et_pb_slide background_image=&#8220;https:\/\/www.stz-fr.de\/cms\/wp-content\/uploads\/2017\/05\/Top-Motiv-1920&#215;640-Narbenkeloid.jpg&#8220; background_position=&#8220;center&#8220; background_size=&#8220;cover&#8220; background_color=&#8220;#ffffff&#8220; use_bg_overlay=&#8220;off&#8220; use_text_overlay=&#8220;off&#8220; alignment=&#8220;center&#8220; background_layout=&#8220;dark&#8220; allow_player_pause=&#8220;off&#8220; text_border_radius=&#8220;3&#8243; header_font_select=&#8220;default&#8220; header_font=&#8220;||||&#8220; body_font_select=&#8220;default&#8220; body_font=&#8220;||||&#8220; custom_button=&#8220;off&#8220; button_font_select=&#8220;default&#8220; button_font=&#8220;||||&#8220; button_use_icon=&#8220;default&#8220; button_icon_placement=&#8220;right&#8220; button_on_hover=&#8220;on&#8220; use_background_color_gradient=&#8220;off&#8220; background_color_gradient_start=&#8220;#2b87da&#8220; background_color_gradient_end=&#8220;#29c4a9&#8243; background_color_gradient_type=&#8220;linear&#8220; background_color_gradient_direction=&#8220;180deg&#8220; background_color_gradient_direction_radial=&#8220;center&#8220; background_color_gradient_start_position=&#8220;0%&#8220; background_color_gradient_end_position=&#8220;100%&#8220; parallax=&#8220;off&#8220; parallax_method=&#8220;off&#8220; background_repeat=&#8220;no-repeat&#8220; background_blend=&#8220;normal&#8220; \/][\/et_pb_fullwidth_slider][\/et_pb_section][et_pb_section bb_built=&#8220;1&#8243; fullwidth=&#8220;off&#8220; specialty=&#8220;off&#8220; background_color=&#8220;#ffffff&#8220; parallax_method=&#8220;off&#8220; _builder_version=&#8220;3.0.106&#8243; custom_padding_tablet=&#8220;50px|0px|0px|0px&#8220; custom_padding_last_edited=&#8220;on|phone&#8220; prev_background_color=&#8220;#000000&#8243; next_background_color=&#8220;#000000&#8243; custom_padding=&#8220;||0px|&#8220;][et_pb_row make_fullwidth=&#8220;off&#8220; use_custom_width=&#8220;off&#8220; width_unit=&#8220;on&#8220; use_custom_gutter=&#8220;off&#8220; padding_mobile=&#8220;off&#8220; allow_player_pause=&#8220;off&#8220; parallax=&#8220;off&#8220; parallax_method=&#8220;off&#8220; make_equal=&#8220;off&#8220; parallax_1=&#8220;off&#8220; parallax_method_1=&#8220;off&#8220; parallax_2=&#8220;off&#8220; parallax_method_2=&#8220;off&#8220; column_padding_mobile=&#8220;on&#8220; background_position=&#8220;top_left&#8220; background_repeat=&#8220;repeat&#8220; background_size=&#8220;initial&#8220;][et_pb_column type=&#8220;4_4&#8243;][et_pb_text admin_label=&#8220;Headline&#8220; background_layout=&#8220;light&#8220; text_orientation=&#8220;left&#8220; border_color=&#8220;#dddddd&#8220; border_style=&#8220;solid&#8220; background_position=&#8220;top_left&#8220; background_repeat=&#8220;repeat&#8220; background_size=&#8220;initial&#8220; _builder_version=&#8220;3.0.51&#8243;]<\/p>\n<h1>Strahlenbehandlung bei Narbenkeloid<\/h1>\n<p>[\/et_pb_text][et_pb_text admin_label=&#8220;Text Intro&#8220; background_layout=&#8220;light&#8220; background_position=&#8220;top_left&#8220; background_repeat=&#8220;repeat&#8220; background_size=&#8220;initial&#8220; _builder_version=&#8220;3.0.106&#8243;]<\/p>\n<p>Als Narbenkeloid werden Wucherungen oder Strangbildungen der Haut mit Vorwachsen in das umgebende Bindegewebe, meist nach Hautverletzung oder Operation, selten auch spontan ohne ausl\u00f6sendes Ereignis, bezeichnet.<\/p>\n<p>[\/et_pb_text][\/et_pb_column][\/et_pb_row][et_pb_row background_position=&#8220;top_left&#8220; background_repeat=&#8220;repeat&#8220; background_size=&#8220;initial&#8220;][et_pb_column type=&#8220;1_3&#8243;][et_pb_image src=&#8220;https:\/\/www.stz-fr.de\/cms\/wp-content\/uploads\/2017\/06\/Motiv-Content-Nrbenkeloid-Schulter-800&#215;600.jpg&#8220; show_in_lightbox=&#8220;off&#8220; url_new_window=&#8220;off&#8220; use_overlay=&#8220;on&#8220; sticky=&#8220;on&#8220; align=&#8220;left&#8220; force_fullwidth=&#8220;off&#8220; always_center_on_mobile=&#8220;on&#8220; border_color=&#8220;#50a000&#8243; border_style=&#8220;solid&#8220; title_text=&#8220;Untersuchung Ellenbogen&#8220; overlay_icon_color=&#8220;#ffffff&#8220; hover_overlay_color=&#8220;#50a000&#8243; hover_icon=&#8220;%%204%%&#8220; _builder_version=&#8220;3.0.51&#8243; animation_style=&#8220;none&#8220; animation_duration=&#8220;1000ms&#8220; animation_intensity_slide=&#8220;50%&#8220; show_bottom_space=&#8220;off&#8220; \/][\/et_pb_column][et_pb_column type=&#8220;2_3&#8243;][et_pb_text admin_label=&#8220;Text Ursache&#8220; background_layout=&#8220;light&#8220; background_position=&#8220;top_left&#8220; background_repeat=&#8220;repeat&#8220; background_size=&#8220;initial&#8220; _builder_version=&#8220;3.0.106&#8243;]<\/p>\n<h4>Entstehung und Ursache<\/h4>\n<p>Die Ursache der Keloidbildung ist noch nicht komplett erforscht, aber eine genetische Disposition scheint gesichert. Bevorzugte Lokalisationen dieser wulstf\u00f6rmigen, zartrosa bis tiefroten Gewebswucherungen sind Kopf-Hals-Bereich und Brustpartie. Neben der kosmetischen Beeintr\u00e4chtigung kann es zu Juckreiz, Brennen und Schmerzen kommen.<\/p>\n<p>[\/et_pb_text][et_pb_text admin_label=&#8220;Text Bestrahlung&#8220; background_layout=&#8220;light&#8220; background_position=&#8220;top_left&#8220; background_repeat=&#8220;repeat&#8220; background_size=&#8220;initial&#8220; _builder_version=&#8220;3.0.106&#8243;]<\/p>\n<h4>Warum wird bestrahlt?<\/h4>\n<p>Die Therapie von Keloiden ist schwierig, so dass h\u00e4ufig mehrere Therapieans\u00e4tze \u201eprobiert\u201c werden, um ein befriedigendes Ergebnis zu erreichen. Die alleinige operative Entfernung ist nicht erfolgversprechend, da es zu einer erneuten Keloidbildung im Narbenbereich kommt. Ein bew\u00e4hrter Therapieansatz ist die Strahlentherapie. Nach chirurgischer Entfernung des st\u00f6renden Keloids sollte innerhalb von 24 Stunden die erste Bestrahlung erfolgen, so da\u00df ein Rezidiv mit hoher Wahrscheinlichkeit verhindert werden kann.<\/p>\n<p>[\/et_pb_text][\/et_pb_column][\/et_pb_row][et_pb_row make_fullwidth=&#8220;off&#8220; use_custom_width=&#8220;off&#8220; width_unit=&#8220;on&#8220; use_custom_gutter=&#8220;off&#8220; padding_mobile=&#8220;off&#8220; allow_player_pause=&#8220;off&#8220; parallax=&#8220;off&#8220; parallax_method=&#8220;off&#8220; make_equal=&#8220;off&#8220; parallax_1=&#8220;off&#8220; parallax_method_1=&#8220;off&#8220; parallax_2=&#8220;off&#8220; parallax_method_2=&#8220;off&#8220; column_padding_mobile=&#8220;on&#8220; parallax_3=&#8220;off&#8220; parallax_method_3=&#8220;off&#8220; custom_padding=&#8220;0px|||&#8220; background_position=&#8220;top_left&#8220; background_repeat=&#8220;repeat&#8220; background_size=&#8220;initial&#8220;][et_pb_column type=&#8220;1_3&#8243;][et_pb_image _builder_version=&#8220;3.0.51&#8243; src=&#8220;https:\/\/www.stz-fr.de\/cms\/wp-content\/uploads\/2017\/06\/Motiv-Content-Nrabenkeloid-Bauch-800&#215;600.jpg&#8220; show_in_lightbox=&#8220;off&#8220; url_new_window=&#8220;off&#8220; use_overlay=&#8220;off&#8220; sticky=&#8220;off&#8220; align=&#8220;left&#8220; always_center_on_mobile=&#8220;on&#8220; border_style=&#8220;solid&#8220; force_fullwidth=&#8220;off&#8220; animation_style=&#8220;none&#8220; animation_duration=&#8220;1000ms&#8220; animation_intensity_slide=&#8220;50%&#8220; show_bottom_space=&#8220;on&#8220; \/][\/et_pb_column][et_pb_column type=&#8220;2_3&#8243;][et_pb_text admin_label=&#8220;Text Behandlung&#8220; background_layout=&#8220;light&#8220; use_border_color=&#8220;off&#8220; background_position=&#8220;top_left&#8220; background_repeat=&#8220;repeat&#8220; background_size=&#8220;initial&#8220; _builder_version=&#8220;3.0.106&#8243;]<\/p>\n<h4>Wie wird behandelt?<\/h4>\n<p>Die Therapie umfasst meist 6 jeweils etwa 5-min\u00fctige Bestrahlungen, die \u00fcber 2 Wochen verteilt sind. \u00dcber die genaue Anzahl und Gesamtdosis der Strahlentherapie wird in Abh\u00e4ngigkeit von Gr\u00f6\u00dfe und Lokalisation des Keloids entschieden. Unser Fachpersonal ber\u00e4t Sie wegen der aufgezeichneten Markierungen und der optimalen Hautpflege w\u00e4hrend Ihrer Strahlentherapie.<\/p>\n<p>[\/et_pb_text][et_pb_text admin_label=&#8220;Text Nebenwirkung&#8220; background_layout=&#8220;light&#8220; text_orientation=&#8220;left&#8220; use_border_color=&#8220;off&#8220; border_color=&#8220;#dddddd&#8220; border_style=&#8220;solid&#8220; background_position=&#8220;top_left&#8220; background_repeat=&#8220;repeat&#8220; background_size=&#8220;initial&#8220; _builder_version=&#8220;3.0.106&#8243;]<\/p>\n<h4>Gibt es Nebenwirkungen?<\/h4>\n<div class=\"page\" title=\"Page 1\">\n<div class=\"section\">\n<div class=\"layoutArea\">\n<div class=\"column\">\n<p>Die Strahlendosis ist bei dieser Behandlungsform \u00e4u\u00dferst gering, daher ist sie v\u00f6llig schmerzfrei und arm an Nebenwirkungen. Durch die Bestrahlung wird die Haut leicht gereizt, wodurch es an der behandelten Stelle zu einer unterschiedlich starken Hautr\u00f6tung kommen kann.<\/p>\n<\/div>\n<\/div>\n<\/div>\n<\/div>\n<p>[\/et_pb_text][\/et_pb_column][\/et_pb_row][\/et_pb_section][et_pb_section bb_built=&#8220;1&#8243; fullwidth=&#8220;off&#8220; specialty=&#8220;off&#8220; transparent_background=&#8220;off&#8220; allow_player_pause=&#8220;off&#8220; inner_shadow=&#8220;off&#8220; parallax=&#8220;off&#8220; parallax_method=&#8220;off&#8220; make_fullwidth=&#8220;off&#8220; use_custom_width=&#8220;off&#8220; width_unit=&#8220;on&#8220; make_equal=&#8220;off&#8220; use_custom_gutter=&#8220;off&#8220; prev_background_color=&#8220;#ffffff&#8220; next_background_color=&#8220;#000000&#8243;][et_pb_row background_color=&#8220;#50a500&#8243; background_image=&#8220;\/cms\/wp-content\/uploads\/2016\/06\/Top-Motiv-1500&#215;500-Green-4.jpg&#8220; allow_player_pause=&#8220;off&#8220; parallax=&#8220;off&#8220; parallax_method=&#8220;on&#8220; parallax_1=&#8220;off&#8220; parallax_method_1=&#8220;off&#8220; make_fullwidth=&#8220;off&#8220; use_custom_width=&#8220;off&#8220; width_unit=&#8220;on&#8220; use_custom_gutter=&#8220;off&#8220; make_equal=&#8220;off&#8220; background_position=&#8220;top_left&#8220; background_repeat=&#8220;repeat&#8220; background_size=&#8220;initial&#8220;][et_pb_column type=&#8220;4_4&#8243;][et_pb_text admin_label=&#8220;Headline Ablauf Gutartig&#8220; background_layout=&#8220;dark&#8220; text_orientation=&#8220;left&#8220; use_border_color=&#8220;off&#8220; border_color=&#8220;#dddddd&#8220; border_style=&#8220;solid&#8220; background_position=&#8220;top_left&#8220; background_repeat=&#8220;repeat&#8220; background_size=&#8220;initial&#8220;]<\/p>\n<h3 style=\"text-align: center;\">ABLAUF DER STRAHLENTHERAPIE<\/h3>\n<p>[\/et_pb_text][\/et_pb_column][\/et_pb_row][et_pb_row make_fullwidth=&#8220;off&#8220; use_custom_width=&#8220;off&#8220; width_unit=&#8220;on&#8220; use_custom_gutter=&#8220;off&#8220; padding_mobile=&#8220;off&#8220; allow_player_pause=&#8220;off&#8220; parallax=&#8220;off&#8220; parallax_method=&#8220;off&#8220; make_equal=&#8220;off&#8220; parallax_1=&#8220;off&#8220; parallax_method_1=&#8220;off&#8220; parallax_2=&#8220;off&#8220; parallax_method_2=&#8220;off&#8220; column_padding_mobile=&#8220;on&#8220; background_position=&#8220;top_left&#8220; background_repeat=&#8220;repeat&#8220; background_size=&#8220;initial&#8220;][et_pb_column type=&#8220;1_3&#8243;][et_pb_text background_layout=&#8220;light&#8220; text_orientation=&#8220;left&#8220; use_border_color=&#8220;off&#8220; border_color=&#8220;#dddddd&#8220; border_style=&#8220;solid&#8220; background_position=&#8220;top_left&#8220; background_repeat=&#8220;repeat&#8220; background_size=&#8220;initial&#8220;]<\/p>\n<h4>Vorbereitung<\/h4>\n<p>F\u00fcr die CT-Aufnahme und die Behandlungen ben\u00f6tigen Sie nur ein gro\u00dfes Handtuch. Von Kassenversicherten ben\u00f6tigen wir beim Erstgespr\u00e4ch Ihren \u00dcberweisungsschein und die Versicherungskarte.<\/p>\n<p>[\/et_pb_text][et_pb_image src=&#8220;https:\/\/www.stz-fr.de\/cms\/wp-content\/uploads\/2017\/05\/Motiv-Content-800&#215;600-ArztGespraech2.jpg&#8220; show_in_lightbox=&#8220;off&#8220; url_new_window=&#8220;off&#8220; use_overlay=&#8220;off&#8220; animation=&#8220;off&#8220; sticky=&#8220;on&#8220; align=&#8220;left&#8220; force_fullwidth=&#8220;off&#8220; always_center_on_mobile=&#8220;on&#8220; use_border_color=&#8220;off&#8220; border_color=&#8220;#ffffff&#8220; border_style=&#8220;solid&#8220; animation_style=&#8220;none&#8220; animation_duration=&#8220;1000ms&#8220; animation_intensity_slide=&#8220;50%&#8220; show_bottom_space=&#8220;off&#8220; \/][\/et_pb_column][et_pb_column type=&#8220;2_3&#8243;][et_pb_text background_layout=&#8220;light&#8220; text_orientation=&#8220;left&#8220; use_border_color=&#8220;off&#8220; border_color=&#8220;#dddddd&#8220; border_style=&#8220;solid&#8220; background_position=&#8220;top_left&#8220; background_repeat=&#8220;repeat&#8220; background_size=&#8220;initial&#8220;]<\/p>\n<h4 style=\"text-align: justify;\">1. Erster Kontakt<\/h4>\n<div class=\"page\" title=\"Page 2\">\n<div class=\"section\">\n<div class=\"layoutArea\">\n<div class=\"column\">Der erste Kontakt dient dem Kennenlernen. Dabei werden Ihre Krankengeschichte und der Behandlungsplan ausf\u00fchrlich mit Ihnen besprochen. Nat\u00fcrlich steht Ihnen Ihr Arzt bzw. Ihre \u00c4rztin f\u00fcr alle offenen Fragen zur Verf\u00fcgung. Sollten weitere Untersuchungen not- wendig sein, k\u00fcmmern wir uns um Ihre Termine.<\/div>\n<\/div>\n<\/div>\n<\/div>\n<p>[\/et_pb_text][et_pb_text background_layout=&#8220;light&#8220; use_border_color=&#8220;off&#8220; background_position=&#8220;top_left&#8220; background_repeat=&#8220;repeat&#8220; background_size=&#8220;initial&#8220; _builder_version=&#8220;3.0.106&#8243;]<\/p>\n<h4>2. CT-Untersuchung zur Bestrahlungsplanung<\/h4>\n<div class=\"column\">Beim zweiten Termin wird zur Planung der Therapie meist eine CT-Aufnahme (Computertomographie) angefertigt. Dabei werden Sie mit speziellen Kissen und Lagerungshilfen exakt so positioniert, wie dies sp\u00e4ter auch bei der Bestrahlung notwendig ist. Entsprechende Markierungen, f\u00fcr die Reproduzierbarkeit der Lagerung, werden auf die Haut aufgemalt und mit wasserdichtem Pflaster fixiert. Auf Basis der ermittelten Werte erstellen die \u00c4rzte und Medizinphysiker dann den Therapieplan. Dieser wird am Linearbeschleuniger umgesetzt, das Behandlungsgera\u0308t der Strahlentherapie.<\/div>\n<p>[\/et_pb_text][et_pb_text background_layout=&#8220;light&#8220; use_border_color=&#8220;off&#8220; background_position=&#8220;top_left&#8220; background_repeat=&#8220;repeat&#8220; background_size=&#8220;initial&#8220; _builder_version=&#8220;3.0.106&#8243;]<\/p>\n<h4>3. Ersteinstellung<\/h4>\n<div class=\"column\">Bei der Ersteinstellung, die etwa 24 Stundennach OP erfolgen sollte, werden alle Parameter und Bestrahlungsfelder nochmals kontrolliert, daher ist der Zeitaufwand h\u00f6her als bei den weiteren Bestrahlungen.<\/div>\n<p>[\/et_pb_text][et_pb_text background_layout=&#8220;light&#8220; use_border_color=&#8220;off&#8220; background_position=&#8220;top_left&#8220; background_repeat=&#8220;repeat&#8220; background_size=&#8220;initial&#8220; _builder_version=&#8220;3.0.106&#8243;]<\/p>\n<h4>4. Bestrahlungsbehandlung<\/h4>\n<div class=\"column\">Die Therapie umfasst meist 6 jeweils etwa 5-min\u00fctige Bestrahlungen, die \u00fcber 2 Wochen verteilt sind. \u00dcber die genaue Anzahl und Gesamtdosis der Strahlentherapie wird in Abh\u00e4ngigkeit von Gr\u00f6\u00dfe und Lokalisation des Keloids entschieden. Unser Fachpersonal ber\u00e4t Sie wegen der aufgezeichneten Markierungen und der optimalen Hautpflege w\u00e4hrend Ihrer Strahlentherapie.<\/div>\n<p>[\/et_pb_text][et_pb_text background_layout=&#8220;light&#8220; text_orientation=&#8220;left&#8220; use_border_color=&#8220;off&#8220; border_color=&#8220;#dddddd&#8220; border_style=&#8220;solid&#8220; background_position=&#8220;top_left&#8220; background_repeat=&#8220;repeat&#8220; background_size=&#8220;initial&#8220;]<\/p>\n<h4>5. Abschluss der Behandlung<\/h4>\n<div class=\"page\" title=\"Page 2\">\n<div class=\"section\">\n<div class=\"layoutArea\">\n<div class=\"column\">Beim Abschluss der Behandlung wird neben der k\u00f6rperlichen Untersuchung im Arztgespr\u00e4ch gekl\u00e4rt, ob und wann eine weitere Bestrahlungsserie (wiederum 6 Sitzungen) sinnvoll ist.<\/div>\n<\/div>\n<\/div>\n<\/div>\n<p>[\/et_pb_text][et_pb_divider admin_label=&#8220;Teiler Spacer 20&#8243; show_divider=&#8220;off&#8220; color=&#8220;#ffffff&#8220; divider_style=&#8220;solid&#8220; divider_position=&#8220;top&#8220; hide_on_mobile=&#8220;on&#8220; height=&#8220;20&#8243; disabled_on=&#8220;on|on|off&#8220; \/][\/et_pb_column][\/et_pb_row][\/et_pb_section]<\/p>\n","protected":false},"excerpt":{"rendered":"<p>Strahlenbehandlung bei Narbenkeloid Als Narbenkeloid werden Wucherungen oder Strangbildungen der Haut mit Vorwachsen in das umgebende Bindegewebe, meist nach Hautverletzung oder Operation, selten auch spontan ohne ausl\u00f6sendes Ereignis, bezeichnet. Entstehung und Ursache Die Ursache der Keloidbildung ist noch nicht komplett erforscht, aber eine genetische Disposition scheint gesichert. Bevorzugte Lokalisationen dieser wulstf\u00f6rmigen, zartrosa bis tiefroten Gewebswucherungen [&hellip;]<\/p>\n","protected":false},"author":1,"featured_media":0,"parent":67,"menu_order":22,"comment_status":"closed","ping_status":"closed","template":"","meta":{"_et_pb_use_builder":"on","_et_pb_old_content":"","_et_gb_content_width":"","footnotes":""},"class_list":["post-1926","page","type-page","status-publish","hentry"],"_links":{"self":[{"href":"https:\/\/www.stz-fr.de\/cms\/wp-json\/wp\/v2\/pages\/1926","targetHints":{"allow":["GET"]}}],"collection":[{"href":"https:\/\/www.stz-fr.de\/cms\/wp-json\/wp\/v2\/pages"}],"about":[{"href":"https:\/\/www.stz-fr.de\/cms\/wp-json\/wp\/v2\/types\/page"}],"author":[{"embeddable":true,"href":"https:\/\/www.stz-fr.de\/cms\/wp-json\/wp\/v2\/users\/1"}],"replies":[{"embeddable":true,"href":"https:\/\/www.stz-fr.de\/cms\/wp-json\/wp\/v2\/comments?post=1926"}],"version-history":[{"count":0,"href":"https:\/\/www.stz-fr.de\/cms\/wp-json\/wp\/v2\/pages\/1926\/revisions"}],"up":[{"embeddable":true,"href":"https:\/\/www.stz-fr.de\/cms\/wp-json\/wp\/v2\/pages\/67"}],"wp:attachment":[{"href":"https:\/\/www.stz-fr.de\/cms\/wp-json\/wp\/v2\/media?parent=1926"}],"curies":[{"name":"wp","href":"https:\/\/api.w.org\/{rel}","templated":true}]}}