{"id":54,"date":"2016-05-19T12:53:42","date_gmt":"2016-05-19T10:53:42","guid":{"rendered":"http:\/\/k-stz.beebox.de\/cms\/?page_id=54"},"modified":"2024-09-04T15:42:48","modified_gmt":"2024-09-04T13:42:48","slug":"impressum","status":"publish","type":"page","link":"https:\/\/www.stz-fr.de\/cms\/kontakt\/rechtliche-informationen\/impressum\/","title":{"rendered":"Impressum"},"content":{"rendered":"<p>[et_pb_section fb_built=&#8220;1&#8243; fullwidth=&#8220;on&#8220; _builder_version=&#8220;4.16&#8243; global_colors_info=&#8220;{}&#8220;][et_pb_fullwidth_header content_max_width=&#8220;none&#8220; _builder_version=&#8220;4.16&#8243; background_color=&#8220;rgba(255, 255, 255, 0)&#8220; background_image=&#8220;https:\/\/www.stz-fr.de\/cms\/wp-content\/uploads\/2016\/06\/Top-Motiv-1500&#215;500-Green-4.jpg&#8220; background_url=&#8220;https:\/\/www.stz-fr.de\/cms\/wp-content\/uploads\/2016\/06\/Top-Motiv-1500&#215;500-Green-4.jpg&#8220; button_one_letter_spacing_hover=&#8220;0&#8243; button_two_letter_spacing_hover=&#8220;0&#8243; global_colors_info=&#8220;{}&#8220; button_one_text_size__hover_enabled=&#8220;off&#8220; button_one_text_size__hover=&#8220;null&#8220; button_two_text_size__hover_enabled=&#8220;off&#8220; button_two_text_size__hover=&#8220;null&#8220; button_one_text_color__hover_enabled=&#8220;off&#8220; button_one_text_color__hover=&#8220;null&#8220; button_two_text_color__hover_enabled=&#8220;off&#8220; button_two_text_color__hover=&#8220;null&#8220; button_one_border_width__hover_enabled=&#8220;off&#8220; button_one_border_width__hover=&#8220;null&#8220; button_two_border_width__hover_enabled=&#8220;off&#8220; button_two_border_width__hover=&#8220;null&#8220; button_one_border_color__hover_enabled=&#8220;off&#8220; button_one_border_color__hover=&#8220;null&#8220; button_two_border_color__hover_enabled=&#8220;off&#8220; button_two_border_color__hover=&#8220;null&#8220; button_one_border_radius__hover_enabled=&#8220;off&#8220; button_one_border_radius__hover=&#8220;null&#8220; button_two_border_radius__hover_enabled=&#8220;off&#8220; button_two_border_radius__hover=&#8220;null&#8220; button_one_letter_spacing__hover_enabled=&#8220;on&#8220; button_one_letter_spacing__hover=&#8220;0&#8243; button_two_letter_spacing__hover_enabled=&#8220;on&#8220; button_two_letter_spacing__hover=&#8220;0&#8243; button_one_bg_color__hover_enabled=&#8220;off&#8220; button_one_bg_color__hover=&#8220;null&#8220; button_two_bg_color__hover_enabled=&#8220;off&#8220; button_two_bg_color__hover=&#8220;null&#8220;][\/et_pb_fullwidth_header][\/et_pb_section][et_pb_section fb_built=&#8220;1&#8243; _builder_version=&#8220;4.16&#8243; global_colors_info=&#8220;{}&#8220;][et_pb_row _builder_version=&#8220;4.16&#8243; background_size=&#8220;initial&#8220; background_position=&#8220;top_left&#8220; background_repeat=&#8220;repeat&#8220; global_colors_info=&#8220;{}&#8220;][et_pb_column type=&#8220;4_4&#8243; _builder_version=&#8220;4.16&#8243; custom_padding=&#8220;|||&#8220; global_colors_info=&#8220;{}&#8220; custom_padding__hover=&#8220;|||&#8220;][et_pb_text admin_label=&#8220;Headline Impressum&#8220; _builder_version=&#8220;4.16&#8243; global_colors_info=&#8220;{}&#8220;]<\/p>\n<h1>Impressum<\/h1>\n<p>[\/et_pb_text][et_pb_divider color=&#8220;rgba(20,35,0,0.32)&#8220; _builder_version=&#8220;4.16&#8243; global_colors_info=&#8220;{}&#8220;][\/et_pb_divider][\/et_pb_column][\/et_pb_row][et_pb_row column_structure=&#8220;1_3,1_3,1_3&#8243; _builder_version=&#8220;4.16&#8243; background_size=&#8220;initial&#8220; background_position=&#8220;top_left&#8220; background_repeat=&#8220;repeat&#8220; global_colors_info=&#8220;{}&#8220;][et_pb_column type=&#8220;1_3&#8243; _builder_version=&#8220;4.16&#8243; custom_padding=&#8220;|||&#8220; global_colors_info=&#8220;{}&#8220; custom_padding__hover=&#8220;|||&#8220;][et_pb_text admin_label=&#8220;Text Praxisbezeichnung&#8220; _builder_version=&#8220;4.16&#8243; module_alignment=&#8220;left&#8220; border_color_all=&#8220;off&#8220; use_border_color=&#8220;off&#8220; border_color=&#8220;#ffffff&#8220; border_style=&#8220;solid&#8220; global_colors_info=&#8220;{}&#8220;]<\/p>\n<p><strong>Zentrum f\u00fcr Strahlentherapie Freiburg<\/strong><\/p>\n<p>Praxis<br \/>\n<strong>PD Dr. med. Christian Wei\u00dfenberger<\/strong><br \/>\nFacharzt f\u00fcr Strahlentherapie und Palliativmedizin<\/p>\n<p>[\/et_pb_text][et_pb_text admin_label=&#8220;Text Adresse&#8220; _builder_version=&#8220;4.16&#8243; module_alignment=&#8220;left&#8220; use_border_color=&#8220;off&#8220; global_colors_info=&#8220;{}&#8220;]<\/p>\n<p>Wirthstra\u00dfe 11c<br \/>\n79110 Freiburg im Breisgau<br \/>\nDeutschland<\/p>\n<p>Telefon: <a href=\"tel:+4976115186400\" target=\"_blank\" rel=\"noopener\">+49 (0)761 \/ 15.18.64-00<\/a><br \/>\nTelefax: +49 (0)761 \/ 15.18.64-09<br \/>\nE-Mail: <a href=\"mailto:info@stz-fr.de\">info@stz-fr.de<\/a><br \/>\nWebsite: <a href=\"https:\/\/www.stz-fr.de\">https:\/\/www.stz-fr.de<\/a><\/p>\n<p>[\/et_pb_text][\/et_pb_column][et_pb_column type=&#8220;1_3&#8243; _builder_version=&#8220;4.16&#8243; custom_padding=&#8220;|||&#8220; global_colors_info=&#8220;{}&#8220; custom_padding__hover=&#8220;|||&#8220;][et_pb_text admin_label=&#8220;Text \u00c4rztekammer&#8220; _builder_version=&#8220;4.16&#8243; module_alignment=&#8220;left&#8220; use_border_color=&#8220;off&#8220; global_colors_info=&#8220;{}&#8220;]<\/p>\n<p><strong>Zust\u00e4ndige \u00c4rztekammer:<\/strong><\/p>\n<p>Landes\u00e4rztekammer Baden-W\u00fcrttemberg<br \/>\nJahnstra\u00dfe 40, 70597 Stuttgart<br \/>\nTelefon: +49 (0)711 \/ 769 89-0 <br \/>\nTelefax: +49 (0)711 \/ 769 89-50<br \/>\nE-Mail: <a href=\"mailto:info@laek-bw.de\">info@laek-bw.de<\/a><br \/>\nWebsite: <a href=\"http:\/\/www.laek-bw.de\" target=\"_blank\" rel=\"noopener noreferrer\">http:\/\/www.laek-bw.de<\/a><\/p>\n<p>Kassen\u00e4rztliche Vereinigung Baden-W\u00fcrttemberg<br \/>\nAlbstadtweg 11, 70567 Stuttgart<br \/>\nTelefon: +49 (0)711 \/ 7875-0<br \/>\nTelefax: +49 (0)711 \/ 7875-3274<br \/>\nE-Mail: <a href=\"mailto:info@kvbawue.de\">info@kvbawue.de<\/a><br \/>\nWebsite: <a href=\"http:\/\/www.kvbawue.de\" target=\"_blank\" rel=\"noopener noreferrer\">http:\/\/www.kvbawue.de<\/a><\/p>\n<p>[\/et_pb_text][\/et_pb_column][et_pb_column type=&#8220;1_3&#8243; _builder_version=&#8220;4.16&#8243; custom_padding=&#8220;|||&#8220; global_colors_info=&#8220;{}&#8220; custom_padding__hover=&#8220;|||&#8220;][et_pb_text admin_label=&#8220;Text Berufsordnung&#8220; _builder_version=&#8220;4.16&#8243; module_alignment=&#8220;left&#8220; use_border_color=&#8220;off&#8220; global_colors_info=&#8220;{}&#8220;]<\/p>\n<p><strong>Berufsordnung:<\/strong><br \/>\nDie berufsrechtlichen Regelungen sind \u00fcber die Internetseiten der Landes\u00e4rztekammer Baden-W\u00fcrttemberg zug\u00e4nglich.<br \/>\nDiese finden Sie unter folgender Internet-Adresse: <a title=\"\" href=\"http:\/\/www.laek-bw.de\" target=\"_blank\" rel=\"noopener noreferrer\">http:\/\/www.laek-bw.de<\/a><\/p>\n<p>[\/et_pb_text][et_pb_text admin_label=&#8220;Text Berufsbezeichnung&#8220; _builder_version=&#8220;4.16&#8243; module_alignment=&#8220;left&#8220; use_border_color=&#8220;off&#8220; global_colors_info=&#8220;{}&#8220;]<\/p>\n<p><strong>Gesetzliche Berufsbezeichnung: <\/strong><br \/>\nArzt<br \/>\nBerufsbezeichnung verliehen in der Bundesrepublik Deutschland<\/p>\n<p>[\/et_pb_text][et_pb_text admin_label=&#8220;Text Datenschutzbeauftragter&#8220; _builder_version=&#8220;4.27.0&#8243; module_alignment=&#8220;left&#8220; use_border_color=&#8220;off&#8220; global_colors_info=&#8220;{}&#8220;]<\/p>\n<p><strong>Datenschutzbeauftragter: <\/strong><br \/>PD Dr. med. Christian Wei\u00dfenberger<br \/>E-Mail: <a href=\"mailto:datenschutz@stz-fr.de\">datenschutz@stz-fr.de<\/a><\/p>\n<p>Unsere Datenschutzerkl\u00e4rung finden Sie <a href=\"https:\/\/www.stz-fr.de\/cms\/kontakt\/rechtliche-informationen\/datenschutz\/\"><strong>hier\u00a0&gt;&gt;<\/strong><\/a><\/p>\n<p>[\/et_pb_text][\/et_pb_column][\/et_pb_row][\/et_pb_section][et_pb_section fb_built=&#8220;1&#8243; _builder_version=&#8220;4.16&#8243; global_colors_info=&#8220;{}&#8220;][et_pb_row _builder_version=&#8220;4.16&#8243; background_size=&#8220;initial&#8220; background_position=&#8220;top_left&#8220; background_repeat=&#8220;repeat&#8220; global_colors_info=&#8220;{}&#8220;][et_pb_column type=&#8220;4_4&#8243; _builder_version=&#8220;4.16&#8243; custom_padding=&#8220;|||&#8220; global_colors_info=&#8220;{}&#8220; custom_padding__hover=&#8220;|||&#8220;][et_pb_text admin_label=&#8220;Headline Nutzungsbedingungen&#8220; _builder_version=&#8220;4.16&#8243; global_colors_info=&#8220;{}&#8220;]<\/p>\n<h1>Nutzungsbedingungen, Haftungsausschluss<\/h1>\n<p>[\/et_pb_text][et_pb_divider color=&#8220;rgba(20,35,0,0.32)&#8220; _builder_version=&#8220;4.16&#8243; global_colors_info=&#8220;{}&#8220;][\/et_pb_divider][\/et_pb_column][\/et_pb_row][et_pb_row column_structure=&#8220;1_2,1_2&#8243; _builder_version=&#8220;4.16&#8243; background_size=&#8220;initial&#8220; background_position=&#8220;top_left&#8220; background_repeat=&#8220;repeat&#8220; global_colors_info=&#8220;{}&#8220;][et_pb_column type=&#8220;1_2&#8243; _builder_version=&#8220;4.16&#8243; custom_padding=&#8220;|||&#8220; global_colors_info=&#8220;{}&#8220; custom_padding__hover=&#8220;|||&#8220;][et_pb_text admin_label=&#8220;Text Nutzungsbedingungen&#8220; _builder_version=&#8220;4.16&#8243; global_colors_info=&#8220;{}&#8220;]<\/p>\n<p>Alle Webseiten des Zentrum f\u00fcr Strahlentherapie Freiburg, strahlentherapeutische Gemeinschaftspraxis, PD Dr. med. Christian Wei\u00dfenberger, mit Sitz in der Wirthstrasse 11c, 79110 Freiburg, Deutschland (nachfolgend STZ genannt) wurden unter Ber\u00fccksichtigung des deutschen Rechts verfasst. Das STZ hat die Daten auf dieser Website sorgf\u00e4ltig und nach dem neuesten Erkenntnisstand zusammen gestellt. Das STZ kann jedoch keinerlei Garantien bez\u00fcglich der Richtigkeit und\/oder Vollst\u00e4ndigkeit der hier angegebenen oder zitierten Information, weder ausdr\u00fccklich noch implizit, abgeben.<\/p>\n<p>F\u00fcr Anleitungen, Hinweise, Empfehlungen oder Einsch\u00e4tzungen wird keine Haftung \u00fcbernommen, genausowenig f\u00fcr Fehler im Text oder falsche Links.<\/p>\n<p>Der Benutzer dieser Website erkennt an, dass deren Gebrauch sowie der Gebrauch der damit verbundenen Sites ausschlie\u00dflich auf dessen eigene Gefahr erfolgt und dass weder das STZ noch eine andere Partei, die an der Erstellung der Informationen beteiligt war, eine Haftung f\u00fcr direkte, indirekte oder Folgesch\u00e4den jedwelcher Art \u00fcbernimmt. Alle erw\u00e4hnten Markennamen sind gesetzlich gesch\u00fctzt.<\/p>\n<p>Es gilt die deutsche Rechtsprechnung.<\/p>\n<p>[\/et_pb_text][et_pb_divider show_divider=&#8220;off&#8220; _builder_version=&#8220;4.16&#8243; height=&#8220;30px&#8220; global_colors_info=&#8220;{}&#8220;][\/et_pb_divider][\/et_pb_column][et_pb_column type=&#8220;1_2&#8243; _builder_version=&#8220;4.16&#8243; custom_padding=&#8220;|||&#8220; global_colors_info=&#8220;{}&#8220; custom_padding__hover=&#8220;|||&#8220;][et_pb_text admin_label=&#8220;Text Links&#8220; _builder_version=&#8220;4.16&#8243; global_colors_info=&#8220;{}&#8220;]<\/p>\n<p><strong>Verweise auf fremde Webseiten<\/strong> liegen au\u00dferhalb des Verantwortungsbereiches des Autors bzw. des STZ. Eine Haftung f\u00fcr die Inhalte von verlinkten Seiten ist ausgeschlossen, zumal das STZ keinen Einfluss auf Inhalte wie Gestaltung von gelinkten Seiten hat. F\u00fcr Inhalte von Seiten, auf welche von Seiten dieser Webseiten verwiesen wird, haftet somit allein der Anbieter dieser fremden Webseiten \u2013 niemals jedoch derjenige, der durch einen Link auf fremde Publikationen und Inhalte verweist.<\/p>\n<p>Sollten gelinkte Seiten (insbesondere durch Ver\u00e4nderung der Inhalte nach dem Setzen des Links) illegale, fehlerhafte, unvollst\u00e4ndige, beleidigende oder sittenwidrige Informationen beinhalten und wird der Autor dieser Seite auf derartige Inhalte von gelinkten Seiten aufmerksam (gemacht), so wird er einen Link auf derartige Seiten unverz\u00fcglich unterbinden.<\/p>\n<p>[\/et_pb_text][et_pb_divider show_divider=&#8220;off&#8220; _builder_version=&#8220;4.16&#8243; height=&#8220;30px&#8220; global_colors_info=&#8220;{}&#8220;][\/et_pb_divider][\/et_pb_column][\/et_pb_row][et_pb_row column_structure=&#8220;1_2,1_2&#8243; _builder_version=&#8220;4.16&#8243; background_size=&#8220;initial&#8220; background_position=&#8220;top_left&#8220; background_repeat=&#8220;repeat&#8220; global_colors_info=&#8220;{}&#8220;][et_pb_column type=&#8220;1_2&#8243; _builder_version=&#8220;4.16&#8243; custom_padding=&#8220;|||&#8220; global_colors_info=&#8220;{}&#8220; custom_padding__hover=&#8220;|||&#8220;][et_pb_text admin_label=&#8220;Text Copyright 1&#8243; _builder_version=&#8220;4.16&#8243; global_colors_info=&#8220;{}&#8220;]<\/p>\n<p><strong>Alle Inhalte, Werke, Daten und das Design dieser Website sind urheberrechtlich gesch\u00fctzt.<\/strong> S\u00e4mtliche Inhalte dienen ausschlie\u00dflich der pers\u00f6nlichen Information. Jegliche Bearbeitung, Vervielf\u00e4ltigung, Verbreitung und \u00f6ffentliche Wiedergabe ist untersagt und wird somit bei Zuwiderhandlung strafrechtlich verfolgt und zum Schadensersatz verpflichtet. Die \u00dcbernahme, Ver\u00f6ffentlichung oder Nutzung von Texten, Bildern oder anderen Daten bedarf der ausdr\u00fccklichen und schriftlichen Zustimmung der zuvor und im <a href=\"\/cms\/kontakt\/rechtliche-informationen\/quellennachweis\/\">Quellennachweis<\/a> aufgef\u00fchrten Firmen und Personen.<\/p>\n<p>[\/et_pb_text][et_pb_button button_url=&#8220;\/cms\/kontakt\/rechtliche-informationen\/quellennachweis\/&#8220; button_text=&#8220;Zum Quellennachweis&#8220; button_alignment=&#8220;center&#8220; admin_label=&#8220;Taste Zum Quellennachweis&#8220; _builder_version=&#8220;4.16&#8243; custom_button=&#8220;on&#8220; button_text_size=&#8220;16&#8243; button_text_color=&#8220;#50a000&#8243; button_bg_color=&#8220;#ffffff&#8220; button_border_width=&#8220;1&#8243; button_border_radius=&#8220;5&#8243; button_icon=&#8220;&#x45;||divi||400&#8243; button_icon_color=&#8220;#ffffff&#8220; button_text_color_hover=&#8220;#ffffff&#8220; button_border_radius_hover=&#8220;5&#8243; button_bg_color_hover=&#8220;#50a000&#8243; saved_tabs=&#8220;all&#8220; global_colors_info=&#8220;{}&#8220; button_text_size__hover_enabled=&#8220;off&#8220; button_text_size__hover=&#8220;null&#8220; button_one_text_size__hover_enabled=&#8220;off&#8220; button_one_text_size__hover=&#8220;null&#8220; button_two_text_size__hover_enabled=&#8220;off&#8220; button_two_text_size__hover=&#8220;null&#8220; button_text_color__hover_enabled=&#8220;on&#8220; button_text_color__hover=&#8220;#ffffff&#8220; button_one_text_color__hover_enabled=&#8220;off&#8220; button_one_text_color__hover=&#8220;null&#8220; button_two_text_color__hover_enabled=&#8220;off&#8220; button_two_text_color__hover=&#8220;null&#8220; button_border_width__hover_enabled=&#8220;off&#8220; button_border_width__hover=&#8220;null&#8220; button_one_border_width__hover_enabled=&#8220;off&#8220; button_one_border_width__hover=&#8220;null&#8220; button_two_border_width__hover_enabled=&#8220;off&#8220; button_two_border_width__hover=&#8220;null&#8220; button_border_color__hover_enabled=&#8220;off&#8220; button_border_color__hover=&#8220;null&#8220; button_one_border_color__hover_enabled=&#8220;off&#8220; button_one_border_color__hover=&#8220;null&#8220; button_two_border_color__hover_enabled=&#8220;off&#8220; button_two_border_color__hover=&#8220;null&#8220; button_border_radius__hover_enabled=&#8220;on&#8220; button_border_radius__hover=&#8220;5&#8243; button_one_border_radius__hover_enabled=&#8220;off&#8220; button_one_border_radius__hover=&#8220;null&#8220; button_two_border_radius__hover_enabled=&#8220;off&#8220; button_two_border_radius__hover=&#8220;null&#8220; button_letter_spacing__hover_enabled=&#8220;off&#8220; button_letter_spacing__hover=&#8220;null&#8220; button_one_letter_spacing__hover_enabled=&#8220;off&#8220; button_one_letter_spacing__hover=&#8220;null&#8220; button_two_letter_spacing__hover_enabled=&#8220;off&#8220; button_two_letter_spacing__hover=&#8220;null&#8220; button_bg_color__hover_enabled=&#8220;on&#8220; button_bg_color__hover=&#8220;#50a000&#8243; button_one_bg_color__hover_enabled=&#8220;off&#8220; button_one_bg_color__hover=&#8220;null&#8220; button_two_bg_color__hover_enabled=&#8220;off&#8220; button_two_bg_color__hover=&#8220;null&#8220;][\/et_pb_button][et_pb_text admin_label=&#8220;Text Copyright 2&#8243; _builder_version=&#8220;4.16&#8243; global_colors_info=&#8220;{}&#8220;]<\/p>\n<p>In dieser Website werden verschiedene Firmen-, Produkt- oder Servicenamen verwendet. Alle Unternehmens-, Produkt- oder Servicenamen bzw. deren Bezeichnungen k\u00f6nnen Waren- oder Dienstleistungszeichen oder eingetragene Waren- oder Dienstleistungszeichen anderer Unternehmen weltweit sein und sind als solche zu beachten.<\/p>\n<p>[\/et_pb_text][et_pb_text admin_label=&#8220;Text Copyright 3&#8243; _builder_version=&#8220;4.16&#8243; global_colors_info=&#8220;{}&#8220;]<\/p>\n<p>Soweit die Inhalte auf dieser Seite nicht vom Betreiber erstellt wurden, werden die Urheberrechte Dritter beachtet. Sollten Sie auf eine Urheberrechtsverletzung aufmerksam werden, bitten wir um einen entsprechenden Hinweis. Bei Bekanntwerden von Rechtsverletzungen werden derartige Inhalte umgehend entfernt.<\/p>\n<p>[\/et_pb_text][et_pb_divider show_divider=&#8220;off&#8220; _builder_version=&#8220;4.16&#8243; height=&#8220;30px&#8220; global_colors_info=&#8220;{}&#8220;][\/et_pb_divider][\/et_pb_column][et_pb_column type=&#8220;1_2&#8243; _builder_version=&#8220;4.16&#8243; custom_padding=&#8220;|||&#8220; global_colors_info=&#8220;{}&#8220; custom_padding__hover=&#8220;|||&#8220;][et_pb_text admin_label=&#8220;Text Datenschutz&#8220; _builder_version=&#8220;4.16&#8243; global_colors_info=&#8220;{}&#8220;]<\/p>\n<p><strong>Den Schutz und die Intimit\u00e4t Ihrer pers\u00f6nlichen Daten<\/strong> nehmen wir sehr ernst. Daher werden Daten ausschlie\u00dflich zur Bearbeitung der von Ihnen gestellten Anfragen gespeichert und im Rahmen gesetzlicher Verpflichtungen aufbewahrt und gesichert. Sofern keine rechtlichen Vorgaben bestehen oder dies nicht zur Weiterverarbeitung Ihrer Anfrage notwendig ist, werden Ihre Daten Dritten selbstverst\u00e4ndlich nicht zur Verf\u00fcgung gestellt. Die Nutzung unserer Webseiten ist in der Regel ohne Angabe personenbezogener Daten m\u00f6glich. Mit der Nutzung der Website erkl\u00e4ren Sie sich mit den Bedingungen unserer Richtlinien zum Schutz pers\u00f6nlicher Daten einverstanden.<\/p>\n<p>[\/et_pb_text][et_pb_button button_url=&#8220;\/cms\/kontakt\/rechtliche-informationen\/datenschutz\/&#8220; button_text=&#8220;Detaillierte Informationen zum Datenschutz&#8220; button_alignment=&#8220;center&#8220; admin_label=&#8220;Taste Informationen zum Datenschutz&#8220; _builder_version=&#8220;4.16&#8243; custom_button=&#8220;on&#8220; button_text_size=&#8220;16&#8243; button_text_color=&#8220;#50a000&#8243; button_bg_color=&#8220;#ffffff&#8220; button_border_width=&#8220;1&#8243; button_border_radius=&#8220;5&#8243; button_icon=&#8220;&#x45;||divi||400&#8243; button_icon_color=&#8220;#ffffff&#8220; button_text_color_hover=&#8220;#ffffff&#8220; button_border_radius_hover=&#8220;5&#8243; button_bg_color_hover=&#8220;#50a000&#8243; saved_tabs=&#8220;all&#8220; global_colors_info=&#8220;{}&#8220; button_text_size__hover_enabled=&#8220;off&#8220; button_text_size__hover=&#8220;null&#8220; button_one_text_size__hover_enabled=&#8220;off&#8220; button_one_text_size__hover=&#8220;null&#8220; button_two_text_size__hover_enabled=&#8220;off&#8220; button_two_text_size__hover=&#8220;null&#8220; button_text_color__hover_enabled=&#8220;on&#8220; button_text_color__hover=&#8220;#ffffff&#8220; button_one_text_color__hover_enabled=&#8220;off&#8220; button_one_text_color__hover=&#8220;null&#8220; button_two_text_color__hover_enabled=&#8220;off&#8220; button_two_text_color__hover=&#8220;null&#8220; button_border_width__hover_enabled=&#8220;off&#8220; button_border_width__hover=&#8220;null&#8220; button_one_border_width__hover_enabled=&#8220;off&#8220; button_one_border_width__hover=&#8220;null&#8220; button_two_border_width__hover_enabled=&#8220;off&#8220; button_two_border_width__hover=&#8220;null&#8220; button_border_color__hover_enabled=&#8220;off&#8220; button_border_color__hover=&#8220;null&#8220; button_one_border_color__hover_enabled=&#8220;off&#8220; button_one_border_color__hover=&#8220;null&#8220; button_two_border_color__hover_enabled=&#8220;off&#8220; button_two_border_color__hover=&#8220;null&#8220; button_border_radius__hover_enabled=&#8220;on&#8220; button_border_radius__hover=&#8220;5&#8243; button_one_border_radius__hover_enabled=&#8220;off&#8220; button_one_border_radius__hover=&#8220;null&#8220; button_two_border_radius__hover_enabled=&#8220;off&#8220; button_two_border_radius__hover=&#8220;null&#8220; button_letter_spacing__hover_enabled=&#8220;off&#8220; button_letter_spacing__hover=&#8220;null&#8220; button_one_letter_spacing__hover_enabled=&#8220;off&#8220; button_one_letter_spacing__hover=&#8220;null&#8220; button_two_letter_spacing__hover_enabled=&#8220;off&#8220; button_two_letter_spacing__hover=&#8220;null&#8220; button_bg_color__hover_enabled=&#8220;on&#8220; button_bg_color__hover=&#8220;#50a000&#8243; button_one_bg_color__hover_enabled=&#8220;off&#8220; button_one_bg_color__hover=&#8220;null&#8220; button_two_bg_color__hover_enabled=&#8220;off&#8220; button_two_bg_color__hover=&#8220;null&#8220;][\/et_pb_button][et_pb_divider show_divider=&#8220;off&#8220; _builder_version=&#8220;4.16&#8243; height=&#8220;50px&#8220; global_colors_info=&#8220;{}&#8220;][\/et_pb_divider][et_pb_text admin_label=&#8220;Text Hinweis Behandlung&#8220; _builder_version=&#8220;4.16&#8243; global_colors_info=&#8220;{}&#8220;]<\/p>\n<p><strong>Bitte beachten Sie: <\/strong>Die Informationen dieser Seiten sind kein Ersatz f\u00fcr eine professionelle Beratung oder Behandlung. Der Inhalt darf nicht verwendet werden, um eigenst\u00e4ndig Diagnosen zu stellen oder Selbstbehandlungen zu beginnen. Rechtsanspr\u00fcche k\u00f6nnen daraus nicht abgeleitet werden.<\/p>\n<p>[\/et_pb_text][et_pb_divider show_divider=&#8220;off&#8220; _builder_version=&#8220;4.16&#8243; height=&#8220;30px&#8220; global_colors_info=&#8220;{}&#8220;][\/et_pb_divider][\/et_pb_column][\/et_pb_row][\/et_pb_section]<\/p>\n","protected":false},"excerpt":{"rendered":"<p>Impressum Zentrum f\u00fcr Strahlentherapie Freiburg Praxis PD Dr. med. Christian Wei\u00dfenberger Facharzt f\u00fcr Strahlentherapie und Palliativmedizin Wirthstra\u00dfe 11c 79110 Freiburg im Breisgau Deutschland Telefon: +49 (0)761 \/ 15.18.64-00 Telefax: +49 (0)761 \/ 15.18.64-09 E-Mail: info@stz-fr.de Website: https:\/\/www.stz-fr.de Zust\u00e4ndige \u00c4rztekammer: Landes\u00e4rztekammer Baden-W\u00fcrttemberg Jahnstra\u00dfe 40, 70597 Stuttgart Telefon: +49 (0)711 \/ 769 89-0 Telefax: +49 (0)711 \/ [&hellip;]<\/p>\n","protected":false},"author":1,"featured_media":0,"parent":961,"menu_order":0,"comment_status":"closed","ping_status":"closed","template":"","meta":{"_et_pb_use_builder":"on","_et_pb_old_content":"","_et_gb_content_width":"","footnotes":""},"class_list":["post-54","page","type-page","status-publish","hentry"],"_links":{"self":[{"href":"https:\/\/www.stz-fr.de\/cms\/wp-json\/wp\/v2\/pages\/54","targetHints":{"allow":["GET"]}}],"collection":[{"href":"https:\/\/www.stz-fr.de\/cms\/wp-json\/wp\/v2\/pages"}],"about":[{"href":"https:\/\/www.stz-fr.de\/cms\/wp-json\/wp\/v2\/types\/page"}],"author":[{"embeddable":true,"href":"https:\/\/www.stz-fr.de\/cms\/wp-json\/wp\/v2\/users\/1"}],"replies":[{"embeddable":true,"href":"https:\/\/www.stz-fr.de\/cms\/wp-json\/wp\/v2\/comments?post=54"}],"version-history":[{"count":0,"href":"https:\/\/www.stz-fr.de\/cms\/wp-json\/wp\/v2\/pages\/54\/revisions"}],"up":[{"embeddable":true,"href":"https:\/\/www.stz-fr.de\/cms\/wp-json\/wp\/v2\/pages\/961"}],"wp:attachment":[{"href":"https:\/\/www.stz-fr.de\/cms\/wp-json\/wp\/v2\/media?parent=54"}],"curies":[{"name":"wp","href":"https:\/\/api.w.org\/{rel}","templated":true}]}}