{"id":561,"date":"2016-05-27T11:54:04","date_gmt":"2016-05-27T09:54:04","guid":{"rendered":"http:\/\/k-stz.beebox.de\/cms\/behandlungsangebot\/schmerzhaftes-schultersyndrom\/"},"modified":"2018-03-12T15:31:14","modified_gmt":"2018-03-12T14:31:14","slug":"schmerzhaftes-schultersyndrom","status":"publish","type":"page","link":"https:\/\/www.stz-fr.de\/cms\/behandlungsangebot\/strahlentherapie-gutartig-entzuendlich\/schmerzhaftes-schultersyndrom\/","title":{"rendered":"Schmerzhaftes Schultersyndrom"},"content":{"rendered":"<p>[et_pb_section bb_built=&#8220;1&#8243; fullwidth=&#8220;on&#8220; specialty=&#8220;off&#8220; next_background_color=&#8220;#ffffff&#8220;][et_pb_fullwidth_slider show_arrows=&#8220;on&#8220; show_pagination=&#8220;on&#8220; auto=&#8220;off&#8220; auto_ignore_hover=&#8220;off&#8220; parallax=&#8220;off&#8220; parallax_method=&#8220;off&#8220; remove_inner_shadow=&#8220;off&#8220; background_position=&#8220;default&#8220; background_size=&#8220;default&#8220; hide_content_on_mobile=&#8220;off&#8220; hide_cta_on_mobile=&#8220;off&#8220; show_image_video_mobile=&#8220;off&#8220; custom_button=&#8220;off&#8220; button_letter_spacing=&#8220;0&#8243; button_use_icon=&#8220;default&#8220; button_icon_placement=&#8220;right&#8220; button_on_hover=&#8220;on&#8220; button_letter_spacing_hover=&#8220;0&#8243; module_id=&#8220;bbxTopmotiv400&#8243; custom_padding=&#8220;|||&#8220; custom_padding_tablet=&#8220;|||&#8220; custom_padding_phone=&#8220;|||&#8220; show_inner_shadow=&#8220;on&#8220; show_content_on_mobile=&#8220;on&#8220; show_cta_on_mobile=&#8220;on&#8220; box_shadow_horizontal=&#8220;0px&#8220; box_shadow_vertical=&#8220;0px&#8220; box_shadow_blur=&#8220;10px&#8220; box_shadow_spread=&#8220;0px&#8220; box_shadow_position=&#8220;inner&#8220; box_shadow_color=&#8220;rgba(0,0,0,0.1)&#8220; box_shadow_style=&#8220;preset6&#8243;][et_pb_slide background_image=&#8220;https:\/\/www.stz-fr.de\/cms\/wp-content\/uploads\/2016\/06\/Top-Motiv-1500&#215;500-Bogen.jpg&#8220; background_position=&#8220;default&#8220; background_size=&#8220;default&#8220; background_color=&#8220;#ffffff&#8220; use_bg_overlay=&#8220;off&#8220; use_text_overlay=&#8220;off&#8220; alignment=&#8220;center&#8220; background_layout=&#8220;dark&#8220; allow_player_pause=&#8220;off&#8220; text_border_radius=&#8220;3&#8243; header_font_select=&#8220;default&#8220; header_font=&#8220;||||&#8220; body_font_select=&#8220;default&#8220; body_font=&#8220;||||&#8220; custom_button=&#8220;off&#8220; button_font_select=&#8220;default&#8220; button_font=&#8220;||||&#8220; button_use_icon=&#8220;default&#8220; button_icon_placement=&#8220;right&#8220; button_on_hover=&#8220;on&#8220;] [\/et_pb_slide][\/et_pb_fullwidth_slider][\/et_pb_section][et_pb_section bb_built=&#8220;1&#8243; fullwidth=&#8220;off&#8220; specialty=&#8220;off&#8220; background_color=&#8220;#ffffff&#8220; parallax_method=&#8220;off&#8220; _builder_version=&#8220;3.0.106&#8243; custom_padding_tablet=&#8220;0px|0px|0px|0px&#8220; custom_padding_last_edited=&#8220;on|phone&#8220; prev_background_color=&#8220;#FFFFFF&#8220; next_background_color=&#8220;#000000&#8243;][et_pb_row make_fullwidth=&#8220;off&#8220; use_custom_width=&#8220;off&#8220; width_unit=&#8220;on&#8220; use_custom_gutter=&#8220;off&#8220; padding_mobile=&#8220;off&#8220; allow_player_pause=&#8220;off&#8220; parallax=&#8220;off&#8220; parallax_method=&#8220;off&#8220; make_equal=&#8220;off&#8220; parallax_1=&#8220;off&#8220; parallax_method_1=&#8220;off&#8220; parallax_2=&#8220;off&#8220; parallax_method_2=&#8220;off&#8220; column_padding_mobile=&#8220;on&#8220; background_position=&#8220;top_left&#8220; background_repeat=&#8220;repeat&#8220; background_size=&#8220;initial&#8220;][et_pb_column type=&#8220;4_4&#8243;][et_pb_text admin_label=&#8220;Headline&#8220; background_layout=&#8220;light&#8220; text_orientation=&#8220;left&#8220; border_color=&#8220;#dddddd&#8220; border_style=&#8220;solid&#8220; background_position=&#8220;top_left&#8220; background_repeat=&#8220;repeat&#8220; background_size=&#8220;initial&#8220; _builder_version=&#8220;3.0.51&#8243;]<\/p>\n<h1>Strahlenbehandlung bei schmerzhaftem Schultersyndrom<\/h1>\n<p>[\/et_pb_text][et_pb_text admin_label=&#8220;Text Intro&#8220; background_layout=&#8220;light&#8220; text_orientation=&#8220;left&#8220; border_style=&#8220;solid&#8220; background_position=&#8220;top_left&#8220; background_repeat=&#8220;repeat&#8220; background_size=&#8220;initial&#8220; _builder_version=&#8220;3.0.51&#8243;] Im wesentlichen versteht man unter einem schmerzhaften Schultersyndrom (auch Schul\u00adter-Arm- oder Impingement-Syndrom genannt) degenerative bzw. entz\u00fcndliche Ver\u00e4nde\u00adrungen in der Schulter. Dies kann zu starken Schmerzen und einer deutlichen Bewegungsein\u00adschr\u00e4nkung des mitbetroffenen Arms f\u00fchren. Diese Ver\u00e4nderungen resultieren wiederum aus einer Einengung des Raumes zwischen Schulterdach und Oberarmkopf, bei welcher die in diesem Raum verlaufenden Weichteile wie Sehnen und Muskeln, die Rotatorenmanschette und die Schleimbeutel des Schultergelenks, ein- oder abge\u00adklemmt werden. [\/et_pb_text][\/et_pb_column][\/et_pb_row][et_pb_row background_position=&#8220;top_left&#8220; background_repeat=&#8220;repeat&#8220; background_size=&#8220;initial&#8220;][et_pb_column type=&#8220;1_3&#8243;][et_pb_image admin_label=&#8220;Bild Grafik Schulter&#8220; _builder_version=&#8220;3.0.106&#8243; src=&#8220;https:\/\/www.stz-fr.de\/cms\/wp-content\/uploads\/2017\/06\/Motiv-Content-Schulter-Grafik-800&#215;600.jpg&#8220; show_in_lightbox=&#8220;on&#8220; url_new_window=&#8220;off&#8220; use_overlay=&#8220;on&#8220; align=&#8220;left&#8220; always_center_on_mobile=&#8220;on&#8220; force_fullwidth=&#8220;off&#8220; use_border_color=&#8220;on&#8220; show_bottom_space=&#8220;on&#8220; border_color_all=&#8220;rgba(20,35,0,0.32)&#8220; border_width_all=&#8220;1px&#8220; overlay_icon_color=&#8220;#ffffff&#8220; hover_overlay_color=&#8220;rgba(80,160,0,0.6)&#8220; hover_icon=&#8220;%%51%%&#8220; \/][\/et_pb_column][et_pb_column type=&#8220;2_3&#8243;][et_pb_text admin_label=&#8220;Text Ursache&#8220; background_layout=&#8220;light&#8220; background_position=&#8220;top_left&#8220; background_repeat=&#8220;repeat&#8220; background_size=&#8220;initial&#8220; _builder_version=&#8220;3.0.106&#8243;]<\/p>\n<h4>Entstehung und Ursache<\/h4>\n<p>Das Schulter-Syndrom ist die wohl h\u00e4ufigste Ursache von Schulterschmerzen: Etwa 10% der Bev\u00f6lkerung leiden irgendwann in ihrem Leben einmal an einem Impinge\u00adment-Syndrom der Schulter.<\/p>\n<p>Die Ursachen daf\u00fcr sind \u00e4u\u00dferst vielseitig:<\/p>\n<ul>\n<li>bei Sportarten mit \u00dcberkopfbewegungen oder Berufen mit h\u00e4ufiger \u00dcberkopfarbeit<\/li>\n<li>Verschlei\u00dferscheinungen (z.B. Arthrose im Schultereckgelenk) zwischen Schl\u00fcssel\u00ad bein und Schulterdach<\/li>\n<li>Entz\u00fcndung der Rotatorenmanschette bzw. der Schleimbeutel<\/li>\n<li>Knochensporn im Subakromialraum, Kalkeinlagerungen in Sehnen und Muskeln<\/li>\n<li>ung\u00fcnstig geformtes Schulterdach, Fehlstellungen des Schulterblattes oder der Wirbels\u00e4ule<\/li>\n<\/ul>\n<p>[\/et_pb_text][\/et_pb_column][\/et_pb_row][et_pb_row background_position=&#8220;top_left&#8220; background_repeat=&#8220;repeat&#8220; background_size=&#8220;initial&#8220;][et_pb_column type=&#8220;1_3&#8243;][et_pb_image src=&#8220;https:\/\/www.stz-fr.de\/cms\/wp-content\/uploads\/2017\/05\/Motiv-Content-800&#215;600-UntersuchungSchulter1.jpg&#8220; show_in_lightbox=&#8220;off&#8220; url_new_window=&#8220;off&#8220; use_overlay=&#8220;off&#8220; animation=&#8220;off&#8220; sticky=&#8220;off&#8220; align=&#8220;left&#8220; force_fullwidth=&#8220;off&#8220; always_center_on_mobile=&#8220;on&#8220; use_border_color=&#8220;off&#8220; border_color=&#8220;#ffffff&#8220; border_style=&#8220;solid&#8220; animation_style=&#8220;none&#8220; animation_duration=&#8220;1000ms&#8220; animation_intensity_slide=&#8220;50%&#8220; show_bottom_space=&#8220;on&#8220; \/][\/et_pb_column][et_pb_column type=&#8220;2_3&#8243;][et_pb_text admin_label=&#8220;Text Bestrahlung&#8220; background_layout=&#8220;light&#8220; text_orientation=&#8220;left&#8220; border_color=&#8220;#dddddd&#8220; border_style=&#8220;solid&#8220; background_position=&#8220;top_left&#8220; background_repeat=&#8220;repeat&#8220; background_size=&#8220;initial&#8220; _builder_version=&#8220;3.0.51&#8243;]<\/p>\n<h4>Warum wird bestrahlt?<\/h4>\n<p>Gerade bei der Behandlung des schmerzhaften Schultersyndroms hat sich die Strahlentherapie als sehr hilfreich er\u00adwiesen. Nacht-, Dauer, sowie Ruhe- und Anlaufschmer\u00adzen am Morgen k\u00f6nnen durch die Strahlentherapie selbst nach erfolgloser Vorbehand\u00adlung positiv beeinflu\u00dft werden. Viele der Patienten berichten nach der Bestrahlungsserie \u00fcber eine deutliche, wenn auch manchmal verz\u00f6gert einsetzende Schmerzlinderung \u2013 wobei R\u00fcckf\u00e4lle sehr selten sind (5%). Selbst nach einer wenig erfolgreichen Vorbehandlung konnten hier bei bis zu 80% aller F\u00e4lle der Beschwerden gelindert und die Beweglichkeit der Schulter signif\u00adikant verbessert werden. Wissenschaftliche Studien (Keilholz et al. | 1995) haben gezeigt, dass die anhaltende Wirkung der Schmerzbesserung bei \u00fcber 60% der Behandlungen noch nach acht Jahren beobachtet werden konnte. [\/et_pb_text][\/et_pb_column][\/et_pb_row][et_pb_row make_fullwidth=&#8220;off&#8220; use_custom_width=&#8220;off&#8220; width_unit=&#8220;on&#8220; use_custom_gutter=&#8220;off&#8220; padding_mobile=&#8220;off&#8220; allow_player_pause=&#8220;off&#8220; parallax=&#8220;off&#8220; parallax_method=&#8220;off&#8220; make_equal=&#8220;off&#8220; parallax_1=&#8220;off&#8220; parallax_method_1=&#8220;off&#8220; parallax_2=&#8220;off&#8220; parallax_method_2=&#8220;off&#8220; column_padding_mobile=&#8220;on&#8220; parallax_3=&#8220;off&#8220; parallax_method_3=&#8220;off&#8220; custom_padding=&#8220;0px|||&#8220; background_position=&#8220;top_left&#8220; background_repeat=&#8220;repeat&#8220; background_size=&#8220;initial&#8220;][et_pb_column type=&#8220;1_3&#8243;][\/et_pb_column][et_pb_column type=&#8220;2_3&#8243;][et_pb_text admin_label=&#8220;Text Behandlung&#8220; background_layout=&#8220;light&#8220; text_orientation=&#8220;left&#8220; use_border_color=&#8220;off&#8220; border_color=&#8220;#dddddd&#8220; border_style=&#8220;solid&#8220; background_position=&#8220;top_left&#8220; background_repeat=&#8220;repeat&#8220; background_size=&#8220;initial&#8220; _builder_version=&#8220;3.0.51&#8243;]<\/p>\n<h4>Wie wird behandelt?<\/h4>\n<div class=\"page\" title=\"Page 2\">\n<div class=\"section\">\n<div class=\"layoutArea\">\n<div class=\"column\">Die Therapie umfasst 6 jeweils etwa 5-min\u00fctige Bestrahlungen, die \u00fcber 2 Wochen verteilt sind. Unser Fachpersonal ber\u00e4t Sie wegen der aufgezeichneten Markierungen und der optimalen Hautpflege w\u00e4hrend Ihrer Strahlentherapie.<\/div>\n<\/div>\n<\/div>\n<\/div>\n<p>[\/et_pb_text][et_pb_text admin_label=&#8220;Text Nebenwirkung&#8220; background_layout=&#8220;light&#8220; background_position=&#8220;top_left&#8220; background_repeat=&#8220;repeat&#8220; background_size=&#8220;initial&#8220; _builder_version=&#8220;3.0.106&#8243;]<\/p>\n<h4>Gibt es Nebenwirkungen?<\/h4>\n<div class=\"page\" title=\"Page 1\">\n<div class=\"section\">\n<div class=\"layoutArea\">\n<div class=\"column\">Die Strahlendosis ist bei dieser Art der Behandlungsform \u00e4u\u00dferst gering. Sie ist daher v\u00f6llig schmerzfrei und arm an Nebenwirkungen. Durch die Bestrahlung wird die Haut leicht gereizt, wodurch es an der behandelten Stelle zu einer unterschiedlich starken Hautr\u00f6tung kommen kann.<\/div>\n<\/div>\n<\/div>\n<\/div>\n<p>[\/et_pb_text][\/et_pb_column][\/et_pb_row][\/et_pb_section][et_pb_section bb_built=&#8220;1&#8243; fullwidth=&#8220;off&#8220; specialty=&#8220;off&#8220; parallax_method=&#8220;off&#8220; prev_background_color=&#8220;#000000&#8243; background_color=&#8220;#ffffff&#8220; _builder_version=&#8220;3.0.106&#8243; custom_padding=&#8220;0px|||&#8220;][et_pb_row background_color=&#8220;#50a500&#8243; background_image=&#8220;\/cms\/wp-content\/uploads\/2016\/06\/Top-Motiv-1500&#215;500-Green-4.jpg&#8220; allow_player_pause=&#8220;off&#8220; parallax=&#8220;off&#8220; parallax_method=&#8220;on&#8220; parallax_1=&#8220;off&#8220; parallax_method_1=&#8220;off&#8220; make_fullwidth=&#8220;off&#8220; use_custom_width=&#8220;off&#8220; width_unit=&#8220;on&#8220; use_custom_gutter=&#8220;off&#8220; make_equal=&#8220;off&#8220; background_position=&#8220;top_left&#8220; background_repeat=&#8220;repeat&#8220; background_size=&#8220;initial&#8220;][et_pb_column type=&#8220;4_4&#8243;][et_pb_text admin_label=&#8220;Headline Ablauf Gutartig&#8220; background_layout=&#8220;dark&#8220; text_orientation=&#8220;left&#8220; use_border_color=&#8220;off&#8220; border_color=&#8220;#dddddd&#8220; border_style=&#8220;solid&#8220; background_position=&#8220;top_left&#8220; background_repeat=&#8220;repeat&#8220; background_size=&#8220;initial&#8220;]<\/p>\n<h3 style=\"text-align: center;\">ABLAUF DER STRAHLENTHERAPIE<\/h3>\n<p>[\/et_pb_text][\/et_pb_column][\/et_pb_row][et_pb_row make_fullwidth=&#8220;off&#8220; use_custom_width=&#8220;off&#8220; width_unit=&#8220;on&#8220; use_custom_gutter=&#8220;off&#8220; padding_mobile=&#8220;off&#8220; allow_player_pause=&#8220;off&#8220; parallax=&#8220;off&#8220; parallax_method=&#8220;off&#8220; make_equal=&#8220;off&#8220; parallax_1=&#8220;off&#8220; parallax_method_1=&#8220;off&#8220; parallax_2=&#8220;off&#8220; parallax_method_2=&#8220;off&#8220; column_padding_mobile=&#8220;on&#8220; background_position=&#8220;top_left&#8220; background_repeat=&#8220;repeat&#8220; background_size=&#8220;initial&#8220;][et_pb_column type=&#8220;1_3&#8243;][et_pb_text background_layout=&#8220;light&#8220; text_orientation=&#8220;left&#8220; use_border_color=&#8220;off&#8220; border_color=&#8220;#dddddd&#8220; border_style=&#8220;solid&#8220; background_position=&#8220;top_left&#8220; background_repeat=&#8220;repeat&#8220; background_size=&#8220;initial&#8220;]<\/p>\n<h4>Vorbereitung<\/h4>\n<p>F\u00fcr die CT-Aufnahme und die Behandlungen ben\u00f6tigen Sie nur ein gro\u00dfes Handtuch. Von Kassenversicherten ben\u00f6tigen wir beim Erstgespr\u00e4ch Ihren \u00dcberweisungsschein und die Versicherungskarte. [\/et_pb_text][et_pb_image src=&#8220;https:\/\/www.stz-fr.de\/cms\/wp-content\/uploads\/2017\/05\/Motiv-Content-800&#215;600-ArztGespraech2.jpg&#8220; show_in_lightbox=&#8220;off&#8220; url_new_window=&#8220;off&#8220; use_overlay=&#8220;off&#8220; animation=&#8220;off&#8220; sticky=&#8220;on&#8220; align=&#8220;left&#8220; force_fullwidth=&#8220;off&#8220; always_center_on_mobile=&#8220;on&#8220; use_border_color=&#8220;off&#8220; border_color=&#8220;#ffffff&#8220; border_style=&#8220;solid&#8220; animation_style=&#8220;none&#8220; animation_duration=&#8220;1000ms&#8220; animation_intensity_slide=&#8220;50%&#8220; show_bottom_space=&#8220;off&#8220; \/][\/et_pb_column][et_pb_column type=&#8220;2_3&#8243;][et_pb_text background_layout=&#8220;light&#8220; text_orientation=&#8220;left&#8220; use_border_color=&#8220;off&#8220; border_color=&#8220;#dddddd&#8220; border_style=&#8220;solid&#8220; background_position=&#8220;top_left&#8220; background_repeat=&#8220;repeat&#8220; background_size=&#8220;initial&#8220;]<\/p>\n<h4 style=\"text-align: justify;\">1. Erster Kontakt<\/h4>\n<div class=\"page\" title=\"Page 2\">\n<div class=\"section\">\n<div class=\"layoutArea\">\n<div class=\"column\">Der erste Kontakt dient dem Kennenlernen. Dabei werden Ihre Krankengeschichte und der Behandlungsplan ausf\u00fchrlich mit Ihnen besprochen. Nat\u00fcrlich steht Ihnen Ihr Arzt bzw. Ihre \u00c4rztin f\u00fcr alle offenen Fragen zur Verf\u00fcgung. Sollten weitere Untersuchungen not- wendig sein, k\u00fcmmern wir uns um Ihre Termine.<\/div>\n<\/div>\n<\/div>\n<\/div>\n<p>[\/et_pb_text][et_pb_text background_layout=&#8220;light&#8220; text_orientation=&#8220;left&#8220; use_border_color=&#8220;off&#8220; border_color=&#8220;#dddddd&#8220; border_style=&#8220;solid&#8220; background_position=&#8220;top_left&#8220; background_repeat=&#8220;repeat&#8220; background_size=&#8220;initial&#8220;]<\/p>\n<h4>2. CT-Untersuchung zur Bestrahlungsplanung<\/h4>\n<div class=\"page\" title=\"Page 2\">\n<div class=\"section\">\n<div class=\"layoutArea\">\n<div class=\"column\">Beim zweiten Termin wird zur Planung der Therapie meist eine CT-Aufnahme (Computertomographie) angefertigt. Dabei werden Sie mit speziellen Kissen und Lagerungshilfen exakt so positioniert, wie dies sp\u00e4ter auch bei der Bestrahlung notwendig ist. Auf Basis der ermittelten Werte erstellen die \u00c4rzte und Medizinphysiker dann den Therapieplan. Dieser wird am Linearbeschleuniger umgesetzt, das Behandlungsgera\u0308t der Strahlentherapie.<\/div>\n<\/div>\n<\/div>\n<\/div>\n<p>[\/et_pb_text][et_pb_text background_layout=&#8220;light&#8220; text_orientation=&#8220;left&#8220; use_border_color=&#8220;off&#8220; border_color=&#8220;#dddddd&#8220; border_style=&#8220;solid&#8220; background_position=&#8220;top_left&#8220; background_repeat=&#8220;repeat&#8220; background_size=&#8220;initial&#8220;]<\/p>\n<h4>3. Ersteinstellung<\/h4>\n<div class=\"page\" title=\"Page 2\">\n<div class=\"section\">\n<div class=\"layoutArea\">\n<div class=\"column\">Bei der Ersteinstellung werden alle Parameter und Bestrahlungsfelder nochmals kontrolliert, daher ist der Zeitaufwand h\u00f6her als bei den weiteren Bestrahlungen.<\/div>\n<\/div>\n<\/div>\n<\/div>\n<p>[\/et_pb_text][et_pb_text background_layout=&#8220;light&#8220; text_orientation=&#8220;left&#8220; use_border_color=&#8220;off&#8220; border_color=&#8220;#dddddd&#8220; border_style=&#8220;solid&#8220; background_position=&#8220;top_left&#8220; background_repeat=&#8220;repeat&#8220; background_size=&#8220;initial&#8220;]<\/p>\n<h4>4. Bestrahlungsbehandlung<\/h4>\n<div class=\"page\" title=\"Page 2\">\n<div class=\"section\">\n<div class=\"layoutArea\">\n<div class=\"column\">Die Therapie umfasst 6 jeweils etwa 5-min\u00fctige Bestrahlungen, die \u00fcber 2 Wochen verteilt sind. Unser Fachpersonal ber\u00e4t Sie wegen der aufgezeichneten Markierungen und der optimalen Hautpflege w\u00e4hrend Ihrer Strahlentherapie.<\/div>\n<\/div>\n<\/div>\n<\/div>\n<p>[\/et_pb_text][et_pb_text background_layout=&#8220;light&#8220; text_orientation=&#8220;left&#8220; use_border_color=&#8220;off&#8220; border_color=&#8220;#dddddd&#8220; border_style=&#8220;solid&#8220; background_position=&#8220;top_left&#8220; background_repeat=&#8220;repeat&#8220; background_size=&#8220;initial&#8220;]<\/p>\n<h4>5. Abschluss der Behandlung<\/h4>\n<div class=\"page\" title=\"Page 2\">\n<div class=\"section\">\n<div class=\"layoutArea\">\n<div class=\"column\">Beim Abschluss der Behandlung wird neben der k\u00f6rperlichen Untersuchung im Arztgespr\u00e4ch gekl\u00e4rt, ob und wann eine weitere Bestrahlungsserie (wiederum 6 Sitzungen) sinnvoll ist.<\/div>\n<\/div>\n<\/div>\n<\/div>\n<p>[\/et_pb_text][et_pb_divider admin_label=&#8220;Teiler Spacer 20&#8243; show_divider=&#8220;off&#8220; color=&#8220;#ffffff&#8220; divider_style=&#8220;solid&#8220; divider_position=&#8220;top&#8220; hide_on_mobile=&#8220;on&#8220; height=&#8220;20&#8243; disabled_on=&#8220;on|on|off&#8220; \/][\/et_pb_column][\/et_pb_row][\/et_pb_section]<\/p>\n","protected":false},"excerpt":{"rendered":"<p>Strahlenbehandlung bei schmerzhaftem Schultersyndrom Im wesentlichen versteht man unter einem schmerzhaften Schultersyndrom (auch Schul\u00adter-Arm- oder Impingement-Syndrom genannt) degenerative bzw. entz\u00fcndliche Ver\u00e4nde\u00adrungen in der Schulter. Dies kann zu starken Schmerzen und einer deutlichen Bewegungsein\u00adschr\u00e4nkung des mitbetroffenen Arms f\u00fchren. Diese Ver\u00e4nderungen resultieren wiederum aus einer Einengung des Raumes zwischen Schulterdach und Oberarmkopf, bei welcher die in diesem [&hellip;]<\/p>\n","protected":false},"author":1,"featured_media":0,"parent":67,"menu_order":16,"comment_status":"closed","ping_status":"closed","template":"","meta":{"_et_pb_use_builder":"on","_et_pb_old_content":"","_et_gb_content_width":"","footnotes":""},"class_list":["post-561","page","type-page","status-publish","hentry"],"_links":{"self":[{"href":"https:\/\/www.stz-fr.de\/cms\/wp-json\/wp\/v2\/pages\/561","targetHints":{"allow":["GET"]}}],"collection":[{"href":"https:\/\/www.stz-fr.de\/cms\/wp-json\/wp\/v2\/pages"}],"about":[{"href":"https:\/\/www.stz-fr.de\/cms\/wp-json\/wp\/v2\/types\/page"}],"author":[{"embeddable":true,"href":"https:\/\/www.stz-fr.de\/cms\/wp-json\/wp\/v2\/users\/1"}],"replies":[{"embeddable":true,"href":"https:\/\/www.stz-fr.de\/cms\/wp-json\/wp\/v2\/comments?post=561"}],"version-history":[{"count":0,"href":"https:\/\/www.stz-fr.de\/cms\/wp-json\/wp\/v2\/pages\/561\/revisions"}],"up":[{"embeddable":true,"href":"https:\/\/www.stz-fr.de\/cms\/wp-json\/wp\/v2\/pages\/67"}],"wp:attachment":[{"href":"https:\/\/www.stz-fr.de\/cms\/wp-json\/wp\/v2\/media?parent=561"}],"curies":[{"name":"wp","href":"https:\/\/api.w.org\/{rel}","templated":true}]}}