{"id":920,"date":"2016-06-01T10:26:58","date_gmt":"2016-06-01T08:26:58","guid":{"rendered":"http:\/\/k-stz.beebox.de\/cms\/behandlungsangebot\/pflegeambulanz\/hilfreiche-adressen\/"},"modified":"2018-04-17T17:02:02","modified_gmt":"2018-04-17T15:02:02","slug":"hilfreiche-adressen","status":"publish","type":"page","link":"https:\/\/www.stz-fr.de\/cms\/behandlungsangebot\/pflegeambulanz\/hilfreiche-adressen\/","title":{"rendered":"Hilfreiche Adressen"},"content":{"rendered":"<p>[et_pb_section bb_built=&#8220;1&#8243; fullwidth=&#8220;on&#8220; specialty=&#8220;off&#8220; next_background_color=&#8220;#ffffff&#8220;][et_pb_fullwidth_slider show_arrows=&#8220;on&#8220; show_pagination=&#8220;on&#8220; auto=&#8220;off&#8220; auto_ignore_hover=&#8220;off&#8220; parallax=&#8220;off&#8220; parallax_method=&#8220;off&#8220; remove_inner_shadow=&#8220;off&#8220; background_position=&#8220;default&#8220; background_size=&#8220;default&#8220; hide_content_on_mobile=&#8220;off&#8220; hide_cta_on_mobile=&#8220;off&#8220; show_image_video_mobile=&#8220;off&#8220; custom_button=&#8220;off&#8220; button_letter_spacing=&#8220;0&#8243; button_use_icon=&#8220;default&#8220; button_icon_placement=&#8220;right&#8220; button_on_hover=&#8220;on&#8220; button_letter_spacing_hover=&#8220;0&#8243; module_id=&#8220;bbxTopmotiv400&#8243; custom_padding=&#8220;|||&#8220; custom_padding_tablet=&#8220;|||&#8220; custom_padding_phone=&#8220;|||&#8220; show_inner_shadow=&#8220;on&#8220; show_content_on_mobile=&#8220;on&#8220; show_cta_on_mobile=&#8220;on&#8220; box_shadow_horizontal=&#8220;0px&#8220; box_shadow_vertical=&#8220;0px&#8220; box_shadow_blur=&#8220;10px&#8220; box_shadow_spread=&#8220;0px&#8220; box_shadow_position=&#8220;inner&#8220; box_shadow_color=&#8220;rgba(0,0,0,0.1)&#8220; box_shadow_style=&#8220;preset6&#8243;][et_pb_slide background_image=&#8220;https:\/\/www.stz-fr.de\/cms\/wp-content\/uploads\/2016\/05\/Top-Motiv-1500x500_Behandlung.jpg&#8220; background_position=&#8220;default&#8220; background_size=&#8220;default&#8220; background_color=&#8220;#ffffff&#8220; use_bg_overlay=&#8220;off&#8220; use_text_overlay=&#8220;off&#8220; alignment=&#8220;center&#8220; background_layout=&#8220;dark&#8220; allow_player_pause=&#8220;off&#8220; text_border_radius=&#8220;3&#8243; header_font_select=&#8220;default&#8220; header_font=&#8220;||||&#8220; body_font_select=&#8220;default&#8220; body_font=&#8220;||||&#8220; custom_button=&#8220;off&#8220; button_font_select=&#8220;default&#8220; button_font=&#8220;||||&#8220; button_use_icon=&#8220;default&#8220; button_icon_placement=&#8220;right&#8220; button_on_hover=&#8220;on&#8220;] [\/et_pb_slide][\/et_pb_fullwidth_slider][\/et_pb_section][et_pb_section bb_built=&#8220;1&#8243; fullwidth=&#8220;off&#8220; specialty=&#8220;off&#8220; background_color=&#8220;#ffffff&#8220; parallax_method=&#8220;off&#8220; custom_padding_tablet=&#8220;50px|0|50px|0&#8243; custom_padding_last_edited=&#8220;on|desktop&#8220; prev_background_color=&#8220;#FFFFFF&#8220; _builder_version=&#8220;3.0.106&#8243; custom_padding=&#8220;||0px|&#8220; next_background_color=&#8220;#000000&#8243;][et_pb_row][et_pb_column type=&#8220;4_4&#8243;][et_pb_text admin_label=&#8220;Headline Downloads &amp; Links&#8220; _builder_version=&#8220;3.0.106&#8243; background_layout=&#8220;light&#8220;]<\/p>\n<h1>Hilfreiche Informationen zum Thema<\/h1>\n<p>[\/et_pb_text][\/et_pb_column][\/et_pb_row][et_pb_row][et_pb_column type=&#8220;4_4&#8243;][et_pb_divider _builder_version=&#8220;3.0.106&#8243; show_divider=&#8220;on&#8220; color=&#8220;rgba(20,35,0,0.32)&#8220; \/][et_pb_text admin_label=&#8220;Headline Downloads &amp; Links&#8220; _builder_version=&#8220;3.0.106&#8243; background_layout=&#8220;light&#8220;]<\/p>\n<h4>\u2193\u00a0 Hier finden Sie regionale Adressen<\/h4>\n<p>[\/et_pb_text][et_pb_divider _builder_version=&#8220;3.0.106&#8243; show_divider=&#8220;on&#8220; color=&#8220;rgba(20,35,0,0.32)&#8220; \/][\/et_pb_column][\/et_pb_row][\/et_pb_section][et_pb_section bb_built=&#8220;1&#8243; fullwidth=&#8220;off&#8220; specialty=&#8220;off&#8220; prev_background_color=&#8220;#000000&#8243; _builder_version=&#8220;3.0.106&#8243; background_color=&#8220;#ffffff&#8220; custom_padding=&#8220;0px|||&#8220; next_background_color=&#8220;#FFFFFF&#8220;][et_pb_row _builder_version=&#8220;3.0.106&#8243; custom_padding=&#8220;||0px|&#8220;][et_pb_column type=&#8220;3_4&#8243;][et_pb_text admin_label=&#8220;Text Frauenselbsthilfe nach Krebs Landesverband Ba-W\u00fc e.V.&#8220; _builder_version=&#8220;3.0.106&#8243; background_color=&#8220;#50a000&#8243; background_layout=&#8220;dark&#8220; custom_padding=&#8220;20px|20px||20px&#8220;]<\/p>\n<h2 class=\"et_pb_module_header\">Frauenselbsthilfe nach Krebs<\/h2>\n<h4 class=\"et_pb_module_header\">Landesverband Ba-W\u00fc e.V.<\/h4>\n<p>[\/et_pb_text][\/et_pb_column][et_pb_column type=&#8220;1_4&#8243;][et_pb_image _builder_version=&#8220;3.0.106&#8243; src=&#8220;https:\/\/www.stz-fr.de\/cms\/wp-content\/uploads\/2018\/04\/2018_Logo-FSH_352x105_2xextern.png&#8220; show_in_lightbox=&#8220;off&#8220; url_new_window=&#8220;off&#8220; use_overlay=&#8220;off&#8220; always_center_on_mobile=&#8220;on&#8220; force_fullwidth=&#8220;off&#8220; show_bottom_space=&#8220;on&#8220; \/][\/et_pb_column][\/et_pb_row][et_pb_row _builder_version=&#8220;3.0.106&#8243; custom_padding=&#8220;||0px|&#8220;][et_pb_column type=&#8220;4_4&#8243;][et_pb_cta admin_label=&#8220;Handlungsaufruf Frauenselbsthilfe nach Krebs \/ Gruppe Emmendingen&#8220; _builder_version=&#8220;3.0.106&#8243; url_new_window=&#8220;on&#8220; use_background_color=&#8220;on&#8220; background_layout=&#8220;light&#8220; custom_button=&#8220;on&#8220; button_icon_placement=&#8220;right&#8220; button_alignment=&#8220;right&#8220; text_orientation=&#8220;left&#8220; header_text_color=&#8220;#50a000&#8243; background_color=&#8220;#f0f5de&#8220; header_level=&#8220;h4&#8243; button_bg_color=&#8220;#ffffff&#8220; button_text_color=&#8220;#50a000&#8243; button_icon=&#8220;%%36%%&#8220; button_url=&#8220;https:\/\/www.frauenselbsthilfe.de\/gruppen\/emmendingen.html&#8220; button_border_color=&#8220;#50a000&#8243; button_icon_color=&#8220;rgba(20,35,0,0.32)&#8220; button_text_color_hover=&#8220;#f4f7f8&#8243; button_border_color_hover=&#8220;#50a000&#8243; button_text_size=&#8220;16&#8243; button_border_width=&#8220;1&#8243; button_on_hover=&#8220;off&#8220; button_bg_color_hover=&#8220;#50a000&#8243;]<\/p>\n<h3><strong>Auffangen &#8211; Informieren &#8211; Begleiten<\/strong><\/h3>\n<p><strong>Wir wollen<\/strong> <br \/>\n &#8230; Krebskranke psychosozial begleiten<br \/>\n &#8230; helfen, die Angst vor weiteren Untersuchungen und Behandlungen zu \u00fcberwinden<br \/>\n &#8230; Hinweise zur St\u00e4rkung der Widerstandskraft geben<br \/>\n &#8230; helfen die Lebensqualit\u00e4t zu verbessern<br \/>\n &#8230; \u00fcber soziale Hilfen, Versicherungs- und Schwerbehindertenrecht informieren<br \/>\n &#8230; die Interessen Krebskranker sozial- und gesundheitspolitisch vertreten<\/p>\n<p><strong>Wir bieten<\/strong> <br \/>\n &#8230; Gruppen- und Einzelgespr\u00e4che sowie Telefon- und Online-Beratung unter Wahrung \u00e4u\u00dferster Diskretion<br \/>\n &#8230; ein moderiertes Forum im Internet f\u00fcr den Austausch mit Gleichbetroffenen:<a href=\"https:\/\/forum.frauenselbsthilfe.de\"> forum.frauenselbsthilfe.de<\/a><br \/>\n &#8230; kostenlose, allgemein verst\u00e4ndliche Ratgeber in Form von Faltbl\u00e4ttern, Brosch\u00fcren und DVDs<br \/>\n &#8230; Informationen f\u00fcr an Krebs erkrankte Menschen in der <strong><em>perspektive<\/em><\/strong>, dem viertelj\u00e4hrlich erscheinenden Magazin der FSH<br \/>\n &#8230; Unterst\u00fctzung bei der Neugr\u00fcndung einer Selbsthilfegruppe<\/p>\n<p><strong>Wir treffen uns<\/strong> <br \/>\n &#8230; um Erfahrungen auszutauschen<br \/>\n &#8230; um Neuigkeiten aus dem Gesundheitssystem zu erfahren<br \/>\n &#8230; zu Vortr\u00e4gen von Experten aus allen onkologischen Bereichen<br \/>\n &#8230; um der Lebensfreude trotz Krebs Raum zu geben<\/p>\n<p><strong>Die Teilnahme an unseren Gruppentreffen ist unverbindlich und ohne Mitgliedsbeitrag. <\/strong><br \/>\n <strong> Kommen Sie doch einfach mal bei uns vorbei oder rufen Sie uns an.<\/strong><\/p>\n<p>[\/et_pb_cta][\/et_pb_column][\/et_pb_row][et_pb_row _builder_version=&#8220;3.0.106&#8243; make_equal=&#8220;on&#8220;][et_pb_column type=&#8220;1_2&#8243;][et_pb_cta admin_label=&#8220;Gruppe Emmendingen&#8220; _builder_version=&#8220;3.0.106&#8243; title=&#8220;Gruppe Emmendingen&#8220; button_text=&#8220;zur website&#8220; url_new_window=&#8220;on&#8220; use_background_color=&#8220;on&#8220; background_layout=&#8220;light&#8220; custom_button=&#8220;on&#8220; button_icon_placement=&#8220;right&#8220; button_alignment=&#8220;right&#8220; text_orientation=&#8220;left&#8220; header_text_color=&#8220;#50a000&#8243; background_color=&#8220;#f0f5de&#8220; header_level=&#8220;h4&#8243; button_bg_color=&#8220;#ffffff&#8220; button_text_color=&#8220;#50a000&#8243; button_icon=&#8220;%%36%%&#8220; button_url=&#8220;https:\/\/www.frauenselbsthilfe.de\/gruppen\/emmendingen.html&#8220; button_border_color=&#8220;#50a000&#8243; button_icon_color=&#8220;rgba(20,35,0,0.32)&#8220; button_text_color_hover=&#8220;#f4f7f8&#8243; button_border_color_hover=&#8220;#50a000&#8243; button_text_size=&#8220;16&#8243; button_border_width=&#8220;1&#8243; button_on_hover=&#8220;off&#8220; button_bg_color_hover=&#8220;#50a000&#8243;]<\/p>\n<p><strong>Wir treffen uns<\/strong> <br \/>\n jeden 2. Dienstag im Monat <br \/>\n um 19.00 Uhr<\/p>\n<p><strong>AWO-Seniorenwohnanlage<\/strong><br \/>\n (in der Cafeteria)<br \/>\n Gartenstra\u00dfe 1<br \/>\n <span class=\"LrzXr\">79312 Emmendingen<\/p>\n<p> <\/span><\/p>\n<p><span style=\"color: #50a000;\"><strong>Wir freuen uns auf Sie!<\/strong><\/span><br \/>\n Rivka\u00a0 Hollaender <span style=\"color: #50a000;\"><strong>|<\/strong><\/span>\u00a0 07641 &#8211; 438 28<br \/>\n Sibylle\u00a0Neumann <span style=\"color: #50a000;\"><strong>|<\/strong><\/span>\u00a0 07643 &#8211; 406 96<br \/>\n Birgit M\u00e4nner <span style=\"color: #50a000;\"><strong>|<\/strong><\/span>\u00a0 07641 &#8211; 23 89<\/p>\n<p>[\/et_pb_cta][\/et_pb_column][et_pb_column type=&#8220;1_2&#8243;][et_pb_cta admin_label=&#8220;Gruppe Freiburg&#8220; _builder_version=&#8220;3.0.106&#8243; title=&#8220;Gruppe Freiburg&#8220; url_new_window=&#8220;on&#8220; use_background_color=&#8220;on&#8220; background_layout=&#8220;light&#8220; custom_button=&#8220;on&#8220; button_icon_placement=&#8220;right&#8220; button_alignment=&#8220;right&#8220; text_orientation=&#8220;left&#8220; header_text_color=&#8220;#50a000&#8243; background_color=&#8220;#f0f5de&#8220; header_level=&#8220;h4&#8243; button_bg_color=&#8220;#ffffff&#8220; button_text_color=&#8220;#50a000&#8243; button_icon=&#8220;%%36%%&#8220; button_url=&#8220;https:\/\/www.frauenselbsthilfe.de\/gruppen\/freiburg.html&#8220; button_border_color=&#8220;#50a000&#8243; button_icon_color=&#8220;rgba(20,35,0,0.32)&#8220; button_text_color_hover=&#8220;#f4f7f8&#8243; button_border_color_hover=&#8220;#50a000&#8243; button_text_size=&#8220;16&#8243; button_border_width=&#8220;1&#8243; button_on_hover=&#8220;off&#8220; button_bg_color_hover=&#8220;#50a000&#8243; button_text=&#8220;zur Website&#8220;]<\/p>\n<p><strong>Wir treffen uns<\/strong> <br \/>\n jeden letzten Dienstag im Monat <br \/>\n um 19.30 Uhr<\/p>\n<p><strong>Heinrich-Hansjakob-Haus<\/strong><br \/>\n Talstra\u00dfe 29, <span class=\"LrzXr\">79102 Freiburg<br \/>\n <\/span><\/p>\n<p><span style=\"color: #50a000;\"><strong>Wir freuen uns auf Sie!<\/strong><\/span><br \/>\n <strong>Vera Viehoff\u00a0<\/strong> <br \/>\n 0761 &#8211; 202 05 55 <span style=\"color: #50a000;\"><strong>| <\/strong><\/span>v.viehoff@frauenselbsthilfe-bw.de<br \/>\n <strong>Lisbeth Kiefer<\/strong><br \/>\n 0761 &#8211; 476 25 37 <span style=\"color: #50a000;\"><strong>|<\/strong><\/span> L.Kiefer@frauenselbsthilfe-bw.de<br \/>\n <strong>Christiane Eisenmann<\/strong><br \/>\n 0761 &#8211; 888 70 33 <span style=\"color: #50a000;\"><strong>|<\/strong><\/span> c.eisenmann@frauenselbsthilfe-bw.de<\/p>\n<p>[\/et_pb_cta][\/et_pb_column][\/et_pb_row][\/et_pb_section][et_pb_section bb_built=&#8220;1&#8243; fullwidth=&#8220;off&#8220; specialty=&#8220;off&#8220; prev_background_color=&#8220;#ffffff&#8220;][et_pb_row][et_pb_column type=&#8220;1_2&#8243;][et_pb_text admin_label=&#8220;Text Intro&#8220; background_layout=&#8220;light&#8220; use_border_color=&#8220;off&#8220; background_position=&#8220;top_left&#8220; background_repeat=&#8220;repeat&#8220; background_size=&#8220;initial&#8220; _builder_version=&#8220;3.0.106&#8243;]<\/p>\n<p>Wir arbeiten gerade mit Hochdruck an der Fertigstellung. Bitte besuchen Sie diese Seite in K\u00fcrze wieder.<\/p>\n<p>[\/et_pb_text][et_pb_divider _builder_version=&#8220;3.0.106&#8243; show_divider=&#8220;on&#8220; color=&#8220;rgba(20,35,0,0.32)&#8220; \/][\/et_pb_column][et_pb_column type=&#8220;1_2&#8243;][\/et_pb_column][\/et_pb_row][\/et_pb_section]<\/p>\n","protected":false},"excerpt":{"rendered":"<p><div class=\"et_pb_row et_pb_row_0 dbdb_default_mobile_width et_pb_row_empty\">\n\t\t\t\t\n\t\t\t\t\n\t\t\t\t\n\t\t\t\t\n\t\t\t\t\n\t\t\t<\/div> Hilfreiche Informationen zum Thema <div class=\"et_pb_row et_pb_row_1 dbdb_default_mobile_width et_pb_row_empty\">\n\t\t\t\t\n\t\t\t\t\n\t\t\t\t\n\t\t\t\t\n\t\t\t\t\n\t\t\t<\/div> \u2193\u00a0 Hier finden Sie regionale Adressen Frauenselbsthilfe nach Krebs Landesverband Ba-W\u00fc e.V. Auffangen &#8211; Informieren &#8211; Begleiten Wir wollen &#8230; Krebskranke psychosozial begleiten &#8230; helfen, die Angst vor weiteren Untersuchungen und Behandlungen zu \u00fcberwinden &#8230; Hinweise zur St\u00e4rkung der Widerstandskraft geben &#8230; helfen die Lebensqualit\u00e4t zu verbessern &#8230; \u00fcber [&hellip;]<\/p>\n","protected":false},"author":1,"featured_media":0,"parent":915,"menu_order":10,"comment_status":"closed","ping_status":"closed","template":"","meta":{"_et_pb_use_builder":"on","_et_pb_old_content":"","_et_gb_content_width":"","footnotes":""},"class_list":["post-920","page","type-page","status-publish","hentry"],"_links":{"self":[{"href":"https:\/\/www.stz-fr.de\/cms\/wp-json\/wp\/v2\/pages\/920","targetHints":{"allow":["GET"]}}],"collection":[{"href":"https:\/\/www.stz-fr.de\/cms\/wp-json\/wp\/v2\/pages"}],"about":[{"href":"https:\/\/www.stz-fr.de\/cms\/wp-json\/wp\/v2\/types\/page"}],"author":[{"embeddable":true,"href":"https:\/\/www.stz-fr.de\/cms\/wp-json\/wp\/v2\/users\/1"}],"replies":[{"embeddable":true,"href":"https:\/\/www.stz-fr.de\/cms\/wp-json\/wp\/v2\/comments?post=920"}],"version-history":[{"count":0,"href":"https:\/\/www.stz-fr.de\/cms\/wp-json\/wp\/v2\/pages\/920\/revisions"}],"up":[{"embeddable":true,"href":"https:\/\/www.stz-fr.de\/cms\/wp-json\/wp\/v2\/pages\/915"}],"wp:attachment":[{"href":"https:\/\/www.stz-fr.de\/cms\/wp-json\/wp\/v2\/media?parent=920"}],"curies":[{"name":"wp","href":"https:\/\/api.w.org\/{rel}","templated":true}]}}