{"id":927,"date":"2016-06-01T11:36:17","date_gmt":"2016-06-01T09:36:17","guid":{"rendered":"http:\/\/k-stz.beebox.de\/cms\/behandlungsangebot\/pflegeambulanz\/tumor-kachexie\/"},"modified":"2018-03-12T18:10:26","modified_gmt":"2018-03-12T17:10:26","slug":"kachexie","status":"publish","type":"page","link":"https:\/\/www.stz-fr.de\/cms\/behandlungsangebot\/pflegeambulanz\/kachexie\/","title":{"rendered":"Tumorkachexie"},"content":{"rendered":"<p>[et_pb_section bb_built=&#8220;1&#8243; fullwidth=&#8220;on&#8220; specialty=&#8220;off&#8220; next_background_color=&#8220;#000000&#8243;][et_pb_fullwidth_slider show_arrows=&#8220;on&#8220; show_pagination=&#8220;on&#8220; auto=&#8220;off&#8220; auto_ignore_hover=&#8220;off&#8220; parallax=&#8220;off&#8220; parallax_method=&#8220;off&#8220; remove_inner_shadow=&#8220;off&#8220; background_position=&#8220;default&#8220; background_size=&#8220;default&#8220; hide_content_on_mobile=&#8220;off&#8220; hide_cta_on_mobile=&#8220;off&#8220; show_image_video_mobile=&#8220;off&#8220; custom_button=&#8220;off&#8220; button_letter_spacing=&#8220;0&#8243; button_use_icon=&#8220;default&#8220; button_icon_placement=&#8220;right&#8220; button_on_hover=&#8220;on&#8220; button_letter_spacing_hover=&#8220;0&#8243; module_id=&#8220;bbxTopmotiv400&#8243; custom_padding=&#8220;|||&#8220; custom_padding_tablet=&#8220;|||&#8220; custom_padding_phone=&#8220;|||&#8220; show_inner_shadow=&#8220;on&#8220; show_content_on_mobile=&#8220;on&#8220; show_cta_on_mobile=&#8220;on&#8220; box_shadow_horizontal=&#8220;0px&#8220; box_shadow_vertical=&#8220;0px&#8220; box_shadow_blur=&#8220;10px&#8220; box_shadow_spread=&#8220;0px&#8220; box_shadow_position=&#8220;inner&#8220; box_shadow_color=&#8220;rgba(0,0,0,0.1)&#8220; box_shadow_style=&#8220;preset6&#8243;][et_pb_slide background_image=&#8220;https:\/\/www.stz-fr.de\/cms\/wp-content\/uploads\/2016\/06\/Top-Motiv-Waage-1500&#215;500.jpg&#8220; background_position=&#8220;default&#8220; background_size=&#8220;default&#8220; background_color=&#8220;#ffffff&#8220; use_bg_overlay=&#8220;off&#8220; use_text_overlay=&#8220;off&#8220; alignment=&#8220;center&#8220; background_layout=&#8220;dark&#8220; allow_player_pause=&#8220;off&#8220; text_border_radius=&#8220;3&#8243; header_font_select=&#8220;default&#8220; header_font=&#8220;||||&#8220; body_font_select=&#8220;default&#8220; body_font=&#8220;||||&#8220; custom_button=&#8220;off&#8220; button_font_select=&#8220;default&#8220; button_font=&#8220;||||&#8220; button_use_icon=&#8220;default&#8220; button_icon_placement=&#8220;right&#8220; button_on_hover=&#8220;on&#8220;] [\/et_pb_slide][\/et_pb_fullwidth_slider][\/et_pb_section][et_pb_section bb_built=&#8220;1&#8243; admin_label=&#8220;section&#8220; prev_background_color=&#8220;#000000&#8243;][et_pb_row background_position=&#8220;top_left&#8220; background_repeat=&#8220;repeat&#8220; background_size=&#8220;initial&#8220;][et_pb_column type=&#8220;4_4&#8243;][et_pb_text admin_label=&#8220;Headline TUMORKACHEXIE&#8220; background_layout=&#8220;light&#8220; text_orientation=&#8220;justified&#8220; use_border_color=&#8220;off&#8220; background_position=&#8220;top_left&#8220; background_repeat=&#8220;repeat&#8220; background_size=&#8220;initial&#8220; _builder_version=&#8220;3.0.106&#8243;]<\/p>\n<h1><span style=\"color: #50a000;\">TUMORKACHEXIE \u2013 GEWICHTSVERLUST BEI KREBS<br \/>\n <\/span><\/h1>\n<p>[\/et_pb_text][et_pb_text background_layout=&#8220;light&#8220; text_orientation=&#8220;justified&#8220; use_border_color=&#8220;off&#8220; background_position=&#8220;top_left&#8220; background_repeat=&#8220;repeat&#8220; background_size=&#8220;initial&#8220; _builder_version=&#8220;3.0.106&#8243;]<\/p>\n<p style=\"text-align: left;\">Tumorkachexie ist ein bekanntes Begleitsymptom bei Krebserkrankungen, von dem viele Krebspatienten betroffen sind. In der Fachsprache ist der Begriff &#8222;Kachexie&#8220; abgeleitet aus dem Griechischen: kakos = schlecht und hexis = Zustand. Patienten mit Tumoren der Bauchspeicheldr\u00fcse und des Magens sind h\u00e4ufig bereits schon zum Diagnosezeitpunk betroffen. Im Wesentlichen handelt es sich dabei um eine durch die Krebserkrankung verursachte Stoffwechselst\u00f6rung, die zu Gewichtsverlust und Abmagerung, zu Appetitlosigkeit, Abgeschlagenheit und einer deutichen Verminderung der k\u00f6rperlichen Leistungsf\u00e4higkeit f\u00fchrt. Auf psychologischer Seite sind es vor allem Hilf- und Mutlosigkeit, fehlender Antrieb und Depressionen, die wiederum eine erhebliche Beeintr\u00e4chtigung der Lebensqualit\u00e4t mit sich bringen k\u00f6nnen.<\/p>\n<p>[\/et_pb_text][\/et_pb_column][\/et_pb_row][et_pb_row background_position=&#8220;top_left&#8220; background_repeat=&#8220;repeat&#8220; background_size=&#8220;initial&#8220;][et_pb_column type=&#8220;1_3&#8243;][et_pb_image show_in_lightbox=&#8220;off&#8220; url_new_window=&#8220;off&#8220; use_overlay=&#8220;off&#8220; animation=&#8220;off&#8220; sticky=&#8220;off&#8220; align=&#8220;left&#8220; force_fullwidth=&#8220;off&#8220; always_center_on_mobile=&#8220;on&#8220; use_border_color=&#8220;off&#8220; border_color=&#8220;#ffffff&#8220; border_style=&#8220;solid&#8220; src=&#8220;https:\/\/www.stz-fr.de\/cms\/wp-content\/uploads\/2017\/05\/Motiv-Content-800&#215;600-KachexieWaageFuesse.jpg&#8220; animation_style=&#8220;none&#8220; animation_duration=&#8220;1000ms&#8220; animation_intensity_slide=&#8220;50%&#8220; show_bottom_space=&#8220;on&#8220; \/][\/et_pb_column][et_pb_column type=&#8220;2_3&#8243;][et_pb_text background_layout=&#8220;light&#8220; text_orientation=&#8220;justified&#8220; use_border_color=&#8220;off&#8220; background_position=&#8220;top_left&#8220; background_repeat=&#8220;repeat&#8220; background_size=&#8220;initial&#8220; _builder_version=&#8220;3.0.106&#8243;]<\/p>\n<h3><span style=\"color: #50a000;\">WISSEN WER UND WAS WEITERHILFT<br \/>\n <\/span><\/h3>\n<p>[spacer height=&#8220;15px&#8220;]<\/p>\n<p style=\"text-align: left;\">Zur Linderung der Kachexie-Symptomatik gibt es eine Reihe von Behandlungsm\u00f6glichkeiten: Diese reichen von appetitanregenden Medikationen z.B. mit kortisonhaltigen oder hormonellen Substanzen bis hin zu unterst\u00fctzenden Ma\u00dfnahmen in Form von Ern\u00e4h\u00adrungsberatung, individuellen Konzepten mit hochkalorischer Ern\u00e4hrung, gezieltem k\u00f6rperlichem Training und psychologischer Unterst\u00fctzung bei Stress-, Angst- und Depressionssymptomen.<\/p>\n<p style=\"text-align: left;\">Wir helfen Ihnen dabei, all diese M\u00f6glichkeiten auszuloten, indem wir Ihnen Anlauf\u00adstellen in der n\u00e4heren Umgebung aufzeigen: Von spezialisierten Ern\u00e4hrungsberatungen und Physiotherapeuten bis hin zu Sozialmedizinern und psycho-onkologischen Fachpraxen. Gerne sind wir Ihnen dabei auch organisatorisch bei den entsprechenden Termin- und Therapieabsprachen behilflich.<\/p>\n<p>[\/et_pb_text][\/et_pb_column][\/et_pb_row][\/et_pb_section]<\/p>\n","protected":false},"excerpt":{"rendered":"<p>TUMORKACHEXIE \u2013 GEWICHTSVERLUST BEI KREBS Tumorkachexie ist ein bekanntes Begleitsymptom bei Krebserkrankungen, von dem viele Krebspatienten betroffen sind. In der Fachsprache ist der Begriff &#8222;Kachexie&#8220; abgeleitet aus dem Griechischen: kakos = schlecht und hexis = Zustand. Patienten mit Tumoren der Bauchspeicheldr\u00fcse und des Magens sind h\u00e4ufig bereits schon zum Diagnosezeitpunk betroffen. Im Wesentlichen handelt es [&hellip;]<\/p>\n","protected":false},"author":1,"featured_media":0,"parent":915,"menu_order":7,"comment_status":"closed","ping_status":"closed","template":"","meta":{"_et_pb_use_builder":"on","_et_pb_old_content":"","_et_gb_content_width":"","footnotes":""},"class_list":["post-927","page","type-page","status-publish","hentry"],"_links":{"self":[{"href":"https:\/\/www.stz-fr.de\/cms\/wp-json\/wp\/v2\/pages\/927","targetHints":{"allow":["GET"]}}],"collection":[{"href":"https:\/\/www.stz-fr.de\/cms\/wp-json\/wp\/v2\/pages"}],"about":[{"href":"https:\/\/www.stz-fr.de\/cms\/wp-json\/wp\/v2\/types\/page"}],"author":[{"embeddable":true,"href":"https:\/\/www.stz-fr.de\/cms\/wp-json\/wp\/v2\/users\/1"}],"replies":[{"embeddable":true,"href":"https:\/\/www.stz-fr.de\/cms\/wp-json\/wp\/v2\/comments?post=927"}],"version-history":[{"count":0,"href":"https:\/\/www.stz-fr.de\/cms\/wp-json\/wp\/v2\/pages\/927\/revisions"}],"up":[{"embeddable":true,"href":"https:\/\/www.stz-fr.de\/cms\/wp-json\/wp\/v2\/pages\/915"}],"wp:attachment":[{"href":"https:\/\/www.stz-fr.de\/cms\/wp-json\/wp\/v2\/media?parent=927"}],"curies":[{"name":"wp","href":"https:\/\/api.w.org\/{rel}","templated":true}]}}