{"id":952,"date":"2016-06-03T11:24:08","date_gmt":"2016-06-03T09:24:08","guid":{"rendered":"http:\/\/k-stz.beebox.de\/cms\/behandlungsangebot\/pflegeambulanz\/tumorfatigue\/"},"modified":"2018-03-16T13:43:04","modified_gmt":"2018-03-16T12:43:04","slug":"fatigue","status":"publish","type":"page","link":"https:\/\/www.stz-fr.de\/cms\/behandlungsangebot\/pflegeambulanz\/fatigue\/","title":{"rendered":"Tumor-Fatigue"},"content":{"rendered":"<p>[et_pb_section bb_built=&#8220;1&#8243; fullwidth=&#8220;on&#8220; specialty=&#8220;off&#8220; next_background_color=&#8220;#000000&#8243;][et_pb_fullwidth_slider show_arrows=&#8220;on&#8220; show_pagination=&#8220;on&#8220; auto=&#8220;off&#8220; auto_ignore_hover=&#8220;off&#8220; parallax=&#8220;off&#8220; parallax_method=&#8220;off&#8220; remove_inner_shadow=&#8220;off&#8220; background_position=&#8220;default&#8220; background_size=&#8220;default&#8220; hide_content_on_mobile=&#8220;off&#8220; hide_cta_on_mobile=&#8220;off&#8220; show_image_video_mobile=&#8220;off&#8220; custom_button=&#8220;off&#8220; button_letter_spacing=&#8220;0&#8243; button_use_icon=&#8220;default&#8220; button_icon_placement=&#8220;right&#8220; button_on_hover=&#8220;on&#8220; button_letter_spacing_hover=&#8220;0&#8243; module_id=&#8220;bbxTopmotiv400&#8243; custom_padding=&#8220;|||&#8220; custom_padding_tablet=&#8220;|||&#8220; custom_padding_phone=&#8220;|||&#8220; show_inner_shadow=&#8220;on&#8220; show_content_on_mobile=&#8220;on&#8220; show_cta_on_mobile=&#8220;on&#8220; box_shadow_horizontal=&#8220;0px&#8220; box_shadow_vertical=&#8220;0px&#8220; box_shadow_blur=&#8220;10px&#8220; box_shadow_spread=&#8220;0px&#8220; box_shadow_position=&#8220;inner&#8220; box_shadow_color=&#8220;rgba(0,0,0,0.1)&#8220; box_shadow_style=&#8220;preset6&#8243;][et_pb_slide background_image=&#8220;https:\/\/www.stz-fr.de\/cms\/wp-content\/uploads\/2017\/05\/Top-Motiv-FatigueMohnbluete-1920&#215;640.jpg&#8220; background_position=&#8220;default&#8220; background_size=&#8220;default&#8220; background_color=&#8220;#ffffff&#8220; use_bg_overlay=&#8220;off&#8220; use_text_overlay=&#8220;off&#8220; alignment=&#8220;center&#8220; background_layout=&#8220;dark&#8220; allow_player_pause=&#8220;off&#8220; text_border_radius=&#8220;3&#8243; header_font_select=&#8220;default&#8220; header_font=&#8220;||||&#8220; body_font_select=&#8220;default&#8220; body_font=&#8220;||||&#8220; custom_button=&#8220;off&#8220; button_font_select=&#8220;default&#8220; button_font=&#8220;||||&#8220; button_use_icon=&#8220;default&#8220; button_icon_placement=&#8220;right&#8220; button_on_hover=&#8220;on&#8220; \/][\/et_pb_fullwidth_slider][\/et_pb_section][et_pb_section bb_built=&#8220;1&#8243; admin_label=&#8220;section&#8220; prev_background_color=&#8220;#000000&#8243;][et_pb_row background_position=&#8220;top_left&#8220; background_repeat=&#8220;repeat&#8220; background_size=&#8220;initial&#8220;][et_pb_column type=&#8220;4_4&#8243;][et_pb_text admin_label=&#8220;Headline TUMOR-FATIGUE&#8220; background_layout=&#8220;light&#8220; text_orientation=&#8220;justified&#8220; use_border_color=&#8220;off&#8220; background_position=&#8220;top_left&#8220; background_repeat=&#8220;repeat&#8220; background_size=&#8220;initial&#8220; _builder_version=&#8220;3.0.106&#8243;]<\/p>\n<h1><span style=\"color: #50a000;\">ANHALTENDE ERSCH\u00d6PFUNG \u2013 TUMOR-FATIGUE <\/span><\/h1>\n<p>[\/et_pb_text][\/et_pb_column][\/et_pb_row][et_pb_row background_position=&#8220;top_left&#8220; background_repeat=&#8220;repeat&#8220; background_size=&#8220;initial&#8220;][et_pb_column type=&#8220;1_2&#8243;][et_pb_text background_layout=&#8220;light&#8220; text_orientation=&#8220;justified&#8220; use_border_color=&#8220;off&#8220; background_position=&#8220;top_left&#8220; background_repeat=&#8220;repeat&#8220; background_size=&#8220;initial&#8220; _builder_version=&#8220;3.0.106&#8243;]<\/p>\n<p style=\"text-align: left;\"><strong>W\u00e4hrend oder nach einer Krebstherapie gibt es eine h\u00e4ufig auftretende Begleitsymptomatik, die sogenannte Tumor-Fatigue, von der ca. 95% aller Patienten betroffen sind.<\/strong><\/p>\n<p style=\"text-align: left;\">&#8222;Fatigue&#8220; (sprich: fatiig) ist das franz\u00f6sische Wort f\u00fcr M\u00fcdigkeit, Ermattung, Angegriffenheit. Hierbei ist jedoch eine M\u00fcdigkeit gemeint, die nicht auf Schlafmangel zur\u00fcckzuf\u00fchren ist und auch nicht durch zus\u00e4tzlichen Schlaf ausgeglichen werden kann. Dieser\u00a0 M\u00fcdigkeitszustand ist eher chronisch und kann die einfachsten allt\u00e4glichen Aufgaben zur Schwierigkeit machen.<\/p>\n<p>&nbsp;<\/p>\n<p>[\/et_pb_text][\/et_pb_column][et_pb_column type=&#8220;1_2&#8243;][et_pb_text background_layout=&#8220;light&#8220; text_orientation=&#8220;justified&#8220; use_border_color=&#8220;off&#8220; background_position=&#8220;top_left&#8220; background_repeat=&#8220;repeat&#8220; background_size=&#8220;initial&#8220; _builder_version=&#8220;3.0.106&#8243;]<\/p>\n<p style=\"text-align: left;\">Zus\u00e4tzlich zu diesen \u2013 eher k\u00f6rperlich empfundenen \u2013 Beschwerden kann es auch zu einer psychischen Ersch\u00f6pfung kommen, die sich in verschiedenen Symptomen \u00e4ussern kann wie: Ged\u00e4chtnis- und Konzentrationsschw\u00e4chen, Antriebs- und Lustlosigkeit, bis hin zur Niedergeschlagenheit und Depression. Eine Tumor-Fatigue ist nicht berechenbar, sie kann zu jedem Zeitpunkt der Erkrankung auftreten und unterschiedlich lange anhalten. Bei vielen Patienten vergeht sie nach einiger Zeit von selbst, andere hingegen k\u00f6nnen jahrelang darunter leiden.<\/p>\n<p>&nbsp;<\/p>\n<p>[\/et_pb_text][\/et_pb_column][\/et_pb_row][et_pb_row background_position=&#8220;top_left&#8220; background_repeat=&#8220;repeat&#8220; background_size=&#8220;initial&#8220; _builder_version=&#8220;3.0.106&#8243; custom_padding=&#8220;0px|0px|0px|&#8220; custom_padding_last_edited=&#8220;on|&#8220;][et_pb_column type=&#8220;1_3&#8243;][et_pb_image show_in_lightbox=&#8220;off&#8220; url_new_window=&#8220;off&#8220; use_overlay=&#8220;off&#8220; animation=&#8220;off&#8220; sticky=&#8220;off&#8220; align=&#8220;left&#8220; force_fullwidth=&#8220;off&#8220; always_center_on_mobile=&#8220;on&#8220; use_border_color=&#8220;off&#8220; border_color=&#8220;#ffffff&#8220; border_style=&#8220;solid&#8220; src=&#8220;https:\/\/www.stz-fr.de\/cms\/wp-content\/uploads\/2017\/05\/Motiv-Content-800&#215;600-FatigueMannSchlafendStuhl.jpg&#8220; animation_style=&#8220;none&#8220; animation_duration=&#8220;1000ms&#8220; animation_intensity_slide=&#8220;50%&#8220; show_bottom_space=&#8220;on&#8220; \/][\/et_pb_column][et_pb_column type=&#8220;2_3&#8243;][et_pb_text background_layout=&#8220;light&#8220; text_orientation=&#8220;justified&#8220; use_border_color=&#8220;off&#8220; background_position=&#8220;top_left&#8220; background_repeat=&#8220;repeat&#8220; background_size=&#8220;initial&#8220; _builder_version=&#8220;3.0.106&#8243;]<\/p>\n<p style=\"text-align: left;\"><strong>Die Ursachen einer Tumor-Fatigue sind meist sehr vielschichtig. Sie kann durch Begleiterkrankungen wie Schmerzen, \u00c4ngste, Schlafst\u00f6rungen oder medikament\u00f6sen Nebenwirkungen hervorgerufen werden.<\/strong><\/p>\n<p style=\"text-align: left;\">Ebenso vielseitig sind jedoch auch die Therapiemethoden, die sich bisher \u2013 auch aus wissenschaftlicher Sicht \u2013 bew\u00e4hrt haben: <br \/>\n Neben einer Auskurierung der m\u00f6glichen Begleiterkrankungen sind dies z.B. gezielte k\u00f6rperliche Aktivit\u00e4ten oder verschiedene Formen der Psychotherapie. Wir helfen Ihnen, die richtigen Ansprechpartner f\u00fcr Ihre Therapie zu finden.<\/p>\n<p style=\"text-align: left;\">Es gibt in und um Freiburg zahlreiche Beratungsstellen und spezialisierte Therapieangebote, die wir Ihnen \u2013 nat\u00fcrlich inklusive Terminabsprache \u2013 vermitteln k\u00f6nnen.<\/p>\n<p>&nbsp;<\/p>\n<p>[\/et_pb_text][\/et_pb_column][\/et_pb_row][et_pb_row background_position=&#8220;top_left&#8220; background_repeat=&#8220;repeat&#8220; background_size=&#8220;initial&#8220; _builder_version=&#8220;3.0.106&#8243; custom_padding=&#8220;0px||0px|&#8220; custom_padding_last_edited=&#8220;on|desktop&#8220;][et_pb_column type=&#8220;1_3&#8243;][\/et_pb_column][et_pb_column type=&#8220;1_3&#8243;][et_pb_button admin_label=&#8220;Taste Zu unserer Patienten-Bibliothek&#8220; _builder_version=&#8220;3.0.106&#8243; button_text=&#8220;Zu unserer Patienten-Bibliothek&#8220; button_url=&#8220;\/cms\/behandlungsangebot\/pflegeambulanz\/patientenbibliothek\/&#8220; url_new_window=&#8220;off&#8220; button_alignment=&#8220;left&#8220; background_layout=&#8220;light&#8220; custom_button=&#8220;on&#8220; button_icon_placement=&#8220;right&#8220; button_text_size=&#8220;16&#8243; button_text_color=&#8220;#50a000&#8243; button_bg_color=&#8220;#ffffff&#8220; button_border_radius=&#8220;5&#8243; button_icon=&#8220;%%36%%&#8220; button_icon_color=&#8220;#ffffff&#8220; button_text_color_hover=&#8220;#ffffff&#8220; button_bg_color_hover=&#8220;#50a000&#8243; button_border_radius_hover=&#8220;5&#8243; saved_tabs=&#8220;all&#8220; button_border_width=&#8220;1&#8243; \/][et_pb_text _builder_version=&#8220;3.0.106&#8243; background_layout=&#8220;light&#8220;]<\/p>\n<p style=\"text-align: left;\">Hier finden Sie hilfreiche Literatur.<\/p>\n<p>[\/et_pb_text][\/et_pb_column][et_pb_column type=&#8220;1_3&#8243;][et_pb_button admin_label=&#8220;Taste Lassen Sie sich beraten&#8220; _builder_version=&#8220;3.0.106&#8243; button_text=&#8220;Lassen Sie sich beraten&#8220; button_url=&#8220;\/cms\/kontakt\/hier-erreichen-sie-uns\/&#8220; url_new_window=&#8220;off&#8220; button_alignment=&#8220;left&#8220; background_layout=&#8220;light&#8220; custom_button=&#8220;on&#8220; button_icon_placement=&#8220;right&#8220; button_text_size=&#8220;16&#8243; button_text_color=&#8220;#50a000&#8243; button_bg_color=&#8220;#ffffff&#8220; button_border_radius=&#8220;5&#8243; button_icon=&#8220;%%36%%&#8220; button_icon_color=&#8220;#ffffff&#8220; button_text_color_hover=&#8220;#ffffff&#8220; button_bg_color_hover=&#8220;#50a000&#8243; button_border_radius_hover=&#8220;5&#8243; saved_tabs=&#8220;all&#8220; button_border_width=&#8220;1&#8243; \/][et_pb_text _builder_version=&#8220;3.0.106&#8243; background_layout=&#8220;light&#8220;]<\/p>\n<p style=\"text-align: left;\">Wir helfen Ihnen gerne weiter.<\/p>\n<p>[\/et_pb_text][\/et_pb_column][\/et_pb_row][\/et_pb_section]<\/p>\n","protected":false},"excerpt":{"rendered":"<p>ANHALTENDE ERSCH\u00d6PFUNG \u2013 TUMOR-FATIGUE W\u00e4hrend oder nach einer Krebstherapie gibt es eine h\u00e4ufig auftretende Begleitsymptomatik, die sogenannte Tumor-Fatigue, von der ca. 95% aller Patienten betroffen sind. &#8222;Fatigue&#8220; (sprich: fatiig) ist das franz\u00f6sische Wort f\u00fcr M\u00fcdigkeit, Ermattung, Angegriffenheit. Hierbei ist jedoch eine M\u00fcdigkeit gemeint, die nicht auf Schlafmangel zur\u00fcckzuf\u00fchren ist und auch nicht durch zus\u00e4tzlichen Schlaf [&hellip;]<\/p>\n","protected":false},"author":1,"featured_media":0,"parent":915,"menu_order":8,"comment_status":"closed","ping_status":"closed","template":"","meta":{"_et_pb_use_builder":"on","_et_pb_old_content":"","_et_gb_content_width":"","footnotes":""},"class_list":["post-952","page","type-page","status-publish","hentry"],"_links":{"self":[{"href":"https:\/\/www.stz-fr.de\/cms\/wp-json\/wp\/v2\/pages\/952","targetHints":{"allow":["GET"]}}],"collection":[{"href":"https:\/\/www.stz-fr.de\/cms\/wp-json\/wp\/v2\/pages"}],"about":[{"href":"https:\/\/www.stz-fr.de\/cms\/wp-json\/wp\/v2\/types\/page"}],"author":[{"embeddable":true,"href":"https:\/\/www.stz-fr.de\/cms\/wp-json\/wp\/v2\/users\/1"}],"replies":[{"embeddable":true,"href":"https:\/\/www.stz-fr.de\/cms\/wp-json\/wp\/v2\/comments?post=952"}],"version-history":[{"count":0,"href":"https:\/\/www.stz-fr.de\/cms\/wp-json\/wp\/v2\/pages\/952\/revisions"}],"up":[{"embeddable":true,"href":"https:\/\/www.stz-fr.de\/cms\/wp-json\/wp\/v2\/pages\/915"}],"wp:attachment":[{"href":"https:\/\/www.stz-fr.de\/cms\/wp-json\/wp\/v2\/media?parent=952"}],"curies":[{"name":"wp","href":"https:\/\/api.w.org\/{rel}","templated":true}]}}